{"id":18505,"date":"2024-03-01T09:14:04","date_gmt":"2024-03-01T08:14:04","guid":{"rendered":"https:\/\/fonroque.o3creative.fr\/terms-and-conditions-of-sale\/"},"modified":"2025-01-07T14:48:39","modified_gmt":"2025-01-07T13:48:39","slug":"terms-and-conditions-of-sale","status":"publish","type":"page","link":"https:\/\/chateaufonroque.net\/en\/terms-and-conditions-of-sale\/","title":{"rendered":"Conditions of Sale"},"content":{"rendered":"<div class=\"wpb-content-wrapper\"><p>[vc_row css_animation=&#8221;&#8221; row_type=&#8221;row&#8221; use_row_as_full_screen_section=&#8221;no&#8221; type=&#8221;full_width&#8221; angled_section=&#8221;no&#8221; text_align=&#8221;left&#8221; background_image_as_pattern=&#8221;without_pattern&#8221;][vc_column][vc_column_text css=&#8221;&#8221;]<\/p>\n<h2>I. Application of the General Terms and Conditions of Sale (GTCS)<\/h2>\n<p><span style=\"font-family: Times New Roman, serif;\"><span style=\"color: #0e101a;\"><span style=\"font-family: Calibri, serif;\"><span style=\"font-size: small;\"><span lang=\"en-US\">The present conditions apply exclusively to mail-order sales of wines and other products offered by CHATEAU FONROQUE <\/span><\/span><\/span><\/span><strong><span style=\"color: #0e101a;\"><span style=\"font-family: Calibri, serif;\"><span style=\"font-size: small;\"><span lang=\"en-US\">through our Club membership<\/span><\/span><\/span><\/span><\/strong><span style=\"color: #0e101a;\"><span style=\"font-family: Calibri, serif;\"><span style=\"font-size: small;\"><span lang=\"en-US\">. Unless expressly agreed upon in writing between the Parties, such as in commercial offers from CHATEAU FONROQUE, orders are automatically subject to the present general conditions of sale, regardless of any other clauses that may appear on documents completed by the Customer.\u00a0<\/span><\/span><\/span><\/span><\/span><\/p>\n<h2>II. Purchase<\/h2>\n<p align=\"justify\"><span style=\"color: #000000;\"><span style=\"font-family: Calibri, serif;\"><span style=\"font-size: small;\"><span lang=\"en-US\">CHATEAU FONROQUE reserves the right to refuse the benefits of its offers to any individual or legal entity proven to be or represent a professional reseller. CHATEAU FONROQUE reserves the right to cancel or refuse any order from a customer with a dispute concerning a previous order. Offers are valid within the time limits and are subject to stock availability. <\/span><\/span><\/span><\/span><\/p>\n<p align=\"justify\"><span style=\"color: #000000;\"><span style=\"font-family: Calibri, serif;\"><span style=\"font-size: small;\"><span lang=\"en-US\">The quantities suggested by default in the shopping cart can be modified. However, to minimize the risk of breakage during transport, it is recommended to group these products in batches of six (6)\u00a0bottles or multiples of twelve (12) bottles.<\/span><\/span><\/span><\/span><\/p>\n<p><span style=\"color: #000000;\"><span style=\"font-family: Calibri, serif;\"><span style=\"font-size: small;\"><span lang=\"en-US\">Please be aware that products are available in limited stock, and special offers are confidential and time-limited.<\/span><\/span><\/span><\/span><\/p>\n<p align=\"justify\"><span style=\"color: #000000;\"><span style=\"font-family: Calibri, serif;\"><span style=\"font-size: small;\"><span lang=\"en-US\">All orders will only be validated and accepted upon full and simultaneous payment.<\/span><\/span><\/span><\/span><\/p>\n<h2>III. Prices<\/h2>\n<p align=\"justify\"><span style=\"color: #000000;\"><span style=\"font-family: Calibri, serif;\"><span style=\"font-size: small;\"><span lang=\"en-US\">Our prices are quoted and include all taxes, except for Vins Primeurs (also known as Bordeaux Futures), and are applicable in mainland France. These prices are valid during the period mentioned in our commercial offers or quotations. Products will be invoiced based on the current price list at the time the order is placed. <\/span><\/span><\/span><\/span><\/p>\n<h2>IV. Terms of Payment<\/h2>\n<p><span style=\"font-family: Times New Roman, serif;\"><span style=\"color: #0e101a;\"><span style=\"font-family: Calibri, serif;\"><span style=\"font-size: small;\"><span lang=\"en-US\">When Customers pay for their orders on the website, CHATEAU FONROQUE does not have access to their bank details. Payment is made directly to the bank&#8217;s electronic payment solution, which is the Soci\u00e9t\u00e9 G\u00e9n\u00e9rale <\/span><\/span><\/span><\/span><em><span style=\"color: #0e101a;\"><span style=\"font-family: Calibri, serif;\"><span style=\"font-size: small;\"><span lang=\"en-US\">Sogecommerce<\/span><\/span><\/span><\/span><\/em><span style=\"color: #0e101a;\"><span style=\"font-family: Calibri, serif;\"><span style=\"font-size: small;\"><span lang=\"en-US\">\u00a0solution. Payment is made in full by credit card (Carte Bleue, Visa, Mastercard), and the purchase is debited immediately.<\/span><\/span><\/span><\/span><\/span><\/p>\n<p><span style=\"font-family: Times New Roman, serif;\"><span style=\"color: #0e101a;\"><span style=\"font-family: Calibri, serif;\"><span style=\"font-size: small;\"><span lang=\"en-US\">If a payment is declined, the Customer should contact their bank to ensure that their financial accounts function correctly. CHATEAU FONROQUE cannot be held responsible in this situation.<\/span><\/span><\/span><\/span><\/span><\/p>\n<p><span style=\"font-family: Times New Roman, serif;\"><span style=\"color: #0e101a;\"><span style=\"font-family: Calibri, serif;\"><span style=\"font-size: small;\"><span lang=\"en-US\">In the event of non-payment or rejection of payment, the Customer is responsible for late payment interest equal to one and a half times the legal interest rate, in addition to the principal amount due.<\/span><\/span><\/span><\/span><\/span><\/p>\n<p><span style=\"font-family: Times New Roman, serif;\"><span style=\"color: #0e101a;\"><span style=\"font-family: Calibri, serif;\"><span style=\"font-size: small;\"><span lang=\"en-US\">Our products will remain our property until we have received full payment.<\/span><\/span><\/span><\/span><\/span><\/p>\n<h2>V. Delivery and Acceptance<\/h2>\n<p align=\"justify\"><span style=\"color: #000000;\"><span style=\"font-family: Calibri, serif;\"><span style=\"font-size: small;\"><span lang=\"en-US\">Products are delivered to the address indicated by the Customer. In the event of a change of address, the Customer is requested to notify CHATEAU FONROQUE.<\/span><\/span><\/span><\/span><\/p>\n<p align=\"justify\"><span style=\"color: #000000;\"><span style=\"font-family: Calibri, serif;\"><span style=\"font-size: small;\"><span lang=\"en-US\">Delivery of your parcel to the same address. The products on the e-commerce site can only be delivered to the countries indicated on the Club. We will provide a postage cost quotation for all other deliveries that must be approved before dispatch.<\/span><\/span><\/span><\/span><\/p>\n<p align=\"justify\"><span style=\"color: #000000;\"><span style=\"font-family: Calibri, serif;\"><span style=\"font-size: small;\"><span lang=\"en-US\">Standard delivery service. Delivery will take place within 8 to 10 working days of receiving the order. <\/span><\/span><\/span><\/span><\/p>\n<p align=\"justify\"><span style=\"color: #000000;\"><span style=\"font-family: Calibri, serif;\"><span style=\"font-size: small;\"><span lang=\"en-US\">Orders are dispatched Monday to Friday, except on public holidays and days when SCEA ALAIN MOUEIX is closed. Orders placed on weekends, public holidays, or closed days are processed on the next working day. <\/span><\/span><\/span><\/span><\/p>\n<h2><span lang=\"en-US\">VI. Substitution <\/span><\/h2>\n<p align=\"justify\"><span style=\"color: #000000;\"><span style=\"font-family: Calibri, serif;\"><span style=\"font-size: small;\"><span lang=\"en-US\">Some wines are quickly gaining popularity, causing stock shortages. We may need to provide a substitute wine of equal quality and price to ensure customer satisfaction. If this is not possible, we will issue a refund. <\/span><\/span><\/span><\/span><\/p>\n<h2><span lang=\"en-US\">VII. Right of Return <\/span><\/h2>\n<p><span style=\"color: #000000;\"><span style=\"font-family: Calibri, serif;\"><span style=\"font-size: small;\"><span lang=\"en-US\">In accordance with Article L221-18 of the French Consumer Code, Customers have the right to withdraw from their purchase within 14\u00a0days of receiving the order. The deadline is extended to the next working day if the 14-day period ends on a Saturday, Sunday, or public holiday. To exercise this right, Customers must return the products within the aforementioned period in their original, new, and undamaged condition.<\/span><\/span><\/span><\/span><\/p>\n<ul>\n<li><span style=\"color: #000000;\"><span style=\"font-family: Calibri, serif;\"><span style=\"font-size: small;\"><span lang=\"en-US\">Return shipping costs will be borne exclusively by the Customer.<\/span><\/span><\/span><\/span><\/li>\n<li><span style=\"color: #000000;\"><span style=\"font-family: Calibri, serif;\"><span style=\"font-size: small;\"><span lang=\"en-US\">The exchange (subject to availability) or refund will be processed within a maximum of thirty\u00a0(30) days from the date of the Customer\u2019s request.<\/span><\/span><\/span><\/span><\/li>\n<\/ul>\n<p><span style=\"color: #000000;\"><span style=\"font-family: Calibri, serif;\"><span style=\"font-size: small;\"><span lang=\"en-US\">To exercise the right of withdrawal, you must notify us of your decision to withdraw from this contract by means of an unambiguous statement (e.g., a letter sent by post, fax, or e-mail) to Ch\u00e2teau Fonroque, 33 330 Saint Emilion or by e-mail to: <\/span><\/span><\/span><\/span><span style=\"color: #0000ff;\"><u><a href=\"mailto:wineclub@chateaufonroque.com\"><span style=\"font-family: Calibri, serif;\"><span style=\"font-size: small;\"><span lang=\"en-US\">wineclub@chateaufonroque.com<\/span><\/span><\/span><\/a><\/u><\/span><\/p>\n<p>&nbsp;<\/p>\n<p><span style=\"color: #000000;\"><span style=\"font-family: Calibri, serif;\"><span style=\"font-size: small;\"><span lang=\"en-US\">You will find a sample cancellation letter below:<\/span><\/span><\/span><\/span><\/p>\n<p><span style=\"color: #000000;\"><span style=\"font-family: Calibri, serif;\"><span style=\"font-size: small;\"><span lang=\"en-US\"><i>Dear Sir\/Madam,<\/i><\/span><\/span><\/span><\/span><\/p>\n<p><span style=\"color: #000000;\"><span style=\"font-family: Calibri, serif;\"><span style=\"font-size: small;\"><span lang=\"en-US\"><i>I, the undersigned &#8230; (state your full name) acknowledge that I ordered on &#8230; (indicate the date on the order form) the &#8230; (product description), which I received on &#8230; (date).<\/i><\/span><\/span><\/span><\/span><\/p>\n<p><span style=\"color: #000000;\"><span style=\"font-family: Calibri, serif;\"><span style=\"font-size: small;\"><span lang=\"en-US\"><i>I hereby exercise my right of withdrawal in accordance with Article L. 221-18 of the French Consumer Code.<\/i><\/span><\/span><\/span><\/span><\/p>\n<p><span style=\"color: #000000;\"><span style=\"font-family: Calibri, serif;\"><span style=\"font-size: small;\"><span lang=\"en-US\"><i>Consequently, I kindly request the return of the sum of &#8230; euros that I paid for my order within 14 days of receipt of this letter, in compliance with Article L. 221-24 of the French Consumer Code. Thank you in advance.<\/i><\/span><\/span><\/span><\/span><\/p>\n<p><span style=\"color: #000000;\"><span style=\"font-family: Calibri, serif;\"><span style=\"font-size: small;\"><span lang=\"en-US\"><i>Signature <\/i><\/span><\/span><\/span><\/span><\/p>\n<h2>VIII. Personal Data<\/h2>\n<p align=\"justify\"><span style=\"color: #000000;\"><span style=\"font-family: Calibri, serif;\"><span style=\"font-size: small;\"><span lang=\"en-US\">Under Article 27 of the French Data Protection Act no. 78-17 of 6 January 1978, Customers have the right to access, modify, rectify, and delete data concerning them. Customers must visit their accounts and modify their information to exercise this right. The Customer may also exercise this right:<\/span><\/span><\/span><\/span><\/p>\n<p align=\"justify\"><span style=\"color: #000000;\"><span style=\"font-family: Calibri, serif;\"><span style=\"font-size: small;\"><span lang=\"en-US\">&#8211; by e-mail;<\/span><\/span><\/span><\/span><\/p>\n<p align=\"justify\"><span style=\"color: #000000;\"><span style=\"font-family: Calibri, serif;\"><span style=\"font-size: small;\">&#8211; by post:\u00a0 Ch\u00e2teau Fonroque 33 330 Saint Emilion<\/span><\/span><\/span><\/p>\n<p align=\"justify\"><span style=\"color: #000000;\"><span style=\"font-family: Calibri, serif;\"><span style=\"font-size: small;\"><span lang=\"en-US\">The information collected on our website may only be shared externally with the Customer&#8217;s prior consent. It may also be shared to meet legal and regulatory obligations. <\/span><\/span><\/span><\/span><\/p>\n<h2>IX. Protection of Minors<\/h2>\n<p align=\"justify\"><span style=\"color: #000000;\"><span style=\"font-family: Calibri, serif;\"><span style=\"font-size: small;\"><span lang=\"en-US\">Ordinance n\u00b059-107 of 7 January 1959, Law n\u00b074-631 of 5 July 1974, and Article L.3353- 3 of the French public health code prohibit the sale of alcohol to minors. Any Customer ordering wine from CHATEAU FONROQUE undertakes to be at least 18 on the date of the order. <\/span><\/span><\/span><\/span><\/p>\n<h2>X. Copyrights<\/h2>\n<p align=\"justify\"><span style=\"color: #000000;\"><span style=\"font-family: Calibri, serif;\"><span style=\"font-size: small;\"><span lang=\"en-US\">According to French Law no. 98-536 of 1 July 1998, transposing directive 96\/9\/CE of 11 March 1996 concerning the legal protection of databases, CHATEAU FONROQUE is the owner of all or part of the databases making up the present website. All data on this site (text, images, graphics, logos, icons) are protected by copyright and may not be used on other external media without our explicit consent. <\/span><\/span><\/span><\/span><\/p>\n<h2>XI. Legal Information<\/h2>\n<p><span style=\"font-family: Times New Roman, serif;\"><span style=\"color: #000000;\"><span style=\"font-family: Calibri, serif;\"><span style=\"font-size: small;\"><span lang=\"en-US\">Name: CHATEAU FONROQUE<br \/>\nRegistered office:\u00a0 Ch\u00e2teau Fonroque 33 330 Saint Emilion<br \/>\nCommercial Register No.: 331 395 251 RCS LIBOURNE<br \/>\nPhone: + 33 (0) 5 57 24 60 02<br \/>\nE-mail: <\/span><\/span><\/span><\/span><span style=\"color: #0000ff;\"><u><a href=\"mailto:wineclub@chateaufonroque.com\"><span lang=\"en-US\">wineclub@chateaufonroque.com<\/span><\/a><\/u><\/span> <\/span><\/p>\n<p><span style=\"font-family: Times New Roman, serif;\"><span style=\"color: #000000;\"><span style=\"font-family: Calibri, serif;\"><span style=\"font-size: small;\"><span lang=\"en-US\">Legal representative and publication manager: CHG PARTICIPATIONS SAS, Managing Director<br \/>\nLegal form: Civil society (SC in French)<br \/>\nCapital: 9,455,000.00 euros<\/span><\/span><\/span><\/span><\/span><\/p>\n<h2>XII. Liability and Applicable law<\/h2>\n<p align=\"justify\"><span style=\"font-family: Times New Roman, serif;\"><span style=\"color: #000000;\"><span style=\"font-family: Calibri, serif;\"><span style=\"font-size: small;\"><span lang=\"en-US\">CHATEAU FONROQUE reminds you that the abuse of alcohol is dangerous for your health and that it is not responsible for the consequences of its consumption. These general terms and conditions of sale are governed by French law. Contractual information is presented in French. In the event of a dispute, the customer should first contact the Customer Service Department of CHATEAU FONROQUE to find an amicable solution. Should negotiations fail, the court of the registered office of CHATEAU FONROQUE will have sole jurisdiction for any dispute arising from the application of the present general conditions of sale, without excluding any referral by CHATEAU FONROQUE to another competent court. <\/span><\/span><\/span><\/span><\/span><\/p>\n<h2>XIII. Legal Notice<\/h2>\n<p align=\"justify\"><span style=\"font-family: Times New Roman, serif;\"><span style=\"color: #000000;\"><span style=\"font-family: Calibri, serif;\"><span style=\"font-size: small;\"><span lang=\"en-US\">Alcohol abuse is dangerous for your health. Please drink in moderation. <\/span><\/span><\/span><\/span><\/span><\/p>\n<p>[\/vc_column_text][vc_empty_space][\/vc_column][\/vc_row]<\/p>\n<\/div>","protected":false},"excerpt":{"rendered":"<p>[vc_row css_animation=&#8221;&#8221; row_type=&#8221;row&#8221; use_row_as_full_screen_section=&#8221;no&#8221; type=&#8221;full_width&#8221; angled_section=&#8221;no&#8221; text_align=&#8221;left&#8221; background_image_as_pattern=&#8221;without_pattern&#8221;][vc_column][vc_column_text css=&#8221;&#8221;] I. Application of the General Terms and Conditions of Sale (GTCS) The present conditions apply exclusively to mail-order sales of wines and other products offered by CHATEAU FONROQUE through our Club membership. Unless expressly agreed upon&#8230;<\/p>\n","protected":false},"author":5,"featured_media":0,"parent":0,"menu_order":100,"comment_status":"closed","ping_status":"closed","template":"","meta":{"_acf_changed":false,"footnotes":""},"class_list":["post-18505","page","type-page","status-publish","hentry"],"acf":[],"yoast_head":"<!-- This site is optimized with the Yoast SEO plugin v27.1.1 - https:\/\/yoast.com\/product\/yoast-seo-wordpress\/ -->\n<title>Conditions of Sale - Ch\u00e2teau Fonroque<\/title>\n<meta name=\"robots\" content=\"index, follow, max-snippet:-1, max-image-preview:large, max-video-preview:-1\" \/>\n<link rel=\"canonical\" href=\"https:\/\/chateaufonroque.net\/en\/terms-and-conditions-of-sale\/\" \/>\n<meta property=\"og:locale\" content=\"en_US\" \/>\n<meta property=\"og:type\" content=\"article\" \/>\n<meta property=\"og:title\" content=\"Conditions of Sale - Ch\u00e2teau Fonroque\" \/>\n<meta property=\"og:description\" content=\"[vc_row css_animation=&#8221;&#8221; row_type=&#8221;row&#8221; use_row_as_full_screen_section=&#8221;no&#8221; type=&#8221;full_width&#8221; angled_section=&#8221;no&#8221; text_align=&#8221;left&#8221; background_image_as_pattern=&#8221;without_pattern&#8221;][vc_column][vc_column_text css=&#8221;&#8221;] I. Application of the General Terms and Conditions of Sale (GTCS) The present conditions apply exclusively to mail-order sales of wines and other products offered by CHATEAU FONROQUE through our Club membership. Unless expressly agreed upon...\" \/>\n<meta property=\"og:url\" content=\"https:\/\/chateaufonroque.net\/en\/terms-and-conditions-of-sale\/\" \/>\n<meta property=\"og:site_name\" content=\"Ch\u00e2teau Fonroque\" \/>\n<meta property=\"article:modified_time\" content=\"2025-01-07T13:48:39+00:00\" \/>\n<meta property=\"og:image\" content=\"https:\/\/chateaufonroque.net\/wp-content\/uploads\/2024\/06\/Chateau-Fonroque.webp\" \/>\n\t<meta property=\"og:image:width\" content=\"1200\" \/>\n\t<meta property=\"og:image:height\" content=\"675\" \/>\n\t<meta property=\"og:image:type\" content=\"image\/webp\" \/>\n<meta name=\"twitter:card\" content=\"summary_large_image\" \/>\n<meta name=\"twitter:label1\" content=\"Est. reading time\" \/>\n\t<meta name=\"twitter:data1\" content=\"7 minutes\" \/>\n<script type=\"application\/ld+json\" class=\"yoast-schema-graph\">{\"@context\":\"https:\/\/schema.org\",\"@graph\":[{\"@type\":\"WebPage\",\"@id\":\"https:\/\/chateaufonroque.net\/en\/terms-and-conditions-of-sale\/\",\"url\":\"https:\/\/chateaufonroque.net\/en\/terms-and-conditions-of-sale\/\",\"name\":\"Conditions of Sale - Ch\u00e2teau Fonroque\",\"isPartOf\":{\"@id\":\"https:\/\/chateaufonroque.net\/en\/#website\"},\"datePublished\":\"2024-03-01T08:14:04+00:00\",\"dateModified\":\"2025-01-07T13:48:39+00:00\",\"breadcrumb\":{\"@id\":\"https:\/\/chateaufonroque.net\/en\/terms-and-conditions-of-sale\/#breadcrumb\"},\"inLanguage\":\"en-US\",\"potentialAction\":[{\"@type\":\"ReadAction\",\"target\":[\"https:\/\/chateaufonroque.net\/en\/terms-and-conditions-of-sale\/\"]}]},{\"@type\":\"BreadcrumbList\",\"@id\":\"https:\/\/chateaufonroque.net\/en\/terms-and-conditions-of-sale\/#breadcrumb\",\"itemListElement\":[{\"@type\":\"ListItem\",\"position\":1,\"name\":\"Accueil\",\"item\":\"https:\/\/chateaufonroque.net\/en\/\"},{\"@type\":\"ListItem\",\"position\":2,\"name\":\"Conditions of Sale\"}]},{\"@type\":\"WebSite\",\"@id\":\"https:\/\/chateaufonroque.net\/en\/#website\",\"url\":\"https:\/\/chateaufonroque.net\/en\/\",\"name\":\"Ch\u00e2teau Fonroque\",\"description\":\"Grand Cru Class\u00e9 Saint-\u00c9milion\",\"potentialAction\":[{\"@type\":\"SearchAction\",\"target\":{\"@type\":\"EntryPoint\",\"urlTemplate\":\"https:\/\/chateaufonroque.net\/en\/?s={search_term_string}\"},\"query-input\":{\"@type\":\"PropertyValueSpecification\",\"valueRequired\":true,\"valueName\":\"search_term_string\"}}],\"inLanguage\":\"en-US\"}]}<\/script>\n<!-- \/ Yoast SEO plugin. -->","yoast_head_json":{"title":"Conditions of Sale - Ch\u00e2teau Fonroque","robots":{"index":"index","follow":"follow","max-snippet":"max-snippet:-1","max-image-preview":"max-image-preview:large","max-video-preview":"max-video-preview:-1"},"canonical":"https:\/\/chateaufonroque.net\/en\/terms-and-conditions-of-sale\/","og_locale":"en_US","og_type":"article","og_title":"Conditions of Sale - Ch\u00e2teau Fonroque","og_description":"[vc_row css_animation=&#8221;&#8221; row_type=&#8221;row&#8221; use_row_as_full_screen_section=&#8221;no&#8221; type=&#8221;full_width&#8221; angled_section=&#8221;no&#8221; text_align=&#8221;left&#8221; background_image_as_pattern=&#8221;without_pattern&#8221;][vc_column][vc_column_text css=&#8221;&#8221;] I. Application of the General Terms and Conditions of Sale (GTCS) The present conditions apply exclusively to mail-order sales of wines and other products offered by CHATEAU FONROQUE through our Club membership. Unless expressly agreed upon...","og_url":"https:\/\/chateaufonroque.net\/en\/terms-and-conditions-of-sale\/","og_site_name":"Ch\u00e2teau Fonroque","article_modified_time":"2025-01-07T13:48:39+00:00","og_image":[{"width":1200,"height":675,"url":"https:\/\/chateaufonroque.net\/wp-content\/uploads\/2024\/06\/Chateau-Fonroque.webp","type":"image\/webp"}],"twitter_card":"summary_large_image","twitter_misc":{"Est. reading time":"7 minutes"},"schema":{"@context":"https:\/\/schema.org","@graph":[{"@type":"WebPage","@id":"https:\/\/chateaufonroque.net\/en\/terms-and-conditions-of-sale\/","url":"https:\/\/chateaufonroque.net\/en\/terms-and-conditions-of-sale\/","name":"Conditions of Sale - Ch\u00e2teau Fonroque","isPartOf":{"@id":"https:\/\/chateaufonroque.net\/en\/#website"},"datePublished":"2024-03-01T08:14:04+00:00","dateModified":"2025-01-07T13:48:39+00:00","breadcrumb":{"@id":"https:\/\/chateaufonroque.net\/en\/terms-and-conditions-of-sale\/#breadcrumb"},"inLanguage":"en-US","potentialAction":[{"@type":"ReadAction","target":["https:\/\/chateaufonroque.net\/en\/terms-and-conditions-of-sale\/"]}]},{"@type":"BreadcrumbList","@id":"https:\/\/chateaufonroque.net\/en\/terms-and-conditions-of-sale\/#breadcrumb","itemListElement":[{"@type":"ListItem","position":1,"name":"Accueil","item":"https:\/\/chateaufonroque.net\/en\/"},{"@type":"ListItem","position":2,"name":"Conditions of Sale"}]},{"@type":"WebSite","@id":"https:\/\/chateaufonroque.net\/en\/#website","url":"https:\/\/chateaufonroque.net\/en\/","name":"Ch\u00e2teau Fonroque","description":"Grand Cru Class\u00e9 Saint-\u00c9milion","potentialAction":[{"@type":"SearchAction","target":{"@type":"EntryPoint","urlTemplate":"https:\/\/chateaufonroque.net\/en\/?s={search_term_string}"},"query-input":{"@type":"PropertyValueSpecification","valueRequired":true,"valueName":"search_term_string"}}],"inLanguage":"en-US"}]}},"_links":{"self":[{"href":"https:\/\/chateaufonroque.net\/en\/wp-json\/wp\/v2\/pages\/18505","targetHints":{"allow":["GET"]}}],"collection":[{"href":"https:\/\/chateaufonroque.net\/en\/wp-json\/wp\/v2\/pages"}],"about":[{"href":"https:\/\/chateaufonroque.net\/en\/wp-json\/wp\/v2\/types\/page"}],"author":[{"embeddable":true,"href":"https:\/\/chateaufonroque.net\/en\/wp-json\/wp\/v2\/users\/5"}],"replies":[{"embeddable":true,"href":"https:\/\/chateaufonroque.net\/en\/wp-json\/wp\/v2\/comments?post=18505"}],"version-history":[{"count":4,"href":"https:\/\/chateaufonroque.net\/en\/wp-json\/wp\/v2\/pages\/18505\/revisions"}],"predecessor-version":[{"id":19377,"href":"https:\/\/chateaufonroque.net\/en\/wp-json\/wp\/v2\/pages\/18505\/revisions\/19377"}],"wp:attachment":[{"href":"https:\/\/chateaufonroque.net\/en\/wp-json\/wp\/v2\/media?parent=18505"}],"curies":[{"name":"wp","href":"https:\/\/api.w.org\/{rel}","templated":true}]}}