{"id":18426,"date":"2023-12-20T14:17:48","date_gmt":"2023-12-20T13:17:48","guid":{"rendered":"http:\/\/chateaufonroque.net\/chateau-fonroque-2021\/"},"modified":"2023-12-20T14:20:04","modified_gmt":"2023-12-20T13:20:04","slug":"chateau-fonroque-2021","status":"publish","type":"page","link":"https:\/\/chateaufonroque.net\/en\/chateau-fonroque-2021\/","title":{"rendered":"Ch\u00e2teau Fonroque 2021"},"content":{"rendered":"<div class=\"wpb-content-wrapper\"><p>[vc_row css_animation=&#8221;&#8221; row_type=&#8221;row&#8221; use_row_as_full_screen_section=&#8221;no&#8221; type=&#8221;grid&#8221; angled_section=&#8221;no&#8221; text_align=&#8221;left&#8221; background_image_as_pattern=&#8221;without_pattern&#8221; padding_top=&#8221;60&#8243; padding_bottom=&#8221;60&#8243;][vc_column width=&#8221;1\/2&#8243;][vc_single_image image=&#8221;18322&#8243; img_size=&#8221;536&#215;668&#8243; alignment=&#8221;center&#8221; qode_css_animation=&#8221;&#8221; el_class=&#8221;bouteille&#8221;][\/vc_column][vc_column width=&#8221;1\/2&#8243; css=&#8221;.vc_custom_1488293209315{padding-top: 30px !important;padding-right: 30px !important;padding-bottom: 30px !important;padding-left: 30px !important;background-color: #ffffff !important;}&#8221;][vc_empty_space height=&#8221;28px&#8221;][vc_column_text]<\/p>\n<h2>Ch\u00e2teau Fonroque 2021<\/h2>\n<p>[\/vc_column_text][vc_separator type=&#8221;small&#8221; position=&#8221;left&#8221; up=&#8221;7&#8243; down=&#8221;20&#8243;][vc_column_text]<\/p>\n<h4>Consultant Alain Moueix<br \/>\nTechnical director Ludovic Guibert<br \/>\nCommunication Judith Barat<\/h4>\n<p>[\/vc_column_text][vc_empty_space height=&#8221;44px&#8221;][vc_column_text el_class=&#8221;justif&#8221;]<span style=\"color: #deb900;\"><strong>Vintages weather conditions\u00a0<\/strong><\/span><\/p>\n<p>2021 started with a rather cool but extremely humid winter, similar to 2020. The early budburst was steady and consistent. Spring was cold and dry with tem- perature below the average for the season, creating significant frost. Optimum conditions came back at the end of may.<\/p>\n<p>However, between mid june and mid july the unstable weather conditions led to the development of cryptogamic disease.<\/p>\n<p>The dry weather of the four last weeks of august was essential for the ripening. The anthocyanic richness of the skins and the ripening of the tannins were pro- mising. The merlot was harvested first. The chaotic weather since the budburst nibbled a rather important part of the yield, but produced well balanced wines<\/p>\n<p>with a subtle aromatic frame.[\/vc_column_text][vc_empty_space][vc_separator type=&#8221;small&#8221; position=&#8221;left&#8221; up=&#8221;7&#8243; down=&#8221;20&#8243;][vc_row_inner row_type=&#8221;row&#8221; type=&#8221;full_width&#8221; text_align=&#8221;left&#8221; css_animation=&#8221;&#8221;][vc_column_inner width=&#8221;1\/2&#8243;][vc_column_text]<strong>Harvest area*<\/strong>[\/vc_column_text][\/vc_column_inner][vc_column_inner width=&#8221;1\/2&#8243;][vc_column_text]15,97 hectares[\/vc_column_text][\/vc_column_inner][\/vc_row_inner][vc_row_inner row_type=&#8221;row&#8221; type=&#8221;full_width&#8221; text_align=&#8221;left&#8221; css_animation=&#8221;&#8221; padding_bottom=&#8221;30&#8243;][vc_column_inner width=&#8221;1\/2&#8243;][vc_column_text]<strong>Terroir area*<\/strong>[\/vc_column_text][\/vc_column_inner][vc_column_inner width=&#8221;1\/2&#8243;][vc_column_text]Limestone plateau and limestone-clay hillside[\/vc_column_text][\/vc_column_inner][\/vc_row_inner][vc_row_inner row_type=&#8221;row&#8221; type=&#8221;full_width&#8221; text_align=&#8221;left&#8221; css_animation=&#8221;&#8221;][vc_column_inner width=&#8221;1\/2&#8243;][vc_column_text]<strong>Grapes harvested*<\/strong>[\/vc_column_text][\/vc_column_inner][vc_column_inner width=&#8221;1\/2&#8243;][vc_column_text]69 % Merlot &#8211; 31 % Cabernet Franc[\/vc_column_text][\/vc_column_inner][\/vc_row_inner][vc_row_inner row_type=&#8221;row&#8221; type=&#8221;full_width&#8221; text_align=&#8221;left&#8221; css_animation=&#8221;&#8221; padding_bottom=&#8221;30&#8243;][vc_column_inner width=&#8221;1\/2&#8243;][vc_column_text]<strong>Harvest dates<\/strong>[\/vc_column_text][\/vc_column_inner][vc_column_inner width=&#8221;1\/2&#8243;][vc_column_text]28 september to 8 october[\/vc_column_text][\/vc_column_inner][\/vc_row_inner][vc_row_inner row_type=&#8221;row&#8221; type=&#8221;full_width&#8221; text_align=&#8221;left&#8221; css_animation=&#8221;&#8221; padding_bottom=&#8221;30&#8243;][vc_column_inner width=&#8221;1\/2&#8243;][vc_column_text]<strong>Winemaking<\/strong>[\/vc_column_text][\/vc_column_inner][vc_column_inner width=&#8221;1\/2&#8243;][vc_column_text]<\/p>\n<p>Learn more about winemaking[\/vc_column_text][\/vc_column_inner][\/vc_row_inner][vc_row_inner row_type=&#8221;row&#8221; type=&#8221;full_width&#8221; text_align=&#8221;left&#8221; css_animation=&#8221;&#8221; padding_bottom=&#8221;30&#8243;][vc_column_inner width=&#8221;1\/2&#8243;][vc_column_text]<strong>Cultivation methods<\/strong>[\/vc_column_text][\/vc_column_inner][vc_column_inner width=&#8221;1\/2&#8243;][vc_column_text]Estate certified organic since 2006 and biodynamic since 2008 \u2013 member of Biodyvin.<br \/>\n[\/vc_column_text][\/vc_column_inner][\/vc_row_inner][vc_row_inner row_type=&#8221;row&#8221; type=&#8221;full_width&#8221; text_align=&#8221;left&#8221; css_animation=&#8221;&#8221; padding_bottom=&#8221;30&#8243;][vc_column_inner width=&#8221;1\/2&#8243;][vc_column_text]<strong>Maturation<\/strong>[\/vc_column_text][\/vc_column_inner][vc_column_inner width=&#8221;1\/2&#8243;][vc_column_text]30% new barrels and 70% that have contained at least one previous wine[\/vc_column_text][\/vc_column_inner][\/vc_row_inner][vc_row_inner row_type=&#8221;row&#8221; type=&#8221;full_width&#8221; text_align=&#8221;left&#8221; css_animation=&#8221;&#8221;][vc_column_inner width=&#8221;1\/2&#8243;][vc_column_text]<strong>Yield<\/strong>[\/vc_column_text][\/vc_column_inner][vc_column_inner width=&#8221;1\/2&#8243;][vc_column_text]27 hectolitres \/ ha[\/vc_column_text][\/vc_column_inner][\/vc_row_inner][vc_row_inner row_type=&#8221;row&#8221; type=&#8221;full_width&#8221; text_align=&#8221;left&#8221; css_animation=&#8221;&#8221; padding_bottom=&#8221;30&#8243;][vc_column_inner width=&#8221;1\/2&#8243;][vc_column_text]<strong>Production<\/strong>[\/vc_column_text][\/vc_column_inner][vc_column_inner width=&#8221;1\/2&#8243;][vc_column_text]31 700 bottles[\/vc_column_text][\/vc_column_inner][\/vc_row_inner][vc_column_text]<span style=\"font-size: 11px;\"><em>* For this vintage<\/em><\/span>[\/vc_column_text][vc_separator type=&#8221;small&#8221; position=&#8221;left&#8221; up=&#8221;20&#8243; down=&#8221;7&#8243;][vc_empty_space][vc_column_text el_class=&#8221;justif&#8221;]<span style=\"color: #deb900;\"><strong>Tasting notes<\/strong><\/span><\/p>\n<p>[\/vc_column_text][vc_empty_space height=&#8221;52px&#8221;]<span data-type=\"normal\"  class=\"qode_icon_shortcode  q_font_awsome_icon fa-lg pull-center \" style=\" \"><a  itemprop=\"url\" href=\"https:\/\/chateaufonroque.net\/wp-content\/uploads\/2020\/01\/chateau_fonroque_fiche_millesime_2018.pdf\" target=\"_blank\"><i class=\"qode_icon_font_awesome fa fa-download qode_icon_element\" style=\"\" ><\/i><\/a><\/span>[vc_column_text]<\/p>\n<p style=\"text-align: center;\"><a href=\"https:\/\/chateaufonroque.net\/wp-content\/uploads\/2023\/12\/chateau_fonroque-FT2021.pdf\">Download the technical sheet<\/a><\/p>\n<p>[\/vc_column_text][\/vc_column][\/vc_row]<\/p>\n<\/div>","protected":false},"excerpt":{"rendered":"<p>[vc_row css_animation=&#8221;&#8221; row_type=&#8221;row&#8221; use_row_as_full_screen_section=&#8221;no&#8221; type=&#8221;grid&#8221; angled_section=&#8221;no&#8221; text_align=&#8221;left&#8221; background_image_as_pattern=&#8221;without_pattern&#8221; padding_top=&#8221;60&#8243; padding_bottom=&#8221;60&#8243;][vc_column width=&#8221;1\/2&#8243;][vc_single_image image=&#8221;18322&#8243; img_size=&#8221;536&#215;668&#8243; alignment=&#8221;center&#8221; qode_css_animation=&#8221;&#8221; el_class=&#8221;bouteille&#8221;][\/vc_column][vc_column width=&#8221;1\/2&#8243; css=&#8221;.vc_custom_1488293209315{padding-top: 30px !important;padding-right: 30px !important;padding-bottom: 30px !important;padding-left: 30px !important;background-color: #ffffff !important;}&#8221;][vc_empty_space height=&#8221;28px&#8221;][vc_column_text] Ch\u00e2teau Fonroque 2021 [\/vc_column_text][vc_separator type=&#8221;small&#8221; position=&#8221;left&#8221; up=&#8221;7&#8243; down=&#8221;20&#8243;][vc_column_text] Consultant Alain Moueix Technical director Ludovic Guibert Communication&#8230;<\/p>\n","protected":false},"author":6,"featured_media":0,"parent":0,"menu_order":0,"comment_status":"closed","ping_status":"closed","template":"","meta":{"_acf_changed":false,"footnotes":""},"class_list":["post-18426","page","type-page","status-publish","hentry"],"acf":[],"yoast_head":"<!-- This site is optimized with the Yoast SEO plugin v27.1.1 - https:\/\/yoast.com\/product\/yoast-seo-wordpress\/ -->\n<title>Ch\u00e2teau Fonroque 2021 - Ch\u00e2teau Fonroque<\/title>\n<meta name=\"robots\" content=\"index, follow, max-snippet:-1, max-image-preview:large, max-video-preview:-1\" \/>\n<link rel=\"canonical\" href=\"https:\/\/chateaufonroque.net\/en\/chateau-fonroque-2021\/\" \/>\n<meta property=\"og:locale\" content=\"en_US\" \/>\n<meta property=\"og:type\" content=\"article\" \/>\n<meta property=\"og:title\" content=\"Ch\u00e2teau Fonroque 2021 - Ch\u00e2teau Fonroque\" \/>\n<meta property=\"og:description\" content=\"[vc_row css_animation=&#8221;&#8221; row_type=&#8221;row&#8221; use_row_as_full_screen_section=&#8221;no&#8221; type=&#8221;grid&#8221; angled_section=&#8221;no&#8221; text_align=&#8221;left&#8221; background_image_as_pattern=&#8221;without_pattern&#8221; padding_top=&#8221;60&#8243; padding_bottom=&#8221;60&#8243;][vc_column width=&#8221;1\/2&#8243;][vc_single_image image=&#8221;18322&#8243; img_size=&#8221;536&#215;668&#8243; alignment=&#8221;center&#8221; qode_css_animation=&#8221;&#8221; el_class=&#8221;bouteille&#8221;][\/vc_column][vc_column width=&#8221;1\/2&#8243; css=&#8221;.vc_custom_1488293209315{padding-top: 30px !important;padding-right: 30px !important;padding-bottom: 30px !important;padding-left: 30px !important;background-color: #ffffff !important;}&#8221;][vc_empty_space height=&#8221;28px&#8221;][vc_column_text] Ch\u00e2teau Fonroque 2021 [\/vc_column_text][vc_separator type=&#8221;small&#8221; position=&#8221;left&#8221; up=&#8221;7&#8243; down=&#8221;20&#8243;][vc_column_text] Consultant Alain Moueix Technical director Ludovic Guibert Communication...\" \/>\n<meta property=\"og:url\" content=\"https:\/\/chateaufonroque.net\/en\/chateau-fonroque-2021\/\" \/>\n<meta property=\"og:site_name\" content=\"Ch\u00e2teau Fonroque\" \/>\n<meta property=\"article:modified_time\" content=\"2023-12-20T13:20:04+00:00\" \/>\n<meta property=\"og:image\" content=\"https:\/\/chateaufonroque.net\/wp-content\/uploads\/2024\/06\/Chateau-Fonroque.webp\" \/>\n\t<meta property=\"og:image:width\" content=\"1200\" \/>\n\t<meta property=\"og:image:height\" content=\"675\" \/>\n\t<meta property=\"og:image:type\" content=\"image\/webp\" \/>\n<meta name=\"twitter:card\" content=\"summary_large_image\" \/>\n<meta name=\"twitter:label1\" content=\"Est. reading time\" \/>\n\t<meta name=\"twitter:data1\" content=\"2 minutes\" \/>\n<script type=\"application\/ld+json\" class=\"yoast-schema-graph\">{\"@context\":\"https:\/\/schema.org\",\"@graph\":[{\"@type\":\"WebPage\",\"@id\":\"https:\/\/chateaufonroque.net\/en\/chateau-fonroque-2021\/\",\"url\":\"https:\/\/chateaufonroque.net\/en\/chateau-fonroque-2021\/\",\"name\":\"Ch\u00e2teau Fonroque 2021 - Ch\u00e2teau Fonroque\",\"isPartOf\":{\"@id\":\"https:\/\/chateaufonroque.net\/en\/#website\"},\"datePublished\":\"2023-12-20T13:17:48+00:00\",\"dateModified\":\"2023-12-20T13:20:04+00:00\",\"breadcrumb\":{\"@id\":\"https:\/\/chateaufonroque.net\/en\/chateau-fonroque-2021\/#breadcrumb\"},\"inLanguage\":\"en-US\",\"potentialAction\":[{\"@type\":\"ReadAction\",\"target\":[\"https:\/\/chateaufonroque.net\/en\/chateau-fonroque-2021\/\"]}]},{\"@type\":\"BreadcrumbList\",\"@id\":\"https:\/\/chateaufonroque.net\/en\/chateau-fonroque-2021\/#breadcrumb\",\"itemListElement\":[{\"@type\":\"ListItem\",\"position\":1,\"name\":\"Accueil\",\"item\":\"https:\/\/chateaufonroque.net\/en\/\"},{\"@type\":\"ListItem\",\"position\":2,\"name\":\"Ch\u00e2teau Fonroque 2021\"}]},{\"@type\":\"WebSite\",\"@id\":\"https:\/\/chateaufonroque.net\/en\/#website\",\"url\":\"https:\/\/chateaufonroque.net\/en\/\",\"name\":\"Ch\u00e2teau Fonroque\",\"description\":\"Grand Cru Class\u00e9 Saint-\u00c9milion\",\"potentialAction\":[{\"@type\":\"SearchAction\",\"target\":{\"@type\":\"EntryPoint\",\"urlTemplate\":\"https:\/\/chateaufonroque.net\/en\/?s={search_term_string}\"},\"query-input\":{\"@type\":\"PropertyValueSpecification\",\"valueRequired\":true,\"valueName\":\"search_term_string\"}}],\"inLanguage\":\"en-US\"}]}<\/script>\n<!-- \/ Yoast SEO plugin. -->","yoast_head_json":{"title":"Ch\u00e2teau Fonroque 2021 - Ch\u00e2teau Fonroque","robots":{"index":"index","follow":"follow","max-snippet":"max-snippet:-1","max-image-preview":"max-image-preview:large","max-video-preview":"max-video-preview:-1"},"canonical":"https:\/\/chateaufonroque.net\/en\/chateau-fonroque-2021\/","og_locale":"en_US","og_type":"article","og_title":"Ch\u00e2teau Fonroque 2021 - Ch\u00e2teau Fonroque","og_description":"[vc_row css_animation=&#8221;&#8221; row_type=&#8221;row&#8221; use_row_as_full_screen_section=&#8221;no&#8221; type=&#8221;grid&#8221; angled_section=&#8221;no&#8221; text_align=&#8221;left&#8221; background_image_as_pattern=&#8221;without_pattern&#8221; padding_top=&#8221;60&#8243; padding_bottom=&#8221;60&#8243;][vc_column width=&#8221;1\/2&#8243;][vc_single_image image=&#8221;18322&#8243; img_size=&#8221;536&#215;668&#8243; alignment=&#8221;center&#8221; qode_css_animation=&#8221;&#8221; el_class=&#8221;bouteille&#8221;][\/vc_column][vc_column width=&#8221;1\/2&#8243; css=&#8221;.vc_custom_1488293209315{padding-top: 30px !important;padding-right: 30px !important;padding-bottom: 30px !important;padding-left: 30px !important;background-color: #ffffff !important;}&#8221;][vc_empty_space height=&#8221;28px&#8221;][vc_column_text] Ch\u00e2teau Fonroque 2021 [\/vc_column_text][vc_separator type=&#8221;small&#8221; position=&#8221;left&#8221; up=&#8221;7&#8243; down=&#8221;20&#8243;][vc_column_text] Consultant Alain Moueix Technical director Ludovic Guibert Communication...","og_url":"https:\/\/chateaufonroque.net\/en\/chateau-fonroque-2021\/","og_site_name":"Ch\u00e2teau Fonroque","article_modified_time":"2023-12-20T13:20:04+00:00","og_image":[{"width":1200,"height":675,"url":"https:\/\/chateaufonroque.net\/wp-content\/uploads\/2024\/06\/Chateau-Fonroque.webp","type":"image\/webp"}],"twitter_card":"summary_large_image","twitter_misc":{"Est. reading time":"2 minutes"},"schema":{"@context":"https:\/\/schema.org","@graph":[{"@type":"WebPage","@id":"https:\/\/chateaufonroque.net\/en\/chateau-fonroque-2021\/","url":"https:\/\/chateaufonroque.net\/en\/chateau-fonroque-2021\/","name":"Ch\u00e2teau Fonroque 2021 - Ch\u00e2teau Fonroque","isPartOf":{"@id":"https:\/\/chateaufonroque.net\/en\/#website"},"datePublished":"2023-12-20T13:17:48+00:00","dateModified":"2023-12-20T13:20:04+00:00","breadcrumb":{"@id":"https:\/\/chateaufonroque.net\/en\/chateau-fonroque-2021\/#breadcrumb"},"inLanguage":"en-US","potentialAction":[{"@type":"ReadAction","target":["https:\/\/chateaufonroque.net\/en\/chateau-fonroque-2021\/"]}]},{"@type":"BreadcrumbList","@id":"https:\/\/chateaufonroque.net\/en\/chateau-fonroque-2021\/#breadcrumb","itemListElement":[{"@type":"ListItem","position":1,"name":"Accueil","item":"https:\/\/chateaufonroque.net\/en\/"},{"@type":"ListItem","position":2,"name":"Ch\u00e2teau Fonroque 2021"}]},{"@type":"WebSite","@id":"https:\/\/chateaufonroque.net\/en\/#website","url":"https:\/\/chateaufonroque.net\/en\/","name":"Ch\u00e2teau Fonroque","description":"Grand Cru Class\u00e9 Saint-\u00c9milion","potentialAction":[{"@type":"SearchAction","target":{"@type":"EntryPoint","urlTemplate":"https:\/\/chateaufonroque.net\/en\/?s={search_term_string}"},"query-input":{"@type":"PropertyValueSpecification","valueRequired":true,"valueName":"search_term_string"}}],"inLanguage":"en-US"}]}},"_links":{"self":[{"href":"https:\/\/chateaufonroque.net\/en\/wp-json\/wp\/v2\/pages\/18426","targetHints":{"allow":["GET"]}}],"collection":[{"href":"https:\/\/chateaufonroque.net\/en\/wp-json\/wp\/v2\/pages"}],"about":[{"href":"https:\/\/chateaufonroque.net\/en\/wp-json\/wp\/v2\/types\/page"}],"author":[{"embeddable":true,"href":"https:\/\/chateaufonroque.net\/en\/wp-json\/wp\/v2\/users\/6"}],"replies":[{"embeddable":true,"href":"https:\/\/chateaufonroque.net\/en\/wp-json\/wp\/v2\/comments?post=18426"}],"version-history":[{"count":8,"href":"https:\/\/chateaufonroque.net\/en\/wp-json\/wp\/v2\/pages\/18426\/revisions"}],"predecessor-version":[{"id":18434,"href":"https:\/\/chateaufonroque.net\/en\/wp-json\/wp\/v2\/pages\/18426\/revisions\/18434"}],"wp:attachment":[{"href":"https:\/\/chateaufonroque.net\/en\/wp-json\/wp\/v2\/media?parent=18426"}],"curies":[{"name":"wp","href":"https:\/\/api.w.org\/{rel}","templated":true}]}}