{"id":16780,"date":"2021-07-08T18:23:12","date_gmt":"2021-07-08T16:23:12","guid":{"rendered":"http:\/\/chateaufonroque.net\/home\/"},"modified":"2024-06-19T12:48:27","modified_gmt":"2024-06-19T10:48:27","slug":"home","status":"publish","type":"page","link":"https:\/\/chateaufonroque.net\/en\/","title":{"rendered":"Home"},"content":{"rendered":"<div class=\"wpb-content-wrapper\"><p>[vc_row row_type=&#8221;parallax&#8221; parallax_content_width=&#8221;full_width&#8221; text_align=&#8221;center&#8221; full_screen_section_height=&#8221;yes&#8221; vertically_align_content_in_middle=&#8221;yes&#8221; css=&#8221;.vc_custom_1709293630173{background-image: url(https:\/\/chateaufonroque.net\/wp-content\/uploads\/2017\/02\/slide_home_01.jpg?id=14681) !important;background-position: center !important;background-repeat: no-repeat !important;background-size: cover !important;}&#8221; background_image=&#8221;14681&#8243;][vc_column][vc_single_image image=&#8221;16426&#8243; img_size=&#8221;full&#8221; alignment=&#8221;center&#8221; qode_css_animation=&#8221;element_from_fade&#8221; transition_delay=&#8221;0.5&#8243;][\/vc_column][\/vc_row][vc_row css_animation=&#8221;&#8221; row_type=&#8221;row&#8221; use_row_as_full_screen_section=&#8221;no&#8221; type=&#8221;full_width&#8221; angled_section=&#8221;no&#8221; text_align=&#8221;left&#8221; background_image_as_pattern=&#8221;without_pattern&#8221; padding_top=&#8221;120&#8243; padding_bottom=&#8221;80&#8243; css=&#8221;.vc_custom_1605867861011{background-color: #ffffff !important;}&#8221;][vc_column][vc_row_inner row_type=&#8221;row&#8221; type=&#8221;grid&#8221; text_align=&#8221;center&#8221; css_animation=&#8221;&#8221;][vc_column_inner][vc_column_text el_class=&#8221;grey&#8221;]<\/p>\n<p style=\"font-size: 19px; line-height: 36px; margin-bottom: 10px;\"><em>&#8220;The 2016 Fonroque, part of the portfolio of Alain Moueix, put in a killer performance this year. It has a lighter bouquet compared to its peers with dusky black fruit, quite tertiary and introverted at first, although it does gain more expression and vigor with time in the glass. The palate is medium-bodied with supple tannin on the entry, very refined and poised without compensating in terms of fruit. I adore the finish here, really sleek and stylish with very fine mineralit\u00e9 and classicism. Bravo Alain Moueix!&#8221;<\/em><\/p>\n<p><span style=\"color: #deb900;\"><strong>The Wine Advocate by Neal Martin<\/strong><\/span>[\/vc_column_text][\/vc_column_inner][\/vc_row_inner][vc_separator type=&#8221;transparent&#8221; up=&#8221;41&#8243; down=&#8221;0&#8243;][\/vc_column][\/vc_row][vc_row css_animation=&#8221;&#8221; row_type=&#8221;row&#8221; use_row_as_full_screen_section=&#8221;no&#8221; type=&#8221;grid&#8221; angled_section=&#8221;no&#8221; text_align=&#8221;left&#8221; background_image_as_pattern=&#8221;without_pattern&#8221; anchor=&#8221;gallery&#8221; padding_top=&#8221;100&#8243; padding_bottom=&#8221;100&#8243; css=&#8221;.vc_custom_1606468462986{padding-top: 200px !important;padding-bottom: 200px !important;background-image: url(https:\/\/chateaufonroque.net\/wp-content\/uploads\/2020\/11\/bkg_row_home_histoire.jpg?id=16234) !important;}&#8221; z_index=&#8221;&#8221;][vc_column width=&#8221;1\/6&#8243;][\/vc_column][vc_column width=&#8221;2\/3&#8243;][vc_column_text]<\/p>\n<h2 style=\"text-align: center; font-size: 28px; color: #deb900;\">Permanence of a historic viticultural area<\/h2>\n<p>[\/vc_column_text][vc_separator type=&#8221;transparent&#8221; up=&#8221;30&#8243; down=&#8221;0&#8243;][vc_column_text el_class=&#8221;white&#8221;]<\/p>\n<h4 style=\"text-align: center;\">Fonroque estate spreads its 17,6 hectares few hundred metres north west of the village of Saint Emilion. It is divided between a plateau and a west-facing hillside. Ch\u00e2teau fonroque was the first ever Grand Cru Class\u00e9 certified in biodynamics.<\/h4>\n<p>[\/vc_column_text][vc_separator type=&#8221;transparent&#8221; up=&#8221;41&#8243; down=&#8221;0&#8243;][vc_row_inner row_type=&#8221;row&#8221; type=&#8221;full_width&#8221; text_align=&#8221;left&#8221; css_animation=&#8221;&#8221;][vc_column_inner width=&#8221;1\/4&#8243;][vc_column_text]<\/p>\n<p style=\"text-align: center;\"><a  itemprop=\"url\" href=\"https:\/\/chateaufonroque.net\/en\/chateau\/\" target=\"_self\"  class=\"qbutton  small center white default\" style=\"\">Chateau<\/a><\/p>\n<p>[\/vc_column_text][\/vc_column_inner][vc_column_inner width=&#8221;1\/4&#8243;][vc_column_text el_class=&#8221;white&#8221;]<\/p>\n<p style=\"text-align: center;\"><a  itemprop=\"url\" href=\"https:\/\/chateaufonroque.net\/en\/terroir\/\" target=\"_self\"  class=\"qbutton  small center white default\" style=\"\">Terroir<\/a><\/p>\n<p>[\/vc_column_text][\/vc_column_inner][vc_column_inner width=&#8221;1\/4&#8243;][vc_column_text el_class=&#8221;white&#8221;]<\/p>\n<p style=\"text-align: center;\"><a  itemprop=\"url\" href=\"https:\/\/chateaufonroque.net\/en\/vineyards\/\" target=\"_self\"  class=\"qbutton  small center white default\" style=\"\">VINEYARDS<\/a><\/p>\n<p>[\/vc_column_text][\/vc_column_inner][vc_column_inner width=&#8221;1\/4&#8243;][vc_column_text el_class=&#8221;white&#8221;]<\/p>\n<p style=\"text-align: center;\"><a  itemprop=\"url\" href=\"https:\/\/chateaufonroque.net\/en\/team\/\" target=\"_self\"  class=\"qbutton  small center white default\" style=\"\">Team<\/a><\/p>\n<p>[\/vc_column_text][\/vc_column_inner][\/vc_row_inner][\/vc_column][vc_column width=&#8221;1\/6&#8243;][\/vc_column][\/vc_row][vc_row css_animation=&#8221;&#8221; row_type=&#8221;row&#8221; use_row_as_full_screen_section=&#8221;no&#8221; type=&#8221;full_width&#8221; angled_section=&#8221;no&#8221; text_align=&#8221;left&#8221; background_image_as_pattern=&#8221;without_pattern&#8221; css=&#8221;.vc_custom_1605867938739{background-color: #55595c !important;}&#8221;][vc_column width=&#8221;1\/2&#8243;][vc_row_inner row_type=&#8221;row&#8221; type=&#8221;full_width&#8221; text_align=&#8221;left&#8221; css_animation=&#8221;&#8221; background_color=&#8221;#ffffff&#8221; el_class=&#8221;row500&#8243; css=&#8221;.vc_custom_1713280043816{background-image: url(https:\/\/chateaufonroque.net\/wp-content\/uploads\/2024\/04\/bkg_cell_nb_club.jpg?id=18674) !important;}&#8221;][vc_column_inner][\/vc_column_inner][\/vc_row_inner][\/vc_column][vc_column width=&#8221;1\/2&#8243; css=&#8221;.vc_custom_1491227318997{padding-top: 100px !important;padding-right: 70px !important;padding-bottom: 70px !important;padding-left: 70px !important;}&#8221;][vc_column_text css=&#8221;&#8221; el_class=&#8221;white&#8221;]<\/p>\n<h2 style=\"text-align: left;\">The Club<\/h2>\n<p>[\/vc_column_text][vc_separator type=&#8221;transparent&#8221; up=&#8221;30&#8243; down=&#8221;0&#8243;][vc_column_text css=&#8221;&#8221; el_class=&#8221;justifwhite&#8221;]<\/p>\n<div class=\"wpb_text_column wpb_content_element \">\n<div class=\"wpb_wrapper\">\n<p><span class=\"s2\">Join us today<\/span> <span class=\"s2\">and<\/span> <span class=\"s2\">enjoy a privileged experience.<\/span><\/p>\n<\/div>\n<\/div>\n<p>[\/vc_column_text][vc_separator type=&#8221;transparent&#8221; up=&#8221;41&#8243; down=&#8221;0&#8243;]    <div class=\"membership_content \" id=\"\">\n        <\/div>  \n        <div class=\"membership_content \" id=\"\">\n    <a  itemprop=\"url\" href=\"\/en\/club-presentation\/\" target=\"_self\"  class=\"qbutton  small white default\" style=\"margin: 0px 20px 20px 0px; \">Discover the Club<\/a><a  itemprop=\"url\" href=\"\/en\/my-account\/\" target=\"_self\"  class=\"qbutton  small white default\" style=\"\">Log in<\/a>    <\/div>  \n    [\/vc_column][\/vc_row][vc_row css_animation=&#8221;&#8221; row_type=&#8221;row&#8221; use_row_as_full_screen_section=&#8221;no&#8221; type=&#8221;full_width&#8221; angled_section=&#8221;no&#8221; text_align=&#8221;left&#8221; background_image_as_pattern=&#8221;without_pattern&#8221; css=&#8221;.vc_custom_1605867938739{background-color: #55595c !important;}&#8221;][vc_column width=&#8221;1\/2&#8243; css=&#8221;.vc_custom_1491227318997{padding-top: 100px !important;padding-right: 70px !important;padding-bottom: 70px !important;padding-left: 70px !important;}&#8221;][vc_column_text el_class=&#8221;white&#8221;]<\/p>\n<h2 style=\"text-align: left;\">Wines<\/h2>\n<p>[\/vc_column_text][vc_separator type=&#8221;transparent&#8221; up=&#8221;30&#8243; down=&#8221;0&#8243;][vc_column_text el_class=&#8221;justifwhite&#8221;]Composed as one would p<span class=\"Y2IQFc\" lang=\"en\">aintings faithful to the landscapes they set out to reproduce, our wines are <\/span><span class=\"Y2IQFc\" lang=\"en\">the result of work carried out with the fundamental idea of \u200b\u200btheir ultimate destination, people who will consume it. Our goal is energized by this perspective. It irrigates the care granted at each step. <\/span><span class=\"Y2IQFc\" lang=\"en\">Phases of study, research and reflection, picking, vinification, blending, ageing, tasting, must respond to the essential project of promoting high euphoria.<\/span><\/p>\n<p>[\/vc_column_text][vc_separator type=&#8221;transparent&#8221; up=&#8221;41&#8243; down=&#8221;0&#8243;]<a  itemprop=\"url\" href=\"http:\/\/lesvinsdalainmoueix.net\/en\/winemaking\/\" target=\"_blank\"  class=\"qbutton  small white default\" style=\"margin: 0px 20px 20px 0px; \">Winemaking<\/a><a  itemprop=\"url\" href=\"https:\/\/chateaufonroque.net\/en\/wines\/\" target=\"_self\"  class=\"qbutton  small white default\" style=\"\">Technical data sheets<\/a>[\/vc_column][vc_column width=&#8221;1\/2&#8243;][vc_row_inner row_type=&#8221;row&#8221; type=&#8221;full_width&#8221; text_align=&#8221;left&#8221; css_animation=&#8221;&#8221; background_color=&#8221;#ffffff&#8221; el_class=&#8221;row500&#8243; css=&#8221;.vc_custom_1605872013901{background-image: url(https:\/\/chateaufonroque.net\/wp-content\/uploads\/2020\/11\/bkg_cell_vins_6.jpg?id=16181) !important;}&#8221;][vc_column_inner][\/vc_column_inner][\/vc_row_inner][\/vc_column][\/vc_row][vc_row css_animation=&#8221;&#8221; row_type=&#8221;row&#8221; use_row_as_full_screen_section=&#8221;no&#8221; type=&#8221;full_width&#8221; angled_section=&#8221;no&#8221; text_align=&#8221;left&#8221; background_image_as_pattern=&#8221;without_pattern&#8221; css=&#8221;.vc_custom_1486631752735{background-color: #55595c !important;}&#8221;][vc_column width=&#8221;1\/2&#8243;][vc_row_inner row_type=&#8221;row&#8221; type=&#8221;full_width&#8221; text_align=&#8221;left&#8221; css_animation=&#8221;&#8221; el_class=&#8221;row500&#8243; css=&#8221;.vc_custom_1611914393600{background-image: url(https:\/\/chateaufonroque.net\/wp-content\/uploads\/2021\/01\/bkg_cell_lvam_nb.jpg?id=16237) !important;}&#8221;][vc_column_inner][\/vc_column_inner][\/vc_row_inner][\/vc_column][vc_column width=&#8221;1\/2&#8243; css=&#8221;.vc_custom_1605869682676{padding-top: 100px !important;padding-right: 70px !important;padding-bottom: 50px !important;padding-left: 70px !important;background-color: #55595c !important;}&#8221; el_class=&#8221;row500&#8243;][vc_column_text el_class=&#8221;white&#8221;]<\/p>\n<h2 style=\"text-align: left;\">Biodynamics by Alain Moueix<\/h2>\n<p>[\/vc_column_text][vc_separator type=&#8221;transparent&#8221; up=&#8221;20&#8243; down=&#8221;0&#8243;][vc_column_text el_class=&#8221;justifwhite&#8221;]In 2002, the decision to go biodynamic was a break with the norm, an adventure, an intellectual endeavour. Today it is a serene obviousness backed up by study and intuition.[\/vc_column_text][vc_separator type=&#8221;transparent&#8221; up=&#8221;30&#8243; down=&#8221;0&#8243;]<a  itemprop=\"url\" href=\"http:\/\/lesvinsdalainmoueix.net\/en\" target=\"_blank\"  class=\"qbutton  small left white default\" style=\"\">Discover the practice by Alain Moueix<\/a>[\/vc_column][\/vc_row][vc_row css_animation=&#8221;&#8221; row_type=&#8221;row&#8221; use_row_as_full_screen_section=&#8221;no&#8221; type=&#8221;full_width&#8221; angled_section=&#8221;no&#8221; text_align=&#8221;left&#8221; background_image_as_pattern=&#8221;without_pattern&#8221; padding_top=&#8221;100&#8243; padding_bottom=&#8221;100&#8243; css=&#8221;.vc_custom_1605871204415{padding-top: 140px !important;padding-bottom: 140px !important;background-color: #ffffff !important;}&#8221;][vc_column width=&#8221;1\/6&#8243;][\/vc_column][vc_column width=&#8221;2\/3&#8243;][vc_column_text]<\/p>\n<h2 style=\"text-align: center; font-size: 28px; color: #deb900;\">The Rendez Vous<\/h2>\n<p>[\/vc_column_text][vc_separator type=&#8221;transparent&#8221; up=&#8221;30&#8243; down=&#8221;0&#8243;][vc_column_text]<\/p>\n<h4 style=\"text-align: center;\">From the wine lover to the professional, De l\u2019amateur au professionnel, <span class=\"Y2IQFc\" lang=\"en\">potential buyer of our wines or simply curious, everyone is invited here to discover what characterizes our practice.<\/span><\/h4>\n<p>[\/vc_column_text][vc_separator type=&#8221;transparent&#8221; up=&#8221;41&#8243; down=&#8221;0&#8243;][vc_row_inner row_type=&#8221;row&#8221; type=&#8221;full_width&#8221; text_align=&#8221;left&#8221; css_animation=&#8221;&#8221;][vc_column_inner width=&#8221;1\/2&#8243;][vc_column_text]<\/p>\n<p style=\"text-align: right;\"><a  itemprop=\"url\" href=\"https:\/\/chateaufonroque.net\/en\/news\/\" target=\"_self\"  class=\"qbutton  small center default\" style=\"\">News<\/a><\/p>\n<p>[\/vc_column_text][\/vc_column_inner][vc_column_inner width=&#8221;1\/2&#8243;][vc_column_text]<\/p>\n<p style=\"text-align: left;\"><a  itemprop=\"url\" href=\"https:\/\/chateaufonroque.net\/en\/press\/\" target=\"_self\"  class=\"qbutton  small center default\" style=\"\">Press<\/a><\/p>\n<p>[\/vc_column_text][\/vc_column_inner][\/vc_row_inner][\/vc_column][vc_column width=&#8221;1\/6&#8243;][\/vc_column][\/vc_row][vc_row css_animation=&#8221;&#8221; row_type=&#8221;row&#8221; use_row_as_full_screen_section=&#8221;no&#8221; type=&#8221;full_width&#8221; angled_section=&#8221;no&#8221; text_align=&#8221;left&#8221; background_image_as_pattern=&#8221;without_pattern&#8221; anchor=&#8221;gallery&#8221; padding_top=&#8221;100&#8243; padding_bottom=&#8221;100&#8243; css=&#8221;.vc_custom_1605869987196{padding-top: 200px !important;padding-bottom: 150px !important;background-image: url(https:\/\/chateaufonroque.net\/wp-content\/uploads\/2014\/03\/bkg_row.jpg?id=14716) !important;}&#8221;][vc_column width=&#8221;1\/6&#8243;][\/vc_column][vc_column width=&#8221;2\/3&#8243;][vc_column_text]<\/p>\n<h2 style=\"text-align: center; font-size: 28px; color: #deb900;\">Visit Ch\u00e2teau Fonroque<\/h2>\n<p>[\/vc_column_text][vc_separator type=&#8221;transparent&#8221; up=&#8221;30&#8243; down=&#8221;0&#8243;][vc_column_text el_class=&#8221;white&#8221;]<\/p>\n<pre id=\"tw-target-text\" class=\"tw-data-text tw-text-large tw-ta\" dir=\"ltr\" data-placeholder=\"Traduction\"><\/pre>\n<h4 style=\"text-align: center;\">To visit a place is to make physical contact with a space, people , an environment\u00a0 and <span class=\"Y2IQFc\" lang=\"en\">thereby releasing a sensitive knowledge of his subject. At Ch\u00e2teau Fonroque we attach particular importance to the fact of receiving.<\/span><\/h4>\n<p>[\/vc_column_text][vc_separator type=&#8221;transparent&#8221; up=&#8221;41&#8243; down=&#8221;0&#8243;][vc_column_text el_class=&#8221;white&#8221;]<\/p>\n<p style=\"text-align: center;\"><a  itemprop=\"url\" href=\"https:\/\/chateaufonroque.net\/en\/visits-and-tastings\/\" target=\"_self\"  class=\"qbutton  small center white default\" style=\"\">Find out More<\/a><\/p>\n<p>[\/vc_column_text][vc_separator type=&#8221;transparent&#8221; up=&#8221;41&#8243; down=&#8221;0&#8243;][\/vc_column][vc_column width=&#8221;1\/6&#8243;][\/vc_column][\/vc_row]<\/p>\n<\/div>","protected":false},"excerpt":{"rendered":"<p>[vc_row row_type=&#8221;parallax&#8221; parallax_content_width=&#8221;full_width&#8221; text_align=&#8221;center&#8221; full_screen_section_height=&#8221;yes&#8221; vertically_align_content_in_middle=&#8221;yes&#8221; css=&#8221;.vc_custom_1709293630173{background-image: url(https:\/\/chateaufonroque.net\/wp-content\/uploads\/2017\/02\/slide_home_01.jpg?id=14681) !important;background-position: center !important;background-repeat: no-repeat !important;background-size: cover !important;}&#8221; background_image=&#8221;14681&#8243;][vc_column][vc_single_image image=&#8221;16426&#8243; img_size=&#8221;full&#8221; alignment=&#8221;center&#8221; qode_css_animation=&#8221;element_from_fade&#8221; transition_delay=&#8221;0.5&#8243;][\/vc_column][\/vc_row][vc_row css_animation=&#8221;&#8221; row_type=&#8221;row&#8221; use_row_as_full_screen_section=&#8221;no&#8221; type=&#8221;full_width&#8221; angled_section=&#8221;no&#8221; text_align=&#8221;left&#8221; background_image_as_pattern=&#8221;without_pattern&#8221; padding_top=&#8221;120&#8243; padding_bottom=&#8221;80&#8243; css=&#8221;.vc_custom_1605867861011{background-color: #ffffff !important;}&#8221;][vc_column][vc_row_inner row_type=&#8221;row&#8221; type=&#8221;grid&#8221; text_align=&#8221;center&#8221; css_animation=&#8221;&#8221;][vc_column_inner][vc_column_text el_class=&#8221;grey&#8221;] &#8220;The 2016 Fonroque, part of the portfolio&#8230;<\/p>\n","protected":false},"author":1,"featured_media":0,"parent":0,"menu_order":0,"comment_status":"closed","ping_status":"closed","template":"full_width.php","meta":{"_acf_changed":false,"footnotes":""},"class_list":["post-16780","page","type-page","status-publish","hentry"],"acf":[],"yoast_head":"<!-- This site is optimized with the Yoast SEO plugin v27.1.1 - https:\/\/yoast.com\/product\/yoast-seo-wordpress\/ -->\n<title>Home - Ch\u00e2teau Fonroque<\/title>\n<meta name=\"robots\" content=\"index, follow, max-snippet:-1, max-image-preview:large, max-video-preview:-1\" \/>\n<link rel=\"canonical\" href=\"https:\/\/chateaufonroque.net\/en\/\" \/>\n<meta property=\"og:locale\" content=\"en_US\" \/>\n<meta property=\"og:type\" content=\"article\" \/>\n<meta property=\"og:title\" content=\"Home - Ch\u00e2teau Fonroque\" \/>\n<meta property=\"og:description\" content=\"[vc_row row_type=&#8221;parallax&#8221; parallax_content_width=&#8221;full_width&#8221; text_align=&#8221;center&#8221; full_screen_section_height=&#8221;yes&#8221; vertically_align_content_in_middle=&#8221;yes&#8221; css=&#8221;.vc_custom_1709293630173{background-image: url(https:\/\/chateaufonroque.net\/wp-content\/uploads\/2017\/02\/slide_home_01.jpg?id=14681) !important;background-position: center !important;background-repeat: no-repeat !important;background-size: cover !important;}&#8221; background_image=&#8221;14681&#8243;][vc_column][vc_single_image image=&#8221;16426&#8243; img_size=&#8221;full&#8221; alignment=&#8221;center&#8221; qode_css_animation=&#8221;element_from_fade&#8221; transition_delay=&#8221;0.5&#8243;][\/vc_column][\/vc_row][vc_row css_animation=&#8221;&#8221; row_type=&#8221;row&#8221; use_row_as_full_screen_section=&#8221;no&#8221; type=&#8221;full_width&#8221; angled_section=&#8221;no&#8221; text_align=&#8221;left&#8221; background_image_as_pattern=&#8221;without_pattern&#8221; padding_top=&#8221;120&#8243; padding_bottom=&#8221;80&#8243; css=&#8221;.vc_custom_1605867861011{background-color: #ffffff !important;}&#8221;][vc_column][vc_row_inner row_type=&#8221;row&#8221; type=&#8221;grid&#8221; text_align=&#8221;center&#8221; css_animation=&#8221;&#8221;][vc_column_inner][vc_column_text el_class=&#8221;grey&#8221;] &#8220;The 2016 Fonroque, part of the portfolio...\" \/>\n<meta property=\"og:url\" content=\"https:\/\/chateaufonroque.net\/en\/\" \/>\n<meta property=\"og:site_name\" content=\"Ch\u00e2teau Fonroque\" \/>\n<meta property=\"article:modified_time\" content=\"2024-06-19T10:48:27+00:00\" \/>\n<meta property=\"og:image\" content=\"https:\/\/chateaufonroque.net\/wp-content\/uploads\/2024\/06\/Chateau-Fonroque.webp\" \/>\n\t<meta property=\"og:image:width\" content=\"1200\" \/>\n\t<meta property=\"og:image:height\" content=\"675\" \/>\n\t<meta property=\"og:image:type\" content=\"image\/webp\" \/>\n<meta name=\"twitter:card\" content=\"summary_large_image\" \/>\n<meta name=\"twitter:label1\" content=\"Est. reading time\" \/>\n\t<meta name=\"twitter:data1\" content=\"4 minutes\" \/>\n<script type=\"application\/ld+json\" class=\"yoast-schema-graph\">{\"@context\":\"https:\/\/schema.org\",\"@graph\":[{\"@type\":\"WebPage\",\"@id\":\"https:\/\/chateaufonroque.net\/en\/\",\"url\":\"https:\/\/chateaufonroque.net\/en\/\",\"name\":\"Home - Ch\u00e2teau Fonroque\",\"isPartOf\":{\"@id\":\"https:\/\/chateaufonroque.net\/en\/#website\"},\"datePublished\":\"2021-07-08T16:23:12+00:00\",\"dateModified\":\"2024-06-19T10:48:27+00:00\",\"breadcrumb\":{\"@id\":\"https:\/\/chateaufonroque.net\/en\/#breadcrumb\"},\"inLanguage\":\"en-US\",\"potentialAction\":[{\"@type\":\"ReadAction\",\"target\":[\"https:\/\/chateaufonroque.net\/en\/\"]}]},{\"@type\":\"BreadcrumbList\",\"@id\":\"https:\/\/chateaufonroque.net\/en\/#breadcrumb\",\"itemListElement\":[{\"@type\":\"ListItem\",\"position\":1,\"name\":\"Accueil\",\"item\":\"https:\/\/chateaufonroque.net\/en\/\"},{\"@type\":\"ListItem\",\"position\":2,\"name\":\"Home\"}]},{\"@type\":\"WebSite\",\"@id\":\"https:\/\/chateaufonroque.net\/en\/#website\",\"url\":\"https:\/\/chateaufonroque.net\/en\/\",\"name\":\"Ch\u00e2teau Fonroque\",\"description\":\"Grand Cru Class\u00e9 Saint-\u00c9milion\",\"potentialAction\":[{\"@type\":\"SearchAction\",\"target\":{\"@type\":\"EntryPoint\",\"urlTemplate\":\"https:\/\/chateaufonroque.net\/en\/?s={search_term_string}\"},\"query-input\":{\"@type\":\"PropertyValueSpecification\",\"valueRequired\":true,\"valueName\":\"search_term_string\"}}],\"inLanguage\":\"en-US\"}]}<\/script>\n<!-- \/ Yoast SEO plugin. -->","yoast_head_json":{"title":"Home - Ch\u00e2teau Fonroque","robots":{"index":"index","follow":"follow","max-snippet":"max-snippet:-1","max-image-preview":"max-image-preview:large","max-video-preview":"max-video-preview:-1"},"canonical":"https:\/\/chateaufonroque.net\/en\/","og_locale":"en_US","og_type":"article","og_title":"Home - Ch\u00e2teau Fonroque","og_description":"[vc_row row_type=&#8221;parallax&#8221; parallax_content_width=&#8221;full_width&#8221; text_align=&#8221;center&#8221; full_screen_section_height=&#8221;yes&#8221; vertically_align_content_in_middle=&#8221;yes&#8221; css=&#8221;.vc_custom_1709293630173{background-image: url(https:\/\/chateaufonroque.net\/wp-content\/uploads\/2017\/02\/slide_home_01.jpg?id=14681) !important;background-position: center !important;background-repeat: no-repeat !important;background-size: cover !important;}&#8221; background_image=&#8221;14681&#8243;][vc_column][vc_single_image image=&#8221;16426&#8243; img_size=&#8221;full&#8221; alignment=&#8221;center&#8221; qode_css_animation=&#8221;element_from_fade&#8221; transition_delay=&#8221;0.5&#8243;][\/vc_column][\/vc_row][vc_row css_animation=&#8221;&#8221; row_type=&#8221;row&#8221; use_row_as_full_screen_section=&#8221;no&#8221; type=&#8221;full_width&#8221; angled_section=&#8221;no&#8221; text_align=&#8221;left&#8221; background_image_as_pattern=&#8221;without_pattern&#8221; padding_top=&#8221;120&#8243; padding_bottom=&#8221;80&#8243; css=&#8221;.vc_custom_1605867861011{background-color: #ffffff !important;}&#8221;][vc_column][vc_row_inner row_type=&#8221;row&#8221; type=&#8221;grid&#8221; text_align=&#8221;center&#8221; css_animation=&#8221;&#8221;][vc_column_inner][vc_column_text el_class=&#8221;grey&#8221;] &#8220;The 2016 Fonroque, part of the portfolio...","og_url":"https:\/\/chateaufonroque.net\/en\/","og_site_name":"Ch\u00e2teau Fonroque","article_modified_time":"2024-06-19T10:48:27+00:00","og_image":[{"width":1200,"height":675,"url":"https:\/\/chateaufonroque.net\/wp-content\/uploads\/2024\/06\/Chateau-Fonroque.webp","type":"image\/webp"}],"twitter_card":"summary_large_image","twitter_misc":{"Est. reading time":"4 minutes"},"schema":{"@context":"https:\/\/schema.org","@graph":[{"@type":"WebPage","@id":"https:\/\/chateaufonroque.net\/en\/","url":"https:\/\/chateaufonroque.net\/en\/","name":"Home - Ch\u00e2teau Fonroque","isPartOf":{"@id":"https:\/\/chateaufonroque.net\/en\/#website"},"datePublished":"2021-07-08T16:23:12+00:00","dateModified":"2024-06-19T10:48:27+00:00","breadcrumb":{"@id":"https:\/\/chateaufonroque.net\/en\/#breadcrumb"},"inLanguage":"en-US","potentialAction":[{"@type":"ReadAction","target":["https:\/\/chateaufonroque.net\/en\/"]}]},{"@type":"BreadcrumbList","@id":"https:\/\/chateaufonroque.net\/en\/#breadcrumb","itemListElement":[{"@type":"ListItem","position":1,"name":"Accueil","item":"https:\/\/chateaufonroque.net\/en\/"},{"@type":"ListItem","position":2,"name":"Home"}]},{"@type":"WebSite","@id":"https:\/\/chateaufonroque.net\/en\/#website","url":"https:\/\/chateaufonroque.net\/en\/","name":"Ch\u00e2teau Fonroque","description":"Grand Cru Class\u00e9 Saint-\u00c9milion","potentialAction":[{"@type":"SearchAction","target":{"@type":"EntryPoint","urlTemplate":"https:\/\/chateaufonroque.net\/en\/?s={search_term_string}"},"query-input":{"@type":"PropertyValueSpecification","valueRequired":true,"valueName":"search_term_string"}}],"inLanguage":"en-US"}]}},"_links":{"self":[{"href":"https:\/\/chateaufonroque.net\/en\/wp-json\/wp\/v2\/pages\/16780","targetHints":{"allow":["GET"]}}],"collection":[{"href":"https:\/\/chateaufonroque.net\/en\/wp-json\/wp\/v2\/pages"}],"about":[{"href":"https:\/\/chateaufonroque.net\/en\/wp-json\/wp\/v2\/types\/page"}],"author":[{"embeddable":true,"href":"https:\/\/chateaufonroque.net\/en\/wp-json\/wp\/v2\/users\/1"}],"replies":[{"embeddable":true,"href":"https:\/\/chateaufonroque.net\/en\/wp-json\/wp\/v2\/comments?post=16780"}],"version-history":[{"count":13,"href":"https:\/\/chateaufonroque.net\/en\/wp-json\/wp\/v2\/pages\/16780\/revisions"}],"predecessor-version":[{"id":19001,"href":"https:\/\/chateaufonroque.net\/en\/wp-json\/wp\/v2\/pages\/16780\/revisions\/19001"}],"wp:attachment":[{"href":"https:\/\/chateaufonroque.net\/en\/wp-json\/wp\/v2\/media?parent=16780"}],"curies":[{"name":"wp","href":"https:\/\/api.w.org\/{rel}","templated":true}]}}