{"id":16690,"date":"2021-07-08T17:37:30","date_gmt":"2021-07-08T15:37:30","guid":{"rendered":"http:\/\/chateaufonroque.net\/wines\/chateau-fonroque-2015\/"},"modified":"2021-08-16T11:34:05","modified_gmt":"2021-08-16T09:34:05","slug":"chateau-fonroque-2015","status":"publish","type":"page","link":"https:\/\/chateaufonroque.net\/en\/wines\/chateau-fonroque-2015\/","title":{"rendered":"Ch\u00e2teau Fonroque 2015"},"content":{"rendered":"<div class=\"wpb-content-wrapper\"><p>[vc_row css_animation=&#8221;&#8221; row_type=&#8221;row&#8221; use_row_as_full_screen_section=&#8221;no&#8221; type=&#8221;grid&#8221; angled_section=&#8221;no&#8221; text_align=&#8221;left&#8221; background_image_as_pattern=&#8221;without_pattern&#8221; padding_top=&#8221;60&#8243; padding_bottom=&#8221;60&#8243;][vc_column width=&#8221;1\/2&#8243;][vc_single_image image=&#8221;16515&#8243; img_size=&#8221;536&#215;668&#8243; alignment=&#8221;center&#8221; qode_css_animation=&#8221;&#8221; el_class=&#8221;bouteille&#8221;][\/vc_column][vc_column width=&#8221;1\/2&#8243; css=&#8221;.vc_custom_1488293209315{padding-top: 30px !important;padding-right: 30px !important;padding-bottom: 30px !important;padding-left: 30px !important;background-color: #ffffff !important;}&#8221;][vc_empty_space height=&#8221;28px&#8221;][vc_column_text]<\/p>\n<h2>Ch\u00e2teau Fonroque 2015<\/h2>\n<p>[\/vc_column_text][vc_separator type=&#8221;small&#8221; position=&#8221;left&#8221; up=&#8221;7&#8243; down=&#8221;20&#8243;][vc_column_text]<\/p>\n<h4>Run by d&#8217;Alain Moueix<br \/>\nTechnical Director Laurent Nougaro<\/h4>\n<p>[\/vc_column_text][vc_empty_space height=&#8221;44px&#8221;][vc_column_text el_class=&#8221;justif&#8221;]<span style=\"color: #deb900;\"><strong>Vintage weather conditions<\/strong><\/span><\/p>\n<p>2015 saw very clear delineation between the seasons. The rather mild spring arrived in perfect time after a cold, damp winter. A hot and dry June ensured good conditions for flowering. July continued the summer trend, allowing the vines to end their growth early. Finally, the storms of August and September kept this vintage from becoming too sunny, and balanced out the plant development. Harvesting began in mid-September and was completed within a month.[\/vc_column_text][vc_empty_space][vc_separator type=&#8221;small&#8221; position=&#8221;left&#8221; up=&#8221;7&#8243; down=&#8221;20&#8243;][vc_row_inner row_type=&#8221;row&#8221; type=&#8221;full_width&#8221; text_align=&#8221;left&#8221; css_animation=&#8221;&#8221;][vc_column_inner width=&#8221;1\/2&#8243;][vc_column_text]<strong>Harvest area*<\/strong>[\/vc_column_text][\/vc_column_inner][vc_column_inner width=&#8221;1\/2&#8243;][vc_column_text]17,30 hectares[\/vc_column_text][\/vc_column_inner][\/vc_row_inner][vc_row_inner row_type=&#8221;row&#8221; type=&#8221;full_width&#8221; text_align=&#8221;left&#8221; css_animation=&#8221;&#8221; padding_bottom=&#8221;30&#8243;][vc_column_inner width=&#8221;1\/2&#8243;][vc_column_text]<strong>Harvest terroir*<\/strong>[\/vc_column_text][\/vc_column_inner][vc_column_inner width=&#8221;1\/2&#8243;][vc_column_text]Limestone plateau and limestone-clay hillside[\/vc_column_text][\/vc_column_inner][\/vc_row_inner][vc_row_inner row_type=&#8221;row&#8221; type=&#8221;full_width&#8221; text_align=&#8221;left&#8221; css_animation=&#8221;&#8221;][vc_column_inner width=&#8221;1\/2&#8243;][vc_column_text]<strong>Grapes harvested*<\/strong>[\/vc_column_text][\/vc_column_inner][vc_column_inner width=&#8221;1\/2&#8243;][vc_column_text]92,5% Merlot &#8211; 7,5% Cabernet Franc[\/vc_column_text][\/vc_column_inner][\/vc_row_inner][vc_row_inner row_type=&#8221;row&#8221; type=&#8221;full_width&#8221; text_align=&#8221;left&#8221; css_animation=&#8221;&#8221; padding_bottom=&#8221;30&#8243;][vc_column_inner width=&#8221;1\/2&#8243;][vc_column_text]<strong>Harvest dates<\/strong>[\/vc_column_text][\/vc_column_inner][vc_column_inner width=&#8221;1\/2&#8243;][vc_column_text]14 au 28 September[\/vc_column_text][\/vc_column_inner][\/vc_row_inner][vc_row_inner row_type=&#8221;row&#8221; type=&#8221;full_width&#8221; text_align=&#8221;left&#8221; css_animation=&#8221;&#8221; padding_bottom=&#8221;30&#8243;][vc_column_inner width=&#8221;1\/2&#8243;][vc_column_text]<strong>Winemaking<\/strong>[\/vc_column_text][\/vc_column_inner][vc_column_inner width=&#8221;1\/2&#8243;][vc_column_text]<a href=\"#\">Learn more about winemaking<\/a>[\/vc_column_text][\/vc_column_inner][\/vc_row_inner][vc_row_inner row_type=&#8221;row&#8221; type=&#8221;full_width&#8221; text_align=&#8221;left&#8221; css_animation=&#8221;&#8221; padding_bottom=&#8221;30&#8243;][vc_column_inner width=&#8221;1\/2&#8243;][vc_column_text]<strong>Cultivation methods<\/strong>[\/vc_column_text][\/vc_column_inner][vc_column_inner width=&#8221;1\/2&#8243;][vc_column_text]Estate certified organic since 2006 and biodynamic since 2008 \u2013 member of Biodyvin.[\/vc_column_text][\/vc_column_inner][\/vc_row_inner][vc_row_inner row_type=&#8221;row&#8221; type=&#8221;full_width&#8221; text_align=&#8221;left&#8221; css_animation=&#8221;&#8221; padding_bottom=&#8221;30&#8243;][vc_column_inner width=&#8221;1\/2&#8243;][vc_column_text]<strong>Maturation<\/strong>[\/vc_column_text][\/vc_column_inner][vc_column_inner width=&#8221;1\/2&#8243;][vc_column_text]75% barrels and 25% in vats[\/vc_column_text][\/vc_column_inner][\/vc_row_inner][vc_row_inner row_type=&#8221;row&#8221; type=&#8221;full_width&#8221; text_align=&#8221;left&#8221; css_animation=&#8221;&#8221;][vc_column_inner width=&#8221;1\/2&#8243;][vc_column_text]<strong>Yield<\/strong>[\/vc_column_text][\/vc_column_inner][vc_column_inner width=&#8221;1\/2&#8243;][vc_column_text]44 hectolitres \/ ha[\/vc_column_text][\/vc_column_inner][\/vc_row_inner][vc_row_inner row_type=&#8221;row&#8221; type=&#8221;full_width&#8221; text_align=&#8221;left&#8221; css_animation=&#8221;&#8221; padding_bottom=&#8221;30&#8243;][vc_column_inner width=&#8221;1\/2&#8243;][vc_column_text]<strong>Production<\/strong>[\/vc_column_text][\/vc_column_inner][vc_column_inner width=&#8221;1\/2&#8243;][vc_column_text]66.933 bottles[\/vc_column_text][\/vc_column_inner][\/vc_row_inner][vc_column_text]<span style=\"font-size: 11px;\"><em>* For this Vintage.<\/em><\/span>[\/vc_column_text][vc_separator type=&#8221;small&#8221; position=&#8221;left&#8221; up=&#8221;20&#8243; down=&#8221;7&#8243;][vc_empty_space][vc_column_text el_class=&#8221;justif&#8221;]<span style=\"color: #deb900;\"><strong>Tasting notes<\/strong><\/span><\/p>\n<p>The beautifully deep colour heralds a rich wine. Complex on the nose, combining opium, black fruit, violet and fireplace aromas. Juicy, fresh and caressing on the palate. It calls to mind precious silks and fabrics, but also rock and even water from the purest rock sources. The wine offers up notes of blueberry and old rose. Its mineral and saline finish lingers for a very long time.[\/vc_column_text][vc_empty_space][vc_column_text el_class=&#8221;justif&#8221;]<span style=\"color: #deb900;\"><strong>Notes updated by Alain Moueix \u2013 2017<\/strong><\/span><\/p>\n<p><em>\u20182015 was a hot vintage with potentially rather high alcohol levels. At the beginning of the harvest, I had the 2003s in mind. I remembered how those who extracted too much tannin produced heavy, soulless wines, and how excessive oak resulted in dry wines. Memory, vital here as always, sometimes offers a steer with a consistency spread across multiple vintages. The materials were there, we just had to bring them in and reveal their potential without trying to change the face of the vintage.\u2019<\/em>[\/vc_column_text][vc_empty_space height=&#8221;52px&#8221;]<span data-type=\"normal\"  class=\"qode_icon_shortcode  q_font_awsome_icon fa-lg pull-center \" style=\" \"><a  itemprop=\"url\" href=\"https:\/\/chateaufonroque.net\/wp-content\/uploads\/2021\/08\/chateau_fonroque_millesime_2015_en.pdf\" target=\"_blank\"><i class=\"qode_icon_font_awesome fa fa-download qode_icon_element\" style=\"\" ><\/i><\/a><\/span>[vc_column_text]<\/p>\n<p style=\"text-align: center;\"><a href=\"https:\/\/chateaufonroque.net\/wp-content\/uploads\/2021\/08\/chateau_fonroque_millesime_2015_en.pdf\" target=\"_blank\" rel=\"noopener noreferrer\">Download the technical sheet<\/a><\/p>\n<p>[\/vc_column_text][\/vc_column][\/vc_row]<\/p>\n<\/div>","protected":false},"excerpt":{"rendered":"<p>[vc_row css_animation=&#8221;&#8221; row_type=&#8221;row&#8221; use_row_as_full_screen_section=&#8221;no&#8221; type=&#8221;grid&#8221; angled_section=&#8221;no&#8221; text_align=&#8221;left&#8221; background_image_as_pattern=&#8221;without_pattern&#8221; padding_top=&#8221;60&#8243; padding_bottom=&#8221;60&#8243;][vc_column width=&#8221;1\/2&#8243;][vc_single_image image=&#8221;16515&#8243; img_size=&#8221;536&#215;668&#8243; alignment=&#8221;center&#8221; qode_css_animation=&#8221;&#8221; el_class=&#8221;bouteille&#8221;][\/vc_column][vc_column width=&#8221;1\/2&#8243; css=&#8221;.vc_custom_1488293209315{padding-top: 30px !important;padding-right: 30px !important;padding-bottom: 30px !important;padding-left: 30px !important;background-color: #ffffff !important;}&#8221;][vc_empty_space height=&#8221;28px&#8221;][vc_column_text] Ch\u00e2teau Fonroque 2015 [\/vc_column_text][vc_separator type=&#8221;small&#8221; position=&#8221;left&#8221; up=&#8221;7&#8243; down=&#8221;20&#8243;][vc_column_text] Run by d&#8217;Alain Moueix Technical Director Laurent Nougaro&#8230;<\/p>\n","protected":false},"author":1,"featured_media":0,"parent":16667,"menu_order":0,"comment_status":"closed","ping_status":"closed","template":"full_width.php","meta":{"_acf_changed":false,"footnotes":""},"class_list":["post-16690","page","type-page","status-publish","hentry"],"acf":[],"yoast_head":"<!-- This site is optimized with the Yoast SEO plugin v27.1.1 - https:\/\/yoast.com\/product\/yoast-seo-wordpress\/ -->\n<title>Ch\u00e2teau Fonroque 2015 - Ch\u00e2teau Fonroque<\/title>\n<meta name=\"robots\" content=\"index, follow, max-snippet:-1, max-image-preview:large, max-video-preview:-1\" \/>\n<link rel=\"canonical\" href=\"https:\/\/chateaufonroque.net\/en\/wines\/chateau-fonroque-2015\/\" \/>\n<meta property=\"og:locale\" content=\"en_US\" \/>\n<meta property=\"og:type\" content=\"article\" \/>\n<meta property=\"og:title\" content=\"Ch\u00e2teau Fonroque 2015 - Ch\u00e2teau Fonroque\" \/>\n<meta property=\"og:description\" content=\"[vc_row css_animation=&#8221;&#8221; row_type=&#8221;row&#8221; use_row_as_full_screen_section=&#8221;no&#8221; type=&#8221;grid&#8221; angled_section=&#8221;no&#8221; text_align=&#8221;left&#8221; background_image_as_pattern=&#8221;without_pattern&#8221; padding_top=&#8221;60&#8243; padding_bottom=&#8221;60&#8243;][vc_column width=&#8221;1\/2&#8243;][vc_single_image image=&#8221;16515&#8243; img_size=&#8221;536&#215;668&#8243; alignment=&#8221;center&#8221; qode_css_animation=&#8221;&#8221; el_class=&#8221;bouteille&#8221;][\/vc_column][vc_column width=&#8221;1\/2&#8243; css=&#8221;.vc_custom_1488293209315{padding-top: 30px !important;padding-right: 30px !important;padding-bottom: 30px !important;padding-left: 30px !important;background-color: #ffffff !important;}&#8221;][vc_empty_space height=&#8221;28px&#8221;][vc_column_text] Ch\u00e2teau Fonroque 2015 [\/vc_column_text][vc_separator type=&#8221;small&#8221; position=&#8221;left&#8221; up=&#8221;7&#8243; down=&#8221;20&#8243;][vc_column_text] Run by d&#8217;Alain Moueix Technical Director Laurent Nougaro...\" \/>\n<meta property=\"og:url\" content=\"https:\/\/chateaufonroque.net\/en\/wines\/chateau-fonroque-2015\/\" \/>\n<meta property=\"og:site_name\" content=\"Ch\u00e2teau Fonroque\" \/>\n<meta property=\"article:modified_time\" content=\"2021-08-16T09:34:05+00:00\" \/>\n<meta property=\"og:image\" content=\"https:\/\/chateaufonroque.net\/wp-content\/uploads\/2024\/06\/Chateau-Fonroque.webp\" \/>\n\t<meta property=\"og:image:width\" content=\"1200\" \/>\n\t<meta property=\"og:image:height\" content=\"675\" \/>\n\t<meta property=\"og:image:type\" content=\"image\/webp\" \/>\n<meta name=\"twitter:card\" content=\"summary_large_image\" \/>\n<meta name=\"twitter:label1\" content=\"Est. reading time\" \/>\n\t<meta name=\"twitter:data1\" content=\"2 minutes\" \/>\n<script type=\"application\/ld+json\" class=\"yoast-schema-graph\">{\"@context\":\"https:\/\/schema.org\",\"@graph\":[{\"@type\":\"WebPage\",\"@id\":\"https:\/\/chateaufonroque.net\/en\/wines\/chateau-fonroque-2015\/\",\"url\":\"https:\/\/chateaufonroque.net\/en\/wines\/chateau-fonroque-2015\/\",\"name\":\"Ch\u00e2teau Fonroque 2015 - Ch\u00e2teau Fonroque\",\"isPartOf\":{\"@id\":\"https:\/\/chateaufonroque.net\/en\/#website\"},\"datePublished\":\"2021-07-08T15:37:30+00:00\",\"dateModified\":\"2021-08-16T09:34:05+00:00\",\"breadcrumb\":{\"@id\":\"https:\/\/chateaufonroque.net\/en\/wines\/chateau-fonroque-2015\/#breadcrumb\"},\"inLanguage\":\"en-US\",\"potentialAction\":[{\"@type\":\"ReadAction\",\"target\":[\"https:\/\/chateaufonroque.net\/en\/wines\/chateau-fonroque-2015\/\"]}]},{\"@type\":\"BreadcrumbList\",\"@id\":\"https:\/\/chateaufonroque.net\/en\/wines\/chateau-fonroque-2015\/#breadcrumb\",\"itemListElement\":[{\"@type\":\"ListItem\",\"position\":1,\"name\":\"Accueil\",\"item\":\"https:\/\/chateaufonroque.net\/en\/\"},{\"@type\":\"ListItem\",\"position\":2,\"name\":\"Wines\",\"item\":\"https:\/\/chateaufonroque.net\/en\/wines\/\"},{\"@type\":\"ListItem\",\"position\":3,\"name\":\"Ch\u00e2teau Fonroque 2015\"}]},{\"@type\":\"WebSite\",\"@id\":\"https:\/\/chateaufonroque.net\/en\/#website\",\"url\":\"https:\/\/chateaufonroque.net\/en\/\",\"name\":\"Ch\u00e2teau Fonroque\",\"description\":\"Grand Cru Class\u00e9 Saint-\u00c9milion\",\"potentialAction\":[{\"@type\":\"SearchAction\",\"target\":{\"@type\":\"EntryPoint\",\"urlTemplate\":\"https:\/\/chateaufonroque.net\/en\/?s={search_term_string}\"},\"query-input\":{\"@type\":\"PropertyValueSpecification\",\"valueRequired\":true,\"valueName\":\"search_term_string\"}}],\"inLanguage\":\"en-US\"}]}<\/script>\n<!-- \/ Yoast SEO plugin. -->","yoast_head_json":{"title":"Ch\u00e2teau Fonroque 2015 - Ch\u00e2teau Fonroque","robots":{"index":"index","follow":"follow","max-snippet":"max-snippet:-1","max-image-preview":"max-image-preview:large","max-video-preview":"max-video-preview:-1"},"canonical":"https:\/\/chateaufonroque.net\/en\/wines\/chateau-fonroque-2015\/","og_locale":"en_US","og_type":"article","og_title":"Ch\u00e2teau Fonroque 2015 - Ch\u00e2teau Fonroque","og_description":"[vc_row css_animation=&#8221;&#8221; row_type=&#8221;row&#8221; use_row_as_full_screen_section=&#8221;no&#8221; type=&#8221;grid&#8221; angled_section=&#8221;no&#8221; text_align=&#8221;left&#8221; background_image_as_pattern=&#8221;without_pattern&#8221; padding_top=&#8221;60&#8243; padding_bottom=&#8221;60&#8243;][vc_column width=&#8221;1\/2&#8243;][vc_single_image image=&#8221;16515&#8243; img_size=&#8221;536&#215;668&#8243; alignment=&#8221;center&#8221; qode_css_animation=&#8221;&#8221; el_class=&#8221;bouteille&#8221;][\/vc_column][vc_column width=&#8221;1\/2&#8243; css=&#8221;.vc_custom_1488293209315{padding-top: 30px !important;padding-right: 30px !important;padding-bottom: 30px !important;padding-left: 30px !important;background-color: #ffffff !important;}&#8221;][vc_empty_space height=&#8221;28px&#8221;][vc_column_text] Ch\u00e2teau Fonroque 2015 [\/vc_column_text][vc_separator type=&#8221;small&#8221; position=&#8221;left&#8221; up=&#8221;7&#8243; down=&#8221;20&#8243;][vc_column_text] Run by d&#8217;Alain Moueix Technical Director Laurent Nougaro...","og_url":"https:\/\/chateaufonroque.net\/en\/wines\/chateau-fonroque-2015\/","og_site_name":"Ch\u00e2teau Fonroque","article_modified_time":"2021-08-16T09:34:05+00:00","og_image":[{"width":1200,"height":675,"url":"https:\/\/chateaufonroque.net\/wp-content\/uploads\/2024\/06\/Chateau-Fonroque.webp","type":"image\/webp"}],"twitter_card":"summary_large_image","twitter_misc":{"Est. reading time":"2 minutes"},"schema":{"@context":"https:\/\/schema.org","@graph":[{"@type":"WebPage","@id":"https:\/\/chateaufonroque.net\/en\/wines\/chateau-fonroque-2015\/","url":"https:\/\/chateaufonroque.net\/en\/wines\/chateau-fonroque-2015\/","name":"Ch\u00e2teau Fonroque 2015 - Ch\u00e2teau Fonroque","isPartOf":{"@id":"https:\/\/chateaufonroque.net\/en\/#website"},"datePublished":"2021-07-08T15:37:30+00:00","dateModified":"2021-08-16T09:34:05+00:00","breadcrumb":{"@id":"https:\/\/chateaufonroque.net\/en\/wines\/chateau-fonroque-2015\/#breadcrumb"},"inLanguage":"en-US","potentialAction":[{"@type":"ReadAction","target":["https:\/\/chateaufonroque.net\/en\/wines\/chateau-fonroque-2015\/"]}]},{"@type":"BreadcrumbList","@id":"https:\/\/chateaufonroque.net\/en\/wines\/chateau-fonroque-2015\/#breadcrumb","itemListElement":[{"@type":"ListItem","position":1,"name":"Accueil","item":"https:\/\/chateaufonroque.net\/en\/"},{"@type":"ListItem","position":2,"name":"Wines","item":"https:\/\/chateaufonroque.net\/en\/wines\/"},{"@type":"ListItem","position":3,"name":"Ch\u00e2teau Fonroque 2015"}]},{"@type":"WebSite","@id":"https:\/\/chateaufonroque.net\/en\/#website","url":"https:\/\/chateaufonroque.net\/en\/","name":"Ch\u00e2teau Fonroque","description":"Grand Cru Class\u00e9 Saint-\u00c9milion","potentialAction":[{"@type":"SearchAction","target":{"@type":"EntryPoint","urlTemplate":"https:\/\/chateaufonroque.net\/en\/?s={search_term_string}"},"query-input":{"@type":"PropertyValueSpecification","valueRequired":true,"valueName":"search_term_string"}}],"inLanguage":"en-US"}]}},"_links":{"self":[{"href":"https:\/\/chateaufonroque.net\/en\/wp-json\/wp\/v2\/pages\/16690","targetHints":{"allow":["GET"]}}],"collection":[{"href":"https:\/\/chateaufonroque.net\/en\/wp-json\/wp\/v2\/pages"}],"about":[{"href":"https:\/\/chateaufonroque.net\/en\/wp-json\/wp\/v2\/types\/page"}],"author":[{"embeddable":true,"href":"https:\/\/chateaufonroque.net\/en\/wp-json\/wp\/v2\/users\/1"}],"replies":[{"embeddable":true,"href":"https:\/\/chateaufonroque.net\/en\/wp-json\/wp\/v2\/comments?post=16690"}],"version-history":[{"count":21,"href":"https:\/\/chateaufonroque.net\/en\/wp-json\/wp\/v2\/pages\/16690\/revisions"}],"predecessor-version":[{"id":17038,"href":"https:\/\/chateaufonroque.net\/en\/wp-json\/wp\/v2\/pages\/16690\/revisions\/17038"}],"up":[{"embeddable":true,"href":"https:\/\/chateaufonroque.net\/en\/wp-json\/wp\/v2\/pages\/16667"}],"wp:attachment":[{"href":"https:\/\/chateaufonroque.net\/en\/wp-json\/wp\/v2\/media?parent=16690"}],"curies":[{"name":"wp","href":"https:\/\/api.w.org\/{rel}","templated":true}]}}