{"id":16667,"date":"2021-07-08T16:17:18","date_gmt":"2021-07-08T14:17:18","guid":{"rendered":"http:\/\/chateaufonroque.net\/wines\/"},"modified":"2023-12-20T14:11:09","modified_gmt":"2023-12-20T13:11:09","slug":"wines","status":"publish","type":"page","link":"https:\/\/chateaufonroque.net\/en\/wines\/","title":{"rendered":"Wines"},"content":{"rendered":"<div class=\"wpb-content-wrapper\"><p>[vc_row css_animation=&#8221;&#8221; row_type=&#8221;row&#8221; use_row_as_full_screen_section=&#8221;no&#8221; type=&#8221;grid&#8221; angled_section=&#8221;no&#8221; text_align=&#8221;left&#8221; background_image_as_pattern=&#8221;without_pattern&#8221; padding_top=&#8221;30&#8243; padding_bottom=&#8221;40&#8243;][vc_column width=&#8221;1\/2&#8243;][vc_single_image image=&#8221;16513&#8243; img_size=&#8221;full&#8221; alignment=&#8221;center&#8221; qode_css_animation=&#8221;&#8221; el_class=&#8221;bouteille&#8221;][\/vc_column][vc_column width=&#8221;1\/2&#8243;][vc_empty_space height=&#8221;64px&#8221;][vc_column_text]<\/p>\n<h2 style=\"text-align: center;\">Ch\u00e2teau Fonroque<\/h2>\n<p>[\/vc_column_text][vc_separator type=&#8221;small&#8221; position=&#8221;center&#8221; up=&#8221;7&#8243; down=&#8221;38&#8243;][vc_column_text]<\/p>\n<h4 style=\"text-align: center;\">Saint -Emilion Grand Cru Class\u00e9<br \/>\n80% de merlot<br \/>\n20% de cabernet franc<\/h4>\n<p>[\/vc_column_text][vc_empty_space height=&#8221;22px&#8221;][vc_column_text el_class=&#8221;justif&#8221;]Certified in organic agriculture since 2006 and in biodynamic agriculture since 2008. The wines of Ch\u00e2teau Fonroque are naturally rich with a refined mouthfeel, outstanding freshness and elegance. Their long finish is a guarantee of harmonious ageing.[\/vc_column_text][vc_empty_space height=&#8221;22px&#8221;]<span data-type=\"normal\"  class=\"qode_icon_shortcode  q_font_awsome_icon fa-lg pull-center \" style=\" \"><a  itemprop=\"url\" href=\"https:\/\/chateaufonroque.net\/wp-content\/uploads\/2021\/07\/chateau_fonroque_fiche_technique_en.pdf\" target=\"_blank\"><i class=\"qode_icon_font_awesome fa fa-download qode_icon_element\" style=\"\" ><\/i><\/a><\/span>[vc_column_text]<\/p>\n<p style=\"text-align: center;\"><a href=\"https:\/\/chateaufonroque.net\/wp-content\/uploads\/2021\/07\/chateau_fonroque_fiche_technique_en.pdf\" target=\"_blank\" rel=\"noopener noreferrer\">Download the technical sheet<\/a><\/p>\n<p>[\/vc_column_text][vc_empty_space height=&#8221;68px&#8221;][vc_text_separator title=&#8221;Vintages&#8221; border=&#8221;no&#8221; background_color=&#8221;#deb900&#8243; title_color=&#8221;#303030&#8243;][vc_empty_space height=&#8221;22px&#8221;][vc_column_text]<\/p>\n<p style=\"text-align: center;\"><a href=\"https:\/\/chateaufonroque.net\/en\/chateau-fonroque-2020\/\"> 2020<\/a> |<a href=\"https:\/\/chateaufonroque.net\/en\/chateau-fonroque-2019\/\">2019<\/a>| <a href=\"https:\/\/chateaufonroque.net\/en\/chateau-fonroque-2018\/\">2018<\/a> | <a href=\"https:\/\/chateaufonroque.net\/en\/chateau-fonroque-2017\/\">2017<\/a> | <a href=\"https:\/\/chateaufonroque.net\/en\/wines\/chateau-fonroque-2016\/\">2016<\/a> | <a href=\"https:\/\/chateaufonroque.net\/en\/wines\/chateau-fonroque-2015\/\">2015<\/a> | <a href=\"https:\/\/chateaufonroque.net\/en\/wines\/chateau-fonroque-2014\/\">2014<\/a> | <a href=\"https:\/\/chateaufonroque.net\/en\/wines\/chateau-fonroque-2013\/\">2013<\/a> | <a href=\"https:\/\/chateaufonroque.net\/en\/wines\/chateau-fonroque-2012\/\">2012<\/a> | <a href=\"https:\/\/chateaufonroque.net\/en\/wines\/chateau-fonroque-2011\/\">2011<\/a><\/p>\n<p>[\/vc_column_text][\/vc_column][\/vc_row][vc_row css_animation=&#8221;&#8221; row_type=&#8221;row&#8221; use_row_as_full_screen_section=&#8221;no&#8221; type=&#8221;grid&#8221; angled_section=&#8221;no&#8221; text_align=&#8221;left&#8221; background_image_as_pattern=&#8221;without_pattern&#8221; background_color=&#8221;#ffffff&#8221; padding_top=&#8221;30&#8243; padding_bottom=&#8221;60&#8243; css=&#8221;.vc_custom_1612520186383{padding-top: 40px !important;background-color: #f2f2f2 !important;}&#8221; z_index=&#8221;&#8221;][vc_column width=&#8221;1\/2&#8243;][vc_empty_space height=&#8221;64px&#8221;][vc_column_text]<\/p>\n<h2 style=\"text-align: center;\">Ch\u00e2teau Cartier<\/h2>\n<p>[\/vc_column_text][vc_separator type=&#8221;small&#8221; position=&#8221;center&#8221; up=&#8221;7&#8243; down=&#8221;38&#8243;][vc_column_text]<\/p>\n<h4 style=\"text-align: center;\">Saint-Emilion Grand Cru<br \/>\nSecond wine of Ch\u00e2teau Fonroque<br \/>\n100% de Merlot<\/h4>\n<p>[\/vc_column_text][vc_empty_space height=&#8221;22px&#8221;][vc_column_text el_class=&#8221;justif&#8221;]Ch\u00e2teau Cartier is a &#8220;second wine&#8221; in name only. The choice of the term &#8220;Ch\u00e2teau&#8221; before &#8220;Cartier&#8221; is not without significance. Although it has less ageing potential than Fonroque, it is known for being rounder and softer and has its own strong identity. A second wine that closely follows the first.[\/vc_column_text][vc_empty_space height=&#8221;22px&#8221;]<span data-type=\"normal\"  class=\"qode_icon_shortcode  q_font_awsome_icon fa-lg pull-center \" style=\" \"><a  itemprop=\"url\" href=\"https:\/\/chateaufonroque.net\/wp-content\/uploads\/2021\/07\/chateau_cartier_fiche_technique_en.pdf\" target=\"_blank\"><i class=\"qode_icon_font_awesome fa fa-download qode_icon_element\" style=\"\" ><\/i><\/a><\/span>[vc_column_text]<\/p>\n<p style=\"text-align: center;\"><a href=\"https:\/\/chateaufonroque.net\/wp-content\/uploads\/2021\/07\/chateau_cartier_fiche_technique_en.pdf\" target=\"_blank\" rel=\"noopener noreferrer\">Download the technical sheet<\/a><\/p>\n<p>[\/vc_column_text][vc_empty_space height=&#8221;68px&#8221;][vc_text_separator title=&#8221;Vintages&#8221; border=&#8221;no&#8221; background_color=&#8221;#deb900&#8243; title_color=&#8221;#303030&#8243;][vc_empty_space height=&#8221;22px&#8221;][vc_column_text]<\/p>\n<p style=\"text-align: center;\"><a href=\"https:\/\/chateaufonroque.net\/en\/chateau-cartier-2020\/\"> 2020<\/a> |\u00a0<a href=\"https:\/\/chateaufonroque.net\/en\/chateau-cartier-2019-2\/\">2019<\/a> |<a href=\"https:\/\/chateaufonroque.net\/en\/chateau-cartier-2018\/\">2018<\/a> | <a href=\"https:\/\/chateaufonroque.net\/en\/chateau-cartier-2017\/\">2017<\/a> | <a href=\"https:\/\/chateaufonroque.net\/en\/chateau-cartier-2016\/\">2016<\/a> | <a href=\"https:\/\/chateaufonroque.net\/en\/wines\/chateau-cartier-2015\/\">2015<\/a> | <a href=\"https:\/\/chateaufonroque.net\/en\/wines\/chateau-cartier-2014\/\">2014<\/a> | <a href=\"https:\/\/chateaufonroque.net\/en\/wines\/chateau-cartier-2013\/\">2013<\/a> | <a href=\"https:\/\/chateaufonroque.net\/en\/wines\/chateau-cartier-2012\/\">2012<\/a> | <a href=\"https:\/\/chateaufonroque.net\/en\/wines\/chateau-cartier-2011\/\">2011<\/a><\/p>\n<p>[\/vc_column_text][\/vc_column][vc_column width=&#8221;1\/2&#8243;][vc_single_image image=&#8221;16514&#8243; img_size=&#8221;full&#8221; alignment=&#8221;center&#8221; qode_css_animation=&#8221;&#8221; el_class=&#8221;bouteille&#8221;][\/vc_column][\/vc_row]<\/p>\n<\/div>","protected":false},"excerpt":{"rendered":"<p>[vc_row css_animation=&#8221;&#8221; row_type=&#8221;row&#8221; use_row_as_full_screen_section=&#8221;no&#8221; type=&#8221;grid&#8221; angled_section=&#8221;no&#8221; text_align=&#8221;left&#8221; background_image_as_pattern=&#8221;without_pattern&#8221; padding_top=&#8221;30&#8243; padding_bottom=&#8221;40&#8243;][vc_column width=&#8221;1\/2&#8243;][vc_single_image image=&#8221;16513&#8243; img_size=&#8221;full&#8221; alignment=&#8221;center&#8221; qode_css_animation=&#8221;&#8221; el_class=&#8221;bouteille&#8221;][\/vc_column][vc_column width=&#8221;1\/2&#8243;][vc_empty_space height=&#8221;64px&#8221;][vc_column_text] Ch\u00e2teau Fonroque [\/vc_column_text][vc_separator type=&#8221;small&#8221; position=&#8221;center&#8221; up=&#8221;7&#8243; down=&#8221;38&#8243;][vc_column_text] Saint -Emilion Grand Cru Class\u00e9 80% de merlot 20% de cabernet franc [\/vc_column_text][vc_empty_space height=&#8221;22px&#8221;][vc_column_text el_class=&#8221;justif&#8221;]Certified in organic agriculture since 2006&#8230;<\/p>\n","protected":false},"author":1,"featured_media":0,"parent":0,"menu_order":0,"comment_status":"closed","ping_status":"closed","template":"full_width.php","meta":{"_acf_changed":false,"footnotes":""},"class_list":["post-16667","page","type-page","status-publish","hentry"],"acf":[],"yoast_head":"<!-- This site is optimized with the Yoast SEO plugin v27.1.1 - https:\/\/yoast.com\/product\/yoast-seo-wordpress\/ -->\n<title>Wines - Ch\u00e2teau Fonroque<\/title>\n<meta name=\"robots\" content=\"index, follow, max-snippet:-1, max-image-preview:large, max-video-preview:-1\" \/>\n<link rel=\"canonical\" href=\"https:\/\/chateaufonroque.net\/en\/wines\/\" \/>\n<meta property=\"og:locale\" content=\"en_US\" \/>\n<meta property=\"og:type\" content=\"article\" \/>\n<meta property=\"og:title\" content=\"Wines - Ch\u00e2teau Fonroque\" \/>\n<meta property=\"og:description\" content=\"[vc_row css_animation=&#8221;&#8221; row_type=&#8221;row&#8221; use_row_as_full_screen_section=&#8221;no&#8221; type=&#8221;grid&#8221; angled_section=&#8221;no&#8221; text_align=&#8221;left&#8221; background_image_as_pattern=&#8221;without_pattern&#8221; padding_top=&#8221;30&#8243; padding_bottom=&#8221;40&#8243;][vc_column width=&#8221;1\/2&#8243;][vc_single_image image=&#8221;16513&#8243; img_size=&#8221;full&#8221; alignment=&#8221;center&#8221; qode_css_animation=&#8221;&#8221; el_class=&#8221;bouteille&#8221;][\/vc_column][vc_column width=&#8221;1\/2&#8243;][vc_empty_space height=&#8221;64px&#8221;][vc_column_text] Ch\u00e2teau Fonroque [\/vc_column_text][vc_separator type=&#8221;small&#8221; position=&#8221;center&#8221; up=&#8221;7&#8243; down=&#8221;38&#8243;][vc_column_text] Saint -Emilion Grand Cru Class\u00e9 80% de merlot 20% de cabernet franc [\/vc_column_text][vc_empty_space height=&#8221;22px&#8221;][vc_column_text el_class=&#8221;justif&#8221;]Certified in organic agriculture since 2006...\" \/>\n<meta property=\"og:url\" content=\"https:\/\/chateaufonroque.net\/en\/wines\/\" \/>\n<meta property=\"og:site_name\" content=\"Ch\u00e2teau Fonroque\" \/>\n<meta property=\"article:modified_time\" content=\"2023-12-20T13:11:09+00:00\" \/>\n<meta property=\"og:image\" content=\"https:\/\/chateaufonroque.net\/wp-content\/uploads\/2024\/06\/Chateau-Fonroque.webp\" \/>\n\t<meta property=\"og:image:width\" content=\"1200\" \/>\n\t<meta property=\"og:image:height\" content=\"675\" \/>\n\t<meta property=\"og:image:type\" content=\"image\/webp\" \/>\n<meta name=\"twitter:card\" content=\"summary_large_image\" \/>\n<meta name=\"twitter:label1\" content=\"Est. reading time\" \/>\n\t<meta name=\"twitter:data1\" content=\"2 minutes\" \/>\n<script type=\"application\/ld+json\" class=\"yoast-schema-graph\">{\"@context\":\"https:\/\/schema.org\",\"@graph\":[{\"@type\":\"WebPage\",\"@id\":\"https:\/\/chateaufonroque.net\/en\/wines\/\",\"url\":\"https:\/\/chateaufonroque.net\/en\/wines\/\",\"name\":\"Wines - Ch\u00e2teau Fonroque\",\"isPartOf\":{\"@id\":\"https:\/\/chateaufonroque.net\/en\/#website\"},\"datePublished\":\"2021-07-08T14:17:18+00:00\",\"dateModified\":\"2023-12-20T13:11:09+00:00\",\"breadcrumb\":{\"@id\":\"https:\/\/chateaufonroque.net\/en\/wines\/#breadcrumb\"},\"inLanguage\":\"en-US\",\"potentialAction\":[{\"@type\":\"ReadAction\",\"target\":[\"https:\/\/chateaufonroque.net\/en\/wines\/\"]}]},{\"@type\":\"BreadcrumbList\",\"@id\":\"https:\/\/chateaufonroque.net\/en\/wines\/#breadcrumb\",\"itemListElement\":[{\"@type\":\"ListItem\",\"position\":1,\"name\":\"Accueil\",\"item\":\"https:\/\/chateaufonroque.net\/en\/\"},{\"@type\":\"ListItem\",\"position\":2,\"name\":\"Wines\"}]},{\"@type\":\"WebSite\",\"@id\":\"https:\/\/chateaufonroque.net\/en\/#website\",\"url\":\"https:\/\/chateaufonroque.net\/en\/\",\"name\":\"Ch\u00e2teau Fonroque\",\"description\":\"Grand Cru Class\u00e9 Saint-\u00c9milion\",\"potentialAction\":[{\"@type\":\"SearchAction\",\"target\":{\"@type\":\"EntryPoint\",\"urlTemplate\":\"https:\/\/chateaufonroque.net\/en\/?s={search_term_string}\"},\"query-input\":{\"@type\":\"PropertyValueSpecification\",\"valueRequired\":true,\"valueName\":\"search_term_string\"}}],\"inLanguage\":\"en-US\"}]}<\/script>\n<!-- \/ Yoast SEO plugin. -->","yoast_head_json":{"title":"Wines - Ch\u00e2teau Fonroque","robots":{"index":"index","follow":"follow","max-snippet":"max-snippet:-1","max-image-preview":"max-image-preview:large","max-video-preview":"max-video-preview:-1"},"canonical":"https:\/\/chateaufonroque.net\/en\/wines\/","og_locale":"en_US","og_type":"article","og_title":"Wines - Ch\u00e2teau Fonroque","og_description":"[vc_row css_animation=&#8221;&#8221; row_type=&#8221;row&#8221; use_row_as_full_screen_section=&#8221;no&#8221; type=&#8221;grid&#8221; angled_section=&#8221;no&#8221; text_align=&#8221;left&#8221; background_image_as_pattern=&#8221;without_pattern&#8221; padding_top=&#8221;30&#8243; padding_bottom=&#8221;40&#8243;][vc_column width=&#8221;1\/2&#8243;][vc_single_image image=&#8221;16513&#8243; img_size=&#8221;full&#8221; alignment=&#8221;center&#8221; qode_css_animation=&#8221;&#8221; el_class=&#8221;bouteille&#8221;][\/vc_column][vc_column width=&#8221;1\/2&#8243;][vc_empty_space height=&#8221;64px&#8221;][vc_column_text] Ch\u00e2teau Fonroque [\/vc_column_text][vc_separator type=&#8221;small&#8221; position=&#8221;center&#8221; up=&#8221;7&#8243; down=&#8221;38&#8243;][vc_column_text] Saint -Emilion Grand Cru Class\u00e9 80% de merlot 20% de cabernet franc [\/vc_column_text][vc_empty_space height=&#8221;22px&#8221;][vc_column_text el_class=&#8221;justif&#8221;]Certified in organic agriculture since 2006...","og_url":"https:\/\/chateaufonroque.net\/en\/wines\/","og_site_name":"Ch\u00e2teau Fonroque","article_modified_time":"2023-12-20T13:11:09+00:00","og_image":[{"width":1200,"height":675,"url":"https:\/\/chateaufonroque.net\/wp-content\/uploads\/2024\/06\/Chateau-Fonroque.webp","type":"image\/webp"}],"twitter_card":"summary_large_image","twitter_misc":{"Est. reading time":"2 minutes"},"schema":{"@context":"https:\/\/schema.org","@graph":[{"@type":"WebPage","@id":"https:\/\/chateaufonroque.net\/en\/wines\/","url":"https:\/\/chateaufonroque.net\/en\/wines\/","name":"Wines - Ch\u00e2teau Fonroque","isPartOf":{"@id":"https:\/\/chateaufonroque.net\/en\/#website"},"datePublished":"2021-07-08T14:17:18+00:00","dateModified":"2023-12-20T13:11:09+00:00","breadcrumb":{"@id":"https:\/\/chateaufonroque.net\/en\/wines\/#breadcrumb"},"inLanguage":"en-US","potentialAction":[{"@type":"ReadAction","target":["https:\/\/chateaufonroque.net\/en\/wines\/"]}]},{"@type":"BreadcrumbList","@id":"https:\/\/chateaufonroque.net\/en\/wines\/#breadcrumb","itemListElement":[{"@type":"ListItem","position":1,"name":"Accueil","item":"https:\/\/chateaufonroque.net\/en\/"},{"@type":"ListItem","position":2,"name":"Wines"}]},{"@type":"WebSite","@id":"https:\/\/chateaufonroque.net\/en\/#website","url":"https:\/\/chateaufonroque.net\/en\/","name":"Ch\u00e2teau Fonroque","description":"Grand Cru Class\u00e9 Saint-\u00c9milion","potentialAction":[{"@type":"SearchAction","target":{"@type":"EntryPoint","urlTemplate":"https:\/\/chateaufonroque.net\/en\/?s={search_term_string}"},"query-input":{"@type":"PropertyValueSpecification","valueRequired":true,"valueName":"search_term_string"}}],"inLanguage":"en-US"}]}},"_links":{"self":[{"href":"https:\/\/chateaufonroque.net\/en\/wp-json\/wp\/v2\/pages\/16667","targetHints":{"allow":["GET"]}}],"collection":[{"href":"https:\/\/chateaufonroque.net\/en\/wp-json\/wp\/v2\/pages"}],"about":[{"href":"https:\/\/chateaufonroque.net\/en\/wp-json\/wp\/v2\/types\/page"}],"author":[{"embeddable":true,"href":"https:\/\/chateaufonroque.net\/en\/wp-json\/wp\/v2\/users\/1"}],"replies":[{"embeddable":true,"href":"https:\/\/chateaufonroque.net\/en\/wp-json\/wp\/v2\/comments?post=16667"}],"version-history":[{"count":29,"href":"https:\/\/chateaufonroque.net\/en\/wp-json\/wp\/v2\/pages\/16667\/revisions"}],"predecessor-version":[{"id":18423,"href":"https:\/\/chateaufonroque.net\/en\/wp-json\/wp\/v2\/pages\/16667\/revisions\/18423"}],"wp:attachment":[{"href":"https:\/\/chateaufonroque.net\/en\/wp-json\/wp\/v2\/media?parent=16667"}],"curies":[{"name":"wp","href":"https:\/\/api.w.org\/{rel}","templated":true}]}}