{"id":16650,"date":"2021-07-08T11:28:51","date_gmt":"2021-07-08T09:28:51","guid":{"rendered":"http:\/\/chateaufonroque.net\/behind-the-scenes\/"},"modified":"2021-07-08T11:57:15","modified_gmt":"2021-07-08T09:57:15","slug":"behind-the-scenes","status":"publish","type":"page","link":"https:\/\/chateaufonroque.net\/en\/behind-the-scenes\/","title":{"rendered":"BEHIND THE SCENES"},"content":{"rendered":"<div class=\"wpb-content-wrapper\"><p>[vc_row css_animation=&#8221;&#8221; row_type=&#8221;row&#8221; use_row_as_full_screen_section=&#8221;no&#8221; type=&#8221;grid&#8221; angled_section=&#8221;no&#8221; text_align=&#8221;left&#8221; background_image_as_pattern=&#8221;without_pattern&#8221; background_color=&#8221;#f2f2f2&#8243; padding_top=&#8221;80&#8243; padding_bottom=&#8221;10&#8243; css=&#8221;.vc_custom_1579702260298{background-color: #ffffff !important;}&#8221;][vc_column][vc_empty_space height=&#8221;100px&#8221;][vc_column_text]<\/p>\n<h2 style=\"text-align: left;\">HERE ARE THE THOUGHTS OF PEOPLE INTIMATELY INVOLVED WITH A MATERIAL THAT IS AWAITED, CARED FOR, SCRUTINISED AND FINALLY REVEALED DAY AFTER DAY<\/h2>\n<p>[\/vc_column_text][vc_separator type=&#8221;small&#8221; position=&#8221;left&#8221; up=&#8221;7&#8243; down=&#8221;38&#8243;][vc_column_text el_class=&#8221;justif&#8221;]One wine promises to be better drunk sooner rather than later, but turns out to boast astounding ageing capacity. Another one hibernates or hides itself when we think it should be ready, and then explodes in beautiful style in its own time, a few weeks or months later than expected.<\/p>\n<p>&nbsp;<\/p>\n<p>Whether glimpsing the hidden, shifting side of a beverage that has only just been uncorked, or hearing the epiphanies and other confessions of winemaker drinkers who sugar-coat their approach and take significant liberties, thoughts from interested individuals are an exciting way of increasing our understanding of a wine outside the furtive <em>en primeur<\/em> experience, a dinner, or a tasting note, even if these are vital to bring a creation to life.[\/vc_column_text][\/vc_column][\/vc_row][vc_row css_animation=&#8221;&#8221; row_type=&#8221;row&#8221; use_row_as_full_screen_section=&#8221;no&#8221; type=&#8221;grid&#8221; angled_section=&#8221;no&#8221; text_align=&#8221;left&#8221; background_image_as_pattern=&#8221;without_pattern&#8221; background_color=&#8221;#f2f2f2&#8243; padding_top=&#8221;30&#8243; padding_bottom=&#8221;95&#8243; z_index=&#8221;&#8221; css=&#8221;.vc_custom_1612520117485{background-color: #ffffff !important;}&#8221;][vc_column width=&#8221;1\/4&#8243;][vc_empty_space height=&#8221;18px&#8221;][vc_single_image image=&#8221;16543&#8243; img_size=&#8221;medium&#8221; onclick=&#8221;custom_link&#8221; qode_css_animation=&#8221;&#8221; link=&#8221;https:\/\/chateaufonroque.net\/en\/alain-moueix-chateau-fonroque-2013\/&#8221;][vc_empty_space height=&#8221;24px&#8221;][vc_column_text]<\/p>\n<h3 style=\"text-align: center;\"><span style=\"text-align: center;\">Alain Moueix<br \/>\nMill\u00e9sime 2013<\/span><\/h3>\n<p style=\"text-align: center;\"><a href=\"https:\/\/chateaufonroque.net\/en\/wine-growth\/alain-moueix-chateau-fonroque-2013\/\">Read<\/a><\/p>\n<p>[\/vc_column_text][\/vc_column][vc_column width=&#8221;1\/4&#8243;][\/vc_column][vc_column width=&#8221;1\/4&#8243;][\/vc_column][vc_column width=&#8221;1\/4&#8243;][\/vc_column][\/vc_row][vc_row css_animation=&#8221;&#8221; row_type=&#8221;row&#8221; use_row_as_full_screen_section=&#8221;no&#8221; type=&#8221;full_width&#8221; angled_section=&#8221;no&#8221; text_align=&#8221;center&#8221; background_image_as_pattern=&#8221;without_pattern&#8221; css=&#8221;.vc_custom_1581346141322{background-color: #ffffff !important;}&#8221;][vc_column width=&#8221;1\/3&#8243;][\/vc_column][vc_column width=&#8221;1\/3&#8243;]<a  itemprop=\"url\" href=\"https:\/\/chateaufonroque.net\/en\/wine-growth\/\" target=\"_self\"  class=\"qbutton  center default\" style=\"\">Back<\/a>[vc_empty_space height=&#8221;148px&#8221;][\/vc_column][vc_column width=&#8221;1\/3&#8243;][\/vc_column][\/vc_row]<\/p>\n<\/div>","protected":false},"excerpt":{"rendered":"<p>[vc_row css_animation=&#8221;&#8221; row_type=&#8221;row&#8221; use_row_as_full_screen_section=&#8221;no&#8221; type=&#8221;grid&#8221; angled_section=&#8221;no&#8221; text_align=&#8221;left&#8221; background_image_as_pattern=&#8221;without_pattern&#8221; background_color=&#8221;#f2f2f2&#8243; padding_top=&#8221;80&#8243; padding_bottom=&#8221;10&#8243; css=&#8221;.vc_custom_1579702260298{background-color: #ffffff !important;}&#8221;][vc_column][vc_empty_space height=&#8221;100px&#8221;][vc_column_text] HERE ARE THE THOUGHTS OF PEOPLE INTIMATELY INVOLVED WITH A MATERIAL THAT IS AWAITED, CARED FOR, SCRUTINISED AND FINALLY REVEALED DAY AFTER DAY [\/vc_column_text][vc_separator type=&#8221;small&#8221; position=&#8221;left&#8221; up=&#8221;7&#8243; down=&#8221;38&#8243;][vc_column_text el_class=&#8221;justif&#8221;]One wine&#8230;<\/p>\n","protected":false},"author":1,"featured_media":0,"parent":0,"menu_order":0,"comment_status":"closed","ping_status":"closed","template":"full_width.php","meta":{"_acf_changed":false,"footnotes":""},"class_list":["post-16650","page","type-page","status-publish","hentry"],"acf":[],"yoast_head":"<!-- This site is optimized with the Yoast SEO plugin v27.1.1 - https:\/\/yoast.com\/product\/yoast-seo-wordpress\/ -->\n<title>BEHIND THE SCENES - Ch\u00e2teau Fonroque<\/title>\n<meta name=\"robots\" content=\"index, follow, max-snippet:-1, max-image-preview:large, max-video-preview:-1\" \/>\n<link rel=\"canonical\" href=\"https:\/\/chateaufonroque.net\/en\/behind-the-scenes\/\" \/>\n<meta property=\"og:locale\" content=\"en_US\" \/>\n<meta property=\"og:type\" content=\"article\" \/>\n<meta property=\"og:title\" content=\"BEHIND THE SCENES - Ch\u00e2teau Fonroque\" \/>\n<meta property=\"og:description\" content=\"[vc_row css_animation=&#8221;&#8221; row_type=&#8221;row&#8221; use_row_as_full_screen_section=&#8221;no&#8221; type=&#8221;grid&#8221; angled_section=&#8221;no&#8221; text_align=&#8221;left&#8221; background_image_as_pattern=&#8221;without_pattern&#8221; background_color=&#8221;#f2f2f2&#8243; padding_top=&#8221;80&#8243; padding_bottom=&#8221;10&#8243; css=&#8221;.vc_custom_1579702260298{background-color: #ffffff !important;}&#8221;][vc_column][vc_empty_space height=&#8221;100px&#8221;][vc_column_text] HERE ARE THE THOUGHTS OF PEOPLE INTIMATELY INVOLVED WITH A MATERIAL THAT IS AWAITED, CARED FOR, SCRUTINISED AND FINALLY REVEALED DAY AFTER DAY [\/vc_column_text][vc_separator type=&#8221;small&#8221; position=&#8221;left&#8221; up=&#8221;7&#8243; down=&#8221;38&#8243;][vc_column_text el_class=&#8221;justif&#8221;]One wine...\" \/>\n<meta property=\"og:url\" content=\"https:\/\/chateaufonroque.net\/en\/behind-the-scenes\/\" \/>\n<meta property=\"og:site_name\" content=\"Ch\u00e2teau Fonroque\" \/>\n<meta property=\"article:modified_time\" content=\"2021-07-08T09:57:15+00:00\" \/>\n<meta property=\"og:image\" content=\"https:\/\/chateaufonroque.net\/wp-content\/uploads\/2024\/06\/Chateau-Fonroque.webp\" \/>\n\t<meta property=\"og:image:width\" content=\"1200\" \/>\n\t<meta property=\"og:image:height\" content=\"675\" \/>\n\t<meta property=\"og:image:type\" content=\"image\/webp\" \/>\n<meta name=\"twitter:card\" content=\"summary_large_image\" \/>\n<meta name=\"twitter:label1\" content=\"Est. reading time\" \/>\n\t<meta name=\"twitter:data1\" content=\"2 minutes\" \/>\n<script type=\"application\/ld+json\" class=\"yoast-schema-graph\">{\"@context\":\"https:\/\/schema.org\",\"@graph\":[{\"@type\":\"WebPage\",\"@id\":\"https:\/\/chateaufonroque.net\/en\/behind-the-scenes\/\",\"url\":\"https:\/\/chateaufonroque.net\/en\/behind-the-scenes\/\",\"name\":\"BEHIND THE SCENES - Ch\u00e2teau Fonroque\",\"isPartOf\":{\"@id\":\"https:\/\/chateaufonroque.net\/en\/#website\"},\"datePublished\":\"2021-07-08T09:28:51+00:00\",\"dateModified\":\"2021-07-08T09:57:15+00:00\",\"breadcrumb\":{\"@id\":\"https:\/\/chateaufonroque.net\/en\/behind-the-scenes\/#breadcrumb\"},\"inLanguage\":\"en-US\",\"potentialAction\":[{\"@type\":\"ReadAction\",\"target\":[\"https:\/\/chateaufonroque.net\/en\/behind-the-scenes\/\"]}]},{\"@type\":\"BreadcrumbList\",\"@id\":\"https:\/\/chateaufonroque.net\/en\/behind-the-scenes\/#breadcrumb\",\"itemListElement\":[{\"@type\":\"ListItem\",\"position\":1,\"name\":\"Accueil\",\"item\":\"https:\/\/chateaufonroque.net\/en\/\"},{\"@type\":\"ListItem\",\"position\":2,\"name\":\"BEHIND THE SCENES\"}]},{\"@type\":\"WebSite\",\"@id\":\"https:\/\/chateaufonroque.net\/en\/#website\",\"url\":\"https:\/\/chateaufonroque.net\/en\/\",\"name\":\"Ch\u00e2teau Fonroque\",\"description\":\"Grand Cru Class\u00e9 Saint-\u00c9milion\",\"potentialAction\":[{\"@type\":\"SearchAction\",\"target\":{\"@type\":\"EntryPoint\",\"urlTemplate\":\"https:\/\/chateaufonroque.net\/en\/?s={search_term_string}\"},\"query-input\":{\"@type\":\"PropertyValueSpecification\",\"valueRequired\":true,\"valueName\":\"search_term_string\"}}],\"inLanguage\":\"en-US\"}]}<\/script>\n<!-- \/ Yoast SEO plugin. -->","yoast_head_json":{"title":"BEHIND THE SCENES - Ch\u00e2teau Fonroque","robots":{"index":"index","follow":"follow","max-snippet":"max-snippet:-1","max-image-preview":"max-image-preview:large","max-video-preview":"max-video-preview:-1"},"canonical":"https:\/\/chateaufonroque.net\/en\/behind-the-scenes\/","og_locale":"en_US","og_type":"article","og_title":"BEHIND THE SCENES - Ch\u00e2teau Fonroque","og_description":"[vc_row css_animation=&#8221;&#8221; row_type=&#8221;row&#8221; use_row_as_full_screen_section=&#8221;no&#8221; type=&#8221;grid&#8221; angled_section=&#8221;no&#8221; text_align=&#8221;left&#8221; background_image_as_pattern=&#8221;without_pattern&#8221; background_color=&#8221;#f2f2f2&#8243; padding_top=&#8221;80&#8243; padding_bottom=&#8221;10&#8243; css=&#8221;.vc_custom_1579702260298{background-color: #ffffff !important;}&#8221;][vc_column][vc_empty_space height=&#8221;100px&#8221;][vc_column_text] HERE ARE THE THOUGHTS OF PEOPLE INTIMATELY INVOLVED WITH A MATERIAL THAT IS AWAITED, CARED FOR, SCRUTINISED AND FINALLY REVEALED DAY AFTER DAY [\/vc_column_text][vc_separator type=&#8221;small&#8221; position=&#8221;left&#8221; up=&#8221;7&#8243; down=&#8221;38&#8243;][vc_column_text el_class=&#8221;justif&#8221;]One wine...","og_url":"https:\/\/chateaufonroque.net\/en\/behind-the-scenes\/","og_site_name":"Ch\u00e2teau Fonroque","article_modified_time":"2021-07-08T09:57:15+00:00","og_image":[{"width":1200,"height":675,"url":"https:\/\/chateaufonroque.net\/wp-content\/uploads\/2024\/06\/Chateau-Fonroque.webp","type":"image\/webp"}],"twitter_card":"summary_large_image","twitter_misc":{"Est. reading time":"2 minutes"},"schema":{"@context":"https:\/\/schema.org","@graph":[{"@type":"WebPage","@id":"https:\/\/chateaufonroque.net\/en\/behind-the-scenes\/","url":"https:\/\/chateaufonroque.net\/en\/behind-the-scenes\/","name":"BEHIND THE SCENES - Ch\u00e2teau Fonroque","isPartOf":{"@id":"https:\/\/chateaufonroque.net\/en\/#website"},"datePublished":"2021-07-08T09:28:51+00:00","dateModified":"2021-07-08T09:57:15+00:00","breadcrumb":{"@id":"https:\/\/chateaufonroque.net\/en\/behind-the-scenes\/#breadcrumb"},"inLanguage":"en-US","potentialAction":[{"@type":"ReadAction","target":["https:\/\/chateaufonroque.net\/en\/behind-the-scenes\/"]}]},{"@type":"BreadcrumbList","@id":"https:\/\/chateaufonroque.net\/en\/behind-the-scenes\/#breadcrumb","itemListElement":[{"@type":"ListItem","position":1,"name":"Accueil","item":"https:\/\/chateaufonroque.net\/en\/"},{"@type":"ListItem","position":2,"name":"BEHIND THE SCENES"}]},{"@type":"WebSite","@id":"https:\/\/chateaufonroque.net\/en\/#website","url":"https:\/\/chateaufonroque.net\/en\/","name":"Ch\u00e2teau Fonroque","description":"Grand Cru Class\u00e9 Saint-\u00c9milion","potentialAction":[{"@type":"SearchAction","target":{"@type":"EntryPoint","urlTemplate":"https:\/\/chateaufonroque.net\/en\/?s={search_term_string}"},"query-input":{"@type":"PropertyValueSpecification","valueRequired":true,"valueName":"search_term_string"}}],"inLanguage":"en-US"}]}},"_links":{"self":[{"href":"https:\/\/chateaufonroque.net\/en\/wp-json\/wp\/v2\/pages\/16650","targetHints":{"allow":["GET"]}}],"collection":[{"href":"https:\/\/chateaufonroque.net\/en\/wp-json\/wp\/v2\/pages"}],"about":[{"href":"https:\/\/chateaufonroque.net\/en\/wp-json\/wp\/v2\/types\/page"}],"author":[{"embeddable":true,"href":"https:\/\/chateaufonroque.net\/en\/wp-json\/wp\/v2\/users\/1"}],"replies":[{"embeddable":true,"href":"https:\/\/chateaufonroque.net\/en\/wp-json\/wp\/v2\/comments?post=16650"}],"version-history":[{"count":6,"href":"https:\/\/chateaufonroque.net\/en\/wp-json\/wp\/v2\/pages\/16650\/revisions"}],"predecessor-version":[{"id":16666,"href":"https:\/\/chateaufonroque.net\/en\/wp-json\/wp\/v2\/pages\/16650\/revisions\/16666"}],"wp:attachment":[{"href":"https:\/\/chateaufonroque.net\/en\/wp-json\/wp\/v2\/media?parent=16650"}],"curies":[{"name":"wp","href":"https:\/\/api.w.org\/{rel}","templated":true}]}}