{"id":16646,"date":"2021-07-08T11:28:43","date_gmt":"2021-07-08T09:28:43","guid":{"rendered":"http:\/\/chateaufonroque.net\/alain-moueix-chateau-fonroque-2013\/"},"modified":"2021-07-08T12:00:33","modified_gmt":"2021-07-08T10:00:33","slug":"alain-moueix-chateau-fonroque-2013","status":"publish","type":"page","link":"https:\/\/chateaufonroque.net\/en\/wine-growth\/alain-moueix-chateau-fonroque-2013\/","title":{"rendered":"Alain Moueix &#8211; Ch\u00e2teau Fonroque 2013"},"content":{"rendered":"<div class=\"wpb-content-wrapper\"><p>[vc_row css_animation=&#8221;&#8221; row_type=&#8221;row&#8221; use_row_as_full_screen_section=&#8221;no&#8221; type=&#8221;grid&#8221; angled_section=&#8221;no&#8221; text_align=&#8221;left&#8221; background_image_as_pattern=&#8221;without_pattern&#8221; padding_bottom=&#8221;95&#8243;][vc_column width=&#8221;1\/6&#8243;][vc_empty_space height=&#8221;70px&#8221;][\/vc_column][vc_column width=&#8221;2\/3&#8243;][vc_single_image image=&#8221;16543&#8243; img_size=&#8221;full&#8221; qode_css_animation=&#8221;&#8221;][vc_empty_space height=&#8221;48px&#8221;][vc_column_text]<\/p>\n<h2>Alain Moueix \u2013 Ch\u00e2teau Fonroque 2013<\/h2>\n<p>[\/vc_column_text][vc_separator type=&#8221;small&#8221; position=&#8221;left&#8221; width=&#8221;88&#8243; up=&#8221;38&#8243; down=&#8221;38&#8243;][vc_column_text el_class=&#8221;justif&#8221;]I choose 2013 because it was probably the most difficult vintage of my career, along with 1992. In circumstances like these, there is no point trying to make a dense wine, as the structure is just not there. Making a light wine would not have been compatible with our position as a Grand Cru Class\u00e9. The focus had to be on the quality of the vintage, even if there was only one version, and to see what there was that could be reconciled with my idea of a fine wine. It could not be rich. But it could be refined with a harmonious shape. A wine happy with its pedigree and not seeking to be what it is not. Ren\u00e9 Char said &#8216;we never achieve the impossible, but it serves as a lantern\u2019. And I would add that the path this illuminates can be unusually poetic. The trick is to carefully push the boundaries.<\/p>\n<p>&nbsp;<\/p>\n<p>We tried to produce elegance and express sophistication in its simplest form, not extract ordinary tannins, and above all not resort to oak window-dressing. We paid attention to the message that the final wine would offer, and kept everything in balance thanks to the coherence of our composition.<br \/>\nCh\u00e2teau Fonroque 2013 is not the finest wine I have ever produced, but it is definitely one of my successes when it comes to pinpointing and bringing out the best in the vintage despite misleading surroundings.<\/p>\n<p>&nbsp;<\/p>\n<p>It has a medium-density ruby red colour. The nose is a complete landscape in itself. It begins with olive, cigar box and cherry aromas, before developing wild strawberry and violet notes. Then come some distinct marine touches. The overall wine offers a minerality reminiscent of hot stone.<br \/>\nThe landscape of aromas holds through from nose to palate, which is not always the case. The same combinations appear in the same order. The pronounced verticality goes hand in hand with a soothing, silky feel.<br \/>\nThe finish holds its own very well for a vintage as difficult as this, offering up orange peel and cocoa before blossoming into one or two saline touches.[\/vc_column_text][vc_empty_space height=&#8221;88px&#8221;]<a  itemprop=\"url\" href=\"https:\/\/chateaufonroque.net\/en\/behind-the-scenes\/\" target=\"_self\"  class=\"qbutton  default\" style=\"\">Back<\/a>[\/vc_column][vc_column width=&#8221;1\/6&#8243;][\/vc_column][\/vc_row][vc_row css_animation=&#8221;&#8221; row_type=&#8221;row&#8221; use_row_as_full_screen_section=&#8221;no&#8221; type=&#8221;grid&#8221; angled_section=&#8221;no&#8221; text_align=&#8221;left&#8221; background_image_as_pattern=&#8221;without_pattern&#8221; padding_top=&#8221;57&#8243; padding_bottom=&#8221;95&#8243; css=&#8221;.vc_custom_1535463041931{padding-top: 2px !important;padding-right: 2px !important;padding-bottom: 2px !important;padding-left: 2px !important;}&#8221;][vc_column width=&#8221;1\/6&#8243;][vc_empty_space height=&#8221;140px&#8221;][\/vc_column][vc_column width=&#8221;2\/3&#8243;][\/vc_column][vc_column width=&#8221;1\/6&#8243;][\/vc_column][\/vc_row]<\/p>\n<\/div>","protected":false},"excerpt":{"rendered":"<p>[vc_row css_animation=&#8221;&#8221; row_type=&#8221;row&#8221; use_row_as_full_screen_section=&#8221;no&#8221; type=&#8221;grid&#8221; angled_section=&#8221;no&#8221; text_align=&#8221;left&#8221; background_image_as_pattern=&#8221;without_pattern&#8221; padding_bottom=&#8221;95&#8243;][vc_column width=&#8221;1\/6&#8243;][vc_empty_space height=&#8221;70px&#8221;][\/vc_column][vc_column width=&#8221;2\/3&#8243;][vc_single_image image=&#8221;16543&#8243; img_size=&#8221;full&#8221; qode_css_animation=&#8221;&#8221;][vc_empty_space height=&#8221;48px&#8221;][vc_column_text] Alain Moueix \u2013 Ch\u00e2teau Fonroque 2013 [\/vc_column_text][vc_separator type=&#8221;small&#8221; position=&#8221;left&#8221; width=&#8221;88&#8243; up=&#8221;38&#8243; down=&#8221;38&#8243;][vc_column_text el_class=&#8221;justif&#8221;]I choose 2013 because it was probably the most difficult vintage of my career, along with 1992&#8230;.<\/p>\n","protected":false},"author":1,"featured_media":0,"parent":16653,"menu_order":0,"comment_status":"closed","ping_status":"closed","template":"full_width.php","meta":{"_acf_changed":false,"footnotes":""},"class_list":["post-16646","page","type-page","status-publish","hentry"],"acf":[],"yoast_head":"<!-- This site is optimized with the Yoast SEO plugin v27.1.1 - https:\/\/yoast.com\/product\/yoast-seo-wordpress\/ -->\n<title>Alain Moueix - Ch\u00e2teau Fonroque 2013 - Ch\u00e2teau Fonroque<\/title>\n<meta name=\"robots\" content=\"index, follow, max-snippet:-1, max-image-preview:large, max-video-preview:-1\" \/>\n<link rel=\"canonical\" href=\"https:\/\/chateaufonroque.net\/en\/wine-growth\/alain-moueix-chateau-fonroque-2013\/\" \/>\n<meta property=\"og:locale\" content=\"en_US\" \/>\n<meta property=\"og:type\" content=\"article\" \/>\n<meta property=\"og:title\" content=\"Alain Moueix - Ch\u00e2teau Fonroque 2013 - Ch\u00e2teau Fonroque\" \/>\n<meta property=\"og:description\" content=\"[vc_row css_animation=&#8221;&#8221; row_type=&#8221;row&#8221; use_row_as_full_screen_section=&#8221;no&#8221; type=&#8221;grid&#8221; angled_section=&#8221;no&#8221; text_align=&#8221;left&#8221; background_image_as_pattern=&#8221;without_pattern&#8221; padding_bottom=&#8221;95&#8243;][vc_column width=&#8221;1\/6&#8243;][vc_empty_space height=&#8221;70px&#8221;][\/vc_column][vc_column width=&#8221;2\/3&#8243;][vc_single_image image=&#8221;16543&#8243; img_size=&#8221;full&#8221; qode_css_animation=&#8221;&#8221;][vc_empty_space height=&#8221;48px&#8221;][vc_column_text] Alain Moueix \u2013 Ch\u00e2teau Fonroque 2013 [\/vc_column_text][vc_separator type=&#8221;small&#8221; position=&#8221;left&#8221; width=&#8221;88&#8243; up=&#8221;38&#8243; down=&#8221;38&#8243;][vc_column_text el_class=&#8221;justif&#8221;]I choose 2013 because it was probably the most difficult vintage of my career, along with 1992....\" \/>\n<meta property=\"og:url\" content=\"https:\/\/chateaufonroque.net\/en\/wine-growth\/alain-moueix-chateau-fonroque-2013\/\" \/>\n<meta property=\"og:site_name\" content=\"Ch\u00e2teau Fonroque\" \/>\n<meta property=\"article:modified_time\" content=\"2021-07-08T10:00:33+00:00\" \/>\n<meta property=\"og:image\" content=\"https:\/\/chateaufonroque.net\/wp-content\/uploads\/2024\/06\/Chateau-Fonroque.webp\" \/>\n\t<meta property=\"og:image:width\" content=\"1200\" \/>\n\t<meta property=\"og:image:height\" content=\"675\" \/>\n\t<meta property=\"og:image:type\" content=\"image\/webp\" \/>\n<meta name=\"twitter:card\" content=\"summary_large_image\" \/>\n<meta name=\"twitter:label1\" content=\"Est. reading time\" \/>\n\t<meta name=\"twitter:data1\" content=\"3 minutes\" \/>\n<script type=\"application\/ld+json\" class=\"yoast-schema-graph\">{\"@context\":\"https:\/\/schema.org\",\"@graph\":[{\"@type\":\"WebPage\",\"@id\":\"https:\/\/chateaufonroque.net\/en\/wine-growth\/alain-moueix-chateau-fonroque-2013\/\",\"url\":\"https:\/\/chateaufonroque.net\/en\/wine-growth\/alain-moueix-chateau-fonroque-2013\/\",\"name\":\"Alain Moueix - Ch\u00e2teau Fonroque 2013 - Ch\u00e2teau Fonroque\",\"isPartOf\":{\"@id\":\"https:\/\/chateaufonroque.net\/en\/#website\"},\"datePublished\":\"2021-07-08T09:28:43+00:00\",\"dateModified\":\"2021-07-08T10:00:33+00:00\",\"breadcrumb\":{\"@id\":\"https:\/\/chateaufonroque.net\/en\/wine-growth\/alain-moueix-chateau-fonroque-2013\/#breadcrumb\"},\"inLanguage\":\"en-US\",\"potentialAction\":[{\"@type\":\"ReadAction\",\"target\":[\"https:\/\/chateaufonroque.net\/en\/wine-growth\/alain-moueix-chateau-fonroque-2013\/\"]}]},{\"@type\":\"BreadcrumbList\",\"@id\":\"https:\/\/chateaufonroque.net\/en\/wine-growth\/alain-moueix-chateau-fonroque-2013\/#breadcrumb\",\"itemListElement\":[{\"@type\":\"ListItem\",\"position\":1,\"name\":\"Accueil\",\"item\":\"https:\/\/chateaufonroque.net\/en\/\"},{\"@type\":\"ListItem\",\"position\":2,\"name\":\"WINE GROWTH\",\"item\":\"https:\/\/chateaufonroque.net\/en\/wine-growth\/\"},{\"@type\":\"ListItem\",\"position\":3,\"name\":\"Alain Moueix &#8211; Ch\u00e2teau Fonroque 2013\"}]},{\"@type\":\"WebSite\",\"@id\":\"https:\/\/chateaufonroque.net\/en\/#website\",\"url\":\"https:\/\/chateaufonroque.net\/en\/\",\"name\":\"Ch\u00e2teau Fonroque\",\"description\":\"Grand Cru Class\u00e9 Saint-\u00c9milion\",\"potentialAction\":[{\"@type\":\"SearchAction\",\"target\":{\"@type\":\"EntryPoint\",\"urlTemplate\":\"https:\/\/chateaufonroque.net\/en\/?s={search_term_string}\"},\"query-input\":{\"@type\":\"PropertyValueSpecification\",\"valueRequired\":true,\"valueName\":\"search_term_string\"}}],\"inLanguage\":\"en-US\"}]}<\/script>\n<!-- \/ Yoast SEO plugin. -->","yoast_head_json":{"title":"Alain Moueix - Ch\u00e2teau Fonroque 2013 - Ch\u00e2teau Fonroque","robots":{"index":"index","follow":"follow","max-snippet":"max-snippet:-1","max-image-preview":"max-image-preview:large","max-video-preview":"max-video-preview:-1"},"canonical":"https:\/\/chateaufonroque.net\/en\/wine-growth\/alain-moueix-chateau-fonroque-2013\/","og_locale":"en_US","og_type":"article","og_title":"Alain Moueix - Ch\u00e2teau Fonroque 2013 - Ch\u00e2teau Fonroque","og_description":"[vc_row css_animation=&#8221;&#8221; row_type=&#8221;row&#8221; use_row_as_full_screen_section=&#8221;no&#8221; type=&#8221;grid&#8221; angled_section=&#8221;no&#8221; text_align=&#8221;left&#8221; background_image_as_pattern=&#8221;without_pattern&#8221; padding_bottom=&#8221;95&#8243;][vc_column width=&#8221;1\/6&#8243;][vc_empty_space height=&#8221;70px&#8221;][\/vc_column][vc_column width=&#8221;2\/3&#8243;][vc_single_image image=&#8221;16543&#8243; img_size=&#8221;full&#8221; qode_css_animation=&#8221;&#8221;][vc_empty_space height=&#8221;48px&#8221;][vc_column_text] Alain Moueix \u2013 Ch\u00e2teau Fonroque 2013 [\/vc_column_text][vc_separator type=&#8221;small&#8221; position=&#8221;left&#8221; width=&#8221;88&#8243; up=&#8221;38&#8243; down=&#8221;38&#8243;][vc_column_text el_class=&#8221;justif&#8221;]I choose 2013 because it was probably the most difficult vintage of my career, along with 1992....","og_url":"https:\/\/chateaufonroque.net\/en\/wine-growth\/alain-moueix-chateau-fonroque-2013\/","og_site_name":"Ch\u00e2teau Fonroque","article_modified_time":"2021-07-08T10:00:33+00:00","og_image":[{"width":1200,"height":675,"url":"https:\/\/chateaufonroque.net\/wp-content\/uploads\/2024\/06\/Chateau-Fonroque.webp","type":"image\/webp"}],"twitter_card":"summary_large_image","twitter_misc":{"Est. reading time":"3 minutes"},"schema":{"@context":"https:\/\/schema.org","@graph":[{"@type":"WebPage","@id":"https:\/\/chateaufonroque.net\/en\/wine-growth\/alain-moueix-chateau-fonroque-2013\/","url":"https:\/\/chateaufonroque.net\/en\/wine-growth\/alain-moueix-chateau-fonroque-2013\/","name":"Alain Moueix - Ch\u00e2teau Fonroque 2013 - Ch\u00e2teau Fonroque","isPartOf":{"@id":"https:\/\/chateaufonroque.net\/en\/#website"},"datePublished":"2021-07-08T09:28:43+00:00","dateModified":"2021-07-08T10:00:33+00:00","breadcrumb":{"@id":"https:\/\/chateaufonroque.net\/en\/wine-growth\/alain-moueix-chateau-fonroque-2013\/#breadcrumb"},"inLanguage":"en-US","potentialAction":[{"@type":"ReadAction","target":["https:\/\/chateaufonroque.net\/en\/wine-growth\/alain-moueix-chateau-fonroque-2013\/"]}]},{"@type":"BreadcrumbList","@id":"https:\/\/chateaufonroque.net\/en\/wine-growth\/alain-moueix-chateau-fonroque-2013\/#breadcrumb","itemListElement":[{"@type":"ListItem","position":1,"name":"Accueil","item":"https:\/\/chateaufonroque.net\/en\/"},{"@type":"ListItem","position":2,"name":"WINE GROWTH","item":"https:\/\/chateaufonroque.net\/en\/wine-growth\/"},{"@type":"ListItem","position":3,"name":"Alain Moueix &#8211; Ch\u00e2teau Fonroque 2013"}]},{"@type":"WebSite","@id":"https:\/\/chateaufonroque.net\/en\/#website","url":"https:\/\/chateaufonroque.net\/en\/","name":"Ch\u00e2teau Fonroque","description":"Grand Cru Class\u00e9 Saint-\u00c9milion","potentialAction":[{"@type":"SearchAction","target":{"@type":"EntryPoint","urlTemplate":"https:\/\/chateaufonroque.net\/en\/?s={search_term_string}"},"query-input":{"@type":"PropertyValueSpecification","valueRequired":true,"valueName":"search_term_string"}}],"inLanguage":"en-US"}]}},"_links":{"self":[{"href":"https:\/\/chateaufonroque.net\/en\/wp-json\/wp\/v2\/pages\/16646","targetHints":{"allow":["GET"]}}],"collection":[{"href":"https:\/\/chateaufonroque.net\/en\/wp-json\/wp\/v2\/pages"}],"about":[{"href":"https:\/\/chateaufonroque.net\/en\/wp-json\/wp\/v2\/types\/page"}],"author":[{"embeddable":true,"href":"https:\/\/chateaufonroque.net\/en\/wp-json\/wp\/v2\/users\/1"}],"replies":[{"embeddable":true,"href":"https:\/\/chateaufonroque.net\/en\/wp-json\/wp\/v2\/comments?post=16646"}],"version-history":[{"count":7,"href":"https:\/\/chateaufonroque.net\/en\/wp-json\/wp\/v2\/pages\/16646\/revisions"}],"predecessor-version":[{"id":16665,"href":"https:\/\/chateaufonroque.net\/en\/wp-json\/wp\/v2\/pages\/16646\/revisions\/16665"}],"up":[{"embeddable":true,"href":"https:\/\/chateaufonroque.net\/en\/wp-json\/wp\/v2\/pages\/16653"}],"wp:attachment":[{"href":"https:\/\/chateaufonroque.net\/en\/wp-json\/wp\/v2\/media?parent=16646"}],"curies":[{"name":"wp","href":"https:\/\/api.w.org\/{rel}","templated":true}]}}