{"id":16629,"date":"2021-07-08T11:08:19","date_gmt":"2021-07-08T09:08:19","guid":{"rendered":"http:\/\/chateaufonroque.net\/team\/"},"modified":"2025-11-19T16:55:20","modified_gmt":"2025-11-19T15:55:20","slug":"team","status":"publish","type":"page","link":"https:\/\/chateaufonroque.net\/en\/team\/","title":{"rendered":"Team"},"content":{"rendered":"<div class=\"wpb-content-wrapper\"><p>[vc_row css_animation=&#8221;&#8221; row_type=&#8221;row&#8221; use_row_as_full_screen_section=&#8221;no&#8221; type=&#8221;grid&#8221; angled_section=&#8221;no&#8221; text_align=&#8221;left&#8221; background_image_as_pattern=&#8221;without_pattern&#8221; padding_top=&#8221;87&#8243; padding_bottom=&#8221;34&#8243;][vc_column][vc_row_inner row_type=&#8221;row&#8221; type=&#8221;full_width&#8221; text_align=&#8221;left&#8221; css_animation=&#8221;&#8221;][vc_column_inner width=&#8221;1\/4&#8243;][\/vc_column_inner][vc_column_inner width=&#8221;1\/2&#8243;]<div class='q_team'><div class='q_team_inner'><div class='q_team_image'><img itemprop='image' src='https:\/\/chateaufonroque.net\/wp-content\/uploads\/2017\/02\/Alain-Moueix_nb.jpg' alt='Alain-Moueix_nb' \/><\/div><div class='q_team_text' ><div class='q_team_text_inner'><div class='q_team_title_holder'><h3 class='q_team_name' style = ''>Alain Moueix<\/h3><span style = ''>Estate Consultant<\/span><\/div><div class='separator small center' style = ''><\/div><\/div><div class='q_team_social_holder'><\/div><\/div><\/div><\/div>[vc_column_text css=&#8221;.vc_custom_1612447638053{padding-right: 30px !important;padding-bottom: 40px !important;padding-left: 30px !important;background-color: #ffffff !important;}&#8221; el_class=&#8221;justif&#8221;]Alain has been involved at Ch\u00e2teau Fonroque since 2001. An agricultural engineer and oenologist, he trained at INRA and in Burgundy, California and New Zealand, where he worked on two vintages in the Brajkovich family winery. He worked with Jean-Claude Berrouet throughout the 1990s as well as owning Ch\u00e2teau Saint-Andr\u00e9 Corbin, 25 hectares in Saint-Georges Saint-\u00c9milion, and he ran Ch\u00e2teau Mazeyres in Pomerol from 1992 to 2020. Throughout his career, Alain Moueix has taken on various community roles including President of the Association des Grands Crus Class\u00e9s de Saint-\u00c9milion, Vice-Premier Jurat of Saint-Emilion, and Vice President of Cercle Rive Droite. He is currently Vice President of Biodyvin, a syndicate of biodynamic winegrowers.<\/p>\n<p>&nbsp;<\/p>\n<p style=\"text-align: center;\"><a  itemprop=\"url\" href=\"https:\/\/chateaufonroque.net\/en\/alain-moueix\/\" target=\"_self\"  class=\"qbutton  small center default\" style=\"\">Watch<\/a><\/p>\n<p>[\/vc_column_text][vc_separator type=&#8221;transparent&#8221; up=&#8221;60&#8243; down=&#8221;0&#8243;][\/vc_column_inner][vc_column_inner width=&#8221;1\/4&#8243;][\/vc_column_inner][\/vc_row_inner][vc_row_inner row_type=&#8221;row&#8221; type=&#8221;full_width&#8221; text_align=&#8221;left&#8221; css_animation=&#8221;&#8221;][vc_column_inner width=&#8221;1\/2&#8243;]<div class='q_team'><div class='q_team_inner'><div class='q_team_image'><img itemprop='image' src='https:\/\/chateaufonroque.net\/wp-content\/uploads\/2021\/02\/Ludovic_nb.jpg' alt='Ludovic_nb' \/><\/div><div class='q_team_text' ><div class='q_team_text_inner'><div class='q_team_title_holder'><h3 class='q_team_name' style = ''>Ludovic Guibert<\/h3><span style = ''>Technical Director<\/span><\/div><div class='separator small center' style = ''><\/div><\/div><div class='q_team_social_holder'><\/div><\/div><\/div><\/div>[vc_column_text css=&#8221;.vc_custom_1612447479888{padding-right: 30px !important;padding-bottom: 40px !important;padding-left: 30px !important;background-color: #ffffff !important;}&#8221; el_class=&#8221;justif&#8221;]Ludovic has been involved in decisions relating to grape production, winemaking and blending since September 2020. His expertise gained at Ch\u00e2teau Mazeyres enables him to take a fresh look at Ch\u00e2teau Fonroque\u2019s wines. He still serves as a winemaking consultant for Chateau Mazeyres.[\/vc_column_text][vc_separator type=&#8221;transparent&#8221; up=&#8221;60&#8243; down=&#8221;0&#8243;][\/vc_column_inner][vc_column_inner width=&#8221;1\/2&#8243;]<div class='q_team'><div class='q_team_inner'><div class='q_team_image'><img itemprop='image' src='https:\/\/chateaufonroque.net\/wp-content\/uploads\/2017\/02\/Frederic-Purrey_nb.jpg' alt='Frederic-Purrey_nb' \/><\/div><div class='q_team_text' ><div class='q_team_text_inner'><div class='q_team_title_holder'><h3 class='q_team_name' style = ''>Fr\u00e9d\u00e9ric Purrey<\/h3><span style = ''>Viticultural Team Manager<\/span><\/div><div class='separator small center' style = ''><\/div><\/div><div class='q_team_social_holder'><\/div><\/div><\/div><\/div>[vc_column_text css=&#8221;.vc_custom_1612447564758{padding-right: 30px !important;padding-bottom: 40px !important;padding-left: 30px !important;background-color: #ffffff !important;}&#8221; el_class=&#8221;justif&#8221;]Fr\u00e9d\u00e9ric manages the viticultural team. He is also responsible for equipment maintenance and oversees seasonal workers. He is trained in biodynamics and its specific requirements.<\/p>\n<p>[vc_separator type=&#8217;small&#8217; position=&#8217;left&#8217; color=&#8217;#ffffff&#8217; thickness=&#8217;2&#8242; up=&#8217;10&#8217; down=&#8217;46&#8217;][\/vc_column_text][vc_separator type=&#8221;transparent&#8221; up=&#8221;60&#8243; down=&#8221;0&#8243;][\/vc_column_inner][\/vc_row_inner][vc_row_inner row_type=&#8221;row&#8221; type=&#8221;full_width&#8221; text_align=&#8221;left&#8221; css_animation=&#8221;&#8221;][vc_column_inner width=&#8221;1\/2&#8243;]<div class='q_team'><div class='q_team_inner'><div class='q_team_image'><img itemprop='image' src='https:\/\/chateaufonroque.net\/wp-content\/uploads\/2017\/02\/Damien-Perez_nb.jpg' alt='Damien-Perez_nb' \/><\/div><div class='q_team_text' ><div class='q_team_text_inner'><div class='q_team_title_holder'><h3 class='q_team_name' style = ''>Damien Perez<\/h3><span style = ''>Vine-Grower and Tractor Driver<\/span><\/div><div class='separator small center' style = ''><\/div><\/div><div class='q_team_social_holder'><\/div><\/div><\/div><\/div>[vc_column_text css=&#8221;.vc_custom_1563014157267{padding-right: 30px !important;padding-bottom: 40px !important;padding-left: 30px !important;background-color: #ffffff !important;}&#8221; el_class=&#8221;justif&#8221;]Damien serves as second in command to Fr\u00e9d\u00e9ric Purrey for viticultural work.<\/p>\n<p>[vc_separator type=&#8217;small&#8217; position=&#8217;left&#8217; color=&#8217;#ffffff&#8217; thickness=&#8217;2&#8242; up=&#8217;10&#8217; down=&#8217;0&#8242;][\/vc_column_text][vc_separator type=&#8221;transparent&#8221; up=&#8221;60&#8243; down=&#8221;0&#8243;][\/vc_column_inner][vc_column_inner width=&#8221;1\/2&#8243;]<div class='q_team'><div class='q_team_inner'><div class='q_team_image'><img itemprop='image' src='https:\/\/chateaufonroque.net\/wp-content\/uploads\/2023\/01\/IMG_5660-1-1.jpg' alt='IMG_5660-1' \/><\/div><div class='q_team_text' ><div class='q_team_text_inner'><div class='q_team_title_holder'><h3 class='q_team_name' style = ''>Anthony Chalard<\/h3><span style = ''>Vine-Grower and Tractor Driver<\/span><\/div><div class='separator small center' style = ''><\/div><\/div><div class='q_team_social_holder'><\/div><\/div><\/div><\/div>[vc_column_text css=&#8221;.vc_custom_1672925148258{padding-right: 30px !important;padding-bottom: 40px !important;padding-left: 30px !important;background-color: #ffffff !important;}&#8221; el_class=&#8221;justif&#8221;]Anthony is the final member of the vine-growing team and maintains the park.<\/p>\n<p>[vc_separator type=&#8217;small&#8217; position=&#8217;left&#8217; color=&#8217;#ffffff&#8217; thickness=&#8217;2&#8242; up=&#8217;10&#8217; down=&#8217;0&#8242;][\/vc_column_text][vc_separator type=&#8221;transparent&#8221; up=&#8221;60&#8243; down=&#8221;0&#8243;][\/vc_column_inner][\/vc_row_inner][vc_row_inner row_type=&#8221;row&#8221; type=&#8221;full_width&#8221; text_align=&#8221;left&#8221; css_animation=&#8221;&#8221;][vc_column_inner width=&#8221;1\/2&#8243;]<div class='q_team'><div class='q_team_inner'><div class='q_team_image'><img itemprop='image' src='https:\/\/chateaufonroque.net\/wp-content\/uploads\/2024\/12\/Yuki.jpg' alt='Yuki' \/><\/div><div class='q_team_text' ><div class='q_team_text_inner'><div class='q_team_title_holder'><h3 class='q_team_name' style = ''>Yuki Abe<\/h3><\/div><div class='separator small center' style = ''><\/div><\/div><div class='q_team_social_holder'><\/div><\/div><\/div><\/div>[vc_column_text css=&#8221;.vc_custom_1733494524310{padding-right: 30px !important;padding-bottom: 40px !important;padding-left: 30px !important;background-color: #ffffff !important;}&#8221; el_class=&#8221;justif&#8221;]Yuki is part of the winegrowing team and is also involved in the vinification process.<\/p>\n<p>[vc_separator type=&#8217;small&#8217; position=&#8217;left&#8217; color=&#8217;#ffffff&#8217; thickness=&#8217;2&#8242; up=&#8217;10&#8217; down=&#8217;2&#8242;][\/vc_column_text][vc_separator type=&#8221;transparent&#8221; up=&#8221;60&#8243; down=&#8221;0&#8243;][\/vc_column_inner][vc_column_inner width=&#8221;1\/2&#8243;]<div class='q_team'><div class='q_team_inner'><div class='q_team_image'><img itemprop='image' src='https:\/\/chateaufonroque.net\/wp-content\/uploads\/2024\/03\/portraits_perrine_02.jpg' alt='portraits_perrine_02' \/><\/div><div class='q_team_text' ><div class='q_team_text_inner'><div class='q_team_title_holder'><h3 class='q_team_name' style = ''>Perrine Huguier<\/h3><span style = ''>Accounting and Administration<\/span><\/div><div class='separator small center' style = ''><\/div><\/div><div class='q_team_social_holder'><\/div><\/div><\/div><\/div>[vc_column_text css=&#8221;.vc_custom_1763567577279{padding-right: 30px !important;padding-bottom: 40px !important;padding-left: 30px !important;background-color: #ffffff !important;}&#8221; el_class=&#8221;justif&#8221;]Perrine is responsible for the Ch\u00e2teau\u2019s accounting and administration.[vc_separator type=&#8217;small&#8217; position=&#8217;left&#8217; color=&#8217;#ffffff&#8217; thickness=&#8217;2&#8242; up=&#8217;10&#8217; down=&#8217;2&#8242;][\/vc_column_text][vc_separator type=&#8221;transparent&#8221; up=&#8221;60&#8243; down=&#8221;0&#8243;][\/vc_column_inner][\/vc_row_inner][vc_row_inner row_type=&#8221;row&#8221; type=&#8221;full_width&#8221; text_align=&#8221;left&#8221; css_animation=&#8221;&#8221;][vc_column_inner width=&#8221;1\/2&#8243;]<div class='q_team'><div class='q_team_inner'><div class='q_team_image'><img itemprop='image' src='https:\/\/chateaufonroque.net\/wp-content\/uploads\/2024\/10\/tom.png' alt='tom' \/><\/div><div class='q_team_text' ><div class='q_team_text_inner'><div class='q_team_title_holder'><h3 class='q_team_name' style = ''>Thomas Gallot<\/h3><\/div><div class='separator small center' style = ''><\/div><\/div><div class='q_team_social_holder'><\/div><\/div><\/div><\/div>[vc_column_text css=&#8221;.vc_custom_1625735623892{padding-right: 30px !important;padding-bottom: 40px !important;padding-left: 30px !important;background-color: #ffffff !important;}&#8221; el_class=&#8221;justif&#8221;]Tom joined the team in 2018 and works in the winery.<\/p>\n<p>[vc_separator type=&#8217;small&#8217; position=&#8217;left&#8217; color=&#8217;#ffffff&#8217; thickness=&#8217;2&#8242; up=&#8217;10&#8217; down=&#8217;38&#8217;][\/vc_column_text][vc_separator type=&#8221;transparent&#8221; up=&#8221;60&#8243; down=&#8221;0&#8243;][\/vc_column_inner][vc_column_inner width=&#8221;1\/2&#8243;]<div class='q_team'><div class='q_team_inner'><div class='q_team_image'><img itemprop='image' src='https:\/\/chateaufonroque.net\/wp-content\/uploads\/2024\/10\/patricia.png' alt='patricia' \/><\/div><div class='q_team_text' ><div class='q_team_text_inner'><div class='q_team_title_holder'><h3 class='q_team_name' style = ''>Patricia Mazere<\/h3><\/div><div class='separator small center' style = ''><\/div><\/div><div class='q_team_social_holder'><\/div><\/div><\/div><\/div>[vc_column_text css=&#8221;.vc_custom_1733477231620{padding-right: 30px !important;padding-bottom: 40px !important;padding-left: 30px !important;background-color: #ffffff !important;}&#8221; el_class=&#8221;justif&#8221;]Patricia joined the team in 2024 and handles a range of tasks on the vines.<\/p>\n<p>[vc_separator type=&#8217;small&#8217; position=&#8217;left&#8217; color=&#8217;#ffffff&#8217; thickness=&#8217;2&#8242; up=&#8217;10&#8217; down=&#8217;8&#8242;][\/vc_column_text][vc_separator type=&#8221;transparent&#8221; up=&#8221;60&#8243; down=&#8221;0&#8243;][\/vc_column_inner][\/vc_row_inner][vc_row_inner row_type=&#8221;row&#8221; type=&#8221;full_width&#8221; text_align=&#8221;left&#8221; css_animation=&#8221;&#8221;][vc_column_inner width=&#8221;1\/4&#8243;][\/vc_column_inner][vc_column_inner width=&#8221;1\/2&#8243;]<div class='q_team'><div class='q_team_inner'><div class='q_team_image'><img itemprop='image' src='https:\/\/chateaufonroque.net\/wp-content\/uploads\/2017\/02\/Laurent-Nougaro_nb.jpg' alt='Laurent-Nougaro_nb' \/><\/div><div class='q_team_text' ><div class='q_team_text_inner'><div class='q_team_title_holder'><h3 class='q_team_name' style = ''>Laurent Nougaro<\/h3><span style = ''>Technical Director until 2020<\/span><\/div><div class='separator small center' style = ''><\/div><\/div><div class='q_team_social_holder'><\/div><\/div><\/div><\/div>[vc_column_text css=&#8221;.vc_custom_1617286118007{padding-right: 30px !important;padding-bottom: 40px !important;padding-left: 30px !important;background-color: #ffffff !important;}&#8221; el_class=&#8221;justif&#8221;]Laurent was Technical Director of Ch\u00e2teau Fonroque from 2001 until his death in 2020. He was actively involved in developing the estate over a period of around twenty years: rejuvenating the vineyards, establishing organic then biodynamic cultivation, developing the wine style, and designing the new vat house. Laurent truly left his mark on the estate, and there is now a plot bearing his name.[\/vc_column_text][vc_separator type=&#8221;transparent&#8221; up=&#8221;60&#8243; down=&#8221;0&#8243;][\/vc_column_inner][vc_column_inner width=&#8221;1\/4&#8243;][\/vc_column_inner][\/vc_row_inner][\/vc_column][\/vc_row]<\/p>\n<\/div>","protected":false},"excerpt":{"rendered":"<p>[vc_row css_animation=&#8221;&#8221; row_type=&#8221;row&#8221; use_row_as_full_screen_section=&#8221;no&#8221; type=&#8221;grid&#8221; angled_section=&#8221;no&#8221; text_align=&#8221;left&#8221; background_image_as_pattern=&#8221;without_pattern&#8221; padding_top=&#8221;87&#8243; padding_bottom=&#8221;34&#8243;][vc_column][vc_row_inner row_type=&#8221;row&#8221; type=&#8221;full_width&#8221; text_align=&#8221;left&#8221; css_animation=&#8221;&#8221;][vc_column_inner width=&#8221;1\/4&#8243;][\/vc_column_inner][vc_column_inner width=&#8221;1\/2&#8243;][vc_column_text css=&#8221;.vc_custom_1612447638053{padding-right: 30px !important;padding-bottom: 40px !important;padding-left: 30px !important;background-color: #ffffff !important;}&#8221; el_class=&#8221;justif&#8221;]Alain has been involved at Ch\u00e2teau Fonroque since 2001. An agricultural engineer and oenologist, he trained at INRA and in&#8230;<\/p>\n","protected":false},"author":1,"featured_media":0,"parent":0,"menu_order":0,"comment_status":"closed","ping_status":"closed","template":"full_width.php","meta":{"_acf_changed":false,"footnotes":""},"class_list":["post-16629","page","type-page","status-publish","hentry"],"acf":[],"yoast_head":"<!-- This site is optimized with the Yoast SEO plugin v27.1.1 - https:\/\/yoast.com\/product\/yoast-seo-wordpress\/ -->\n<title>Team - Ch\u00e2teau Fonroque<\/title>\n<meta name=\"robots\" content=\"index, follow, max-snippet:-1, max-image-preview:large, max-video-preview:-1\" \/>\n<link rel=\"canonical\" href=\"https:\/\/chateaufonroque.net\/en\/team\/\" \/>\n<meta property=\"og:locale\" content=\"en_US\" \/>\n<meta property=\"og:type\" content=\"article\" \/>\n<meta property=\"og:title\" content=\"Team - Ch\u00e2teau Fonroque\" \/>\n<meta property=\"og:description\" content=\"[vc_row css_animation=&#8221;&#8221; row_type=&#8221;row&#8221; use_row_as_full_screen_section=&#8221;no&#8221; type=&#8221;grid&#8221; angled_section=&#8221;no&#8221; text_align=&#8221;left&#8221; background_image_as_pattern=&#8221;without_pattern&#8221; padding_top=&#8221;87&#8243; padding_bottom=&#8221;34&#8243;][vc_column][vc_row_inner row_type=&#8221;row&#8221; type=&#8221;full_width&#8221; text_align=&#8221;left&#8221; css_animation=&#8221;&#8221;][vc_column_inner width=&#8221;1\/4&#8243;][\/vc_column_inner][vc_column_inner width=&#8221;1\/2&#8243;][vc_column_text css=&#8221;.vc_custom_1612447638053{padding-right: 30px !important;padding-bottom: 40px !important;padding-left: 30px !important;background-color: #ffffff !important;}&#8221; el_class=&#8221;justif&#8221;]Alain has been involved at Ch\u00e2teau Fonroque since 2001. An agricultural engineer and oenologist, he trained at INRA and in...\" \/>\n<meta property=\"og:url\" content=\"https:\/\/chateaufonroque.net\/en\/team\/\" \/>\n<meta property=\"og:site_name\" content=\"Ch\u00e2teau Fonroque\" \/>\n<meta property=\"article:modified_time\" content=\"2025-11-19T15:55:20+00:00\" \/>\n<meta property=\"og:image\" content=\"https:\/\/chateaufonroque.net\/wp-content\/uploads\/2024\/06\/Chateau-Fonroque.webp\" \/>\n\t<meta property=\"og:image:width\" content=\"1200\" \/>\n\t<meta property=\"og:image:height\" content=\"675\" \/>\n\t<meta property=\"og:image:type\" content=\"image\/webp\" \/>\n<meta name=\"twitter:card\" content=\"summary_large_image\" \/>\n<meta name=\"twitter:label1\" content=\"Est. reading time\" \/>\n\t<meta name=\"twitter:data1\" content=\"10 minutes\" \/>\n<script type=\"application\/ld+json\" class=\"yoast-schema-graph\">{\"@context\":\"https:\/\/schema.org\",\"@graph\":[{\"@type\":\"WebPage\",\"@id\":\"https:\/\/chateaufonroque.net\/en\/team\/\",\"url\":\"https:\/\/chateaufonroque.net\/en\/team\/\",\"name\":\"Team - Ch\u00e2teau Fonroque\",\"isPartOf\":{\"@id\":\"https:\/\/chateaufonroque.net\/en\/#website\"},\"datePublished\":\"2021-07-08T09:08:19+00:00\",\"dateModified\":\"2025-11-19T15:55:20+00:00\",\"breadcrumb\":{\"@id\":\"https:\/\/chateaufonroque.net\/en\/team\/#breadcrumb\"},\"inLanguage\":\"en-US\",\"potentialAction\":[{\"@type\":\"ReadAction\",\"target\":[\"https:\/\/chateaufonroque.net\/en\/team\/\"]}]},{\"@type\":\"BreadcrumbList\",\"@id\":\"https:\/\/chateaufonroque.net\/en\/team\/#breadcrumb\",\"itemListElement\":[{\"@type\":\"ListItem\",\"position\":1,\"name\":\"Accueil\",\"item\":\"https:\/\/chateaufonroque.net\/en\/\"},{\"@type\":\"ListItem\",\"position\":2,\"name\":\"Team\"}]},{\"@type\":\"WebSite\",\"@id\":\"https:\/\/chateaufonroque.net\/en\/#website\",\"url\":\"https:\/\/chateaufonroque.net\/en\/\",\"name\":\"Ch\u00e2teau Fonroque\",\"description\":\"Grand Cru Class\u00e9 Saint-\u00c9milion\",\"potentialAction\":[{\"@type\":\"SearchAction\",\"target\":{\"@type\":\"EntryPoint\",\"urlTemplate\":\"https:\/\/chateaufonroque.net\/en\/?s={search_term_string}\"},\"query-input\":{\"@type\":\"PropertyValueSpecification\",\"valueRequired\":true,\"valueName\":\"search_term_string\"}}],\"inLanguage\":\"en-US\"}]}<\/script>\n<!-- \/ Yoast SEO plugin. -->","yoast_head_json":{"title":"Team - Ch\u00e2teau Fonroque","robots":{"index":"index","follow":"follow","max-snippet":"max-snippet:-1","max-image-preview":"max-image-preview:large","max-video-preview":"max-video-preview:-1"},"canonical":"https:\/\/chateaufonroque.net\/en\/team\/","og_locale":"en_US","og_type":"article","og_title":"Team - Ch\u00e2teau Fonroque","og_description":"[vc_row css_animation=&#8221;&#8221; row_type=&#8221;row&#8221; use_row_as_full_screen_section=&#8221;no&#8221; type=&#8221;grid&#8221; angled_section=&#8221;no&#8221; text_align=&#8221;left&#8221; background_image_as_pattern=&#8221;without_pattern&#8221; padding_top=&#8221;87&#8243; padding_bottom=&#8221;34&#8243;][vc_column][vc_row_inner row_type=&#8221;row&#8221; type=&#8221;full_width&#8221; text_align=&#8221;left&#8221; css_animation=&#8221;&#8221;][vc_column_inner width=&#8221;1\/4&#8243;][\/vc_column_inner][vc_column_inner width=&#8221;1\/2&#8243;][vc_column_text css=&#8221;.vc_custom_1612447638053{padding-right: 30px !important;padding-bottom: 40px !important;padding-left: 30px !important;background-color: #ffffff !important;}&#8221; el_class=&#8221;justif&#8221;]Alain has been involved at Ch\u00e2teau Fonroque since 2001. An agricultural engineer and oenologist, he trained at INRA and in...","og_url":"https:\/\/chateaufonroque.net\/en\/team\/","og_site_name":"Ch\u00e2teau Fonroque","article_modified_time":"2025-11-19T15:55:20+00:00","og_image":[{"width":1200,"height":675,"url":"https:\/\/chateaufonroque.net\/wp-content\/uploads\/2024\/06\/Chateau-Fonroque.webp","type":"image\/webp"}],"twitter_card":"summary_large_image","twitter_misc":{"Est. reading time":"10 minutes"},"schema":{"@context":"https:\/\/schema.org","@graph":[{"@type":"WebPage","@id":"https:\/\/chateaufonroque.net\/en\/team\/","url":"https:\/\/chateaufonroque.net\/en\/team\/","name":"Team - Ch\u00e2teau Fonroque","isPartOf":{"@id":"https:\/\/chateaufonroque.net\/en\/#website"},"datePublished":"2021-07-08T09:08:19+00:00","dateModified":"2025-11-19T15:55:20+00:00","breadcrumb":{"@id":"https:\/\/chateaufonroque.net\/en\/team\/#breadcrumb"},"inLanguage":"en-US","potentialAction":[{"@type":"ReadAction","target":["https:\/\/chateaufonroque.net\/en\/team\/"]}]},{"@type":"BreadcrumbList","@id":"https:\/\/chateaufonroque.net\/en\/team\/#breadcrumb","itemListElement":[{"@type":"ListItem","position":1,"name":"Accueil","item":"https:\/\/chateaufonroque.net\/en\/"},{"@type":"ListItem","position":2,"name":"Team"}]},{"@type":"WebSite","@id":"https:\/\/chateaufonroque.net\/en\/#website","url":"https:\/\/chateaufonroque.net\/en\/","name":"Ch\u00e2teau Fonroque","description":"Grand Cru Class\u00e9 Saint-\u00c9milion","potentialAction":[{"@type":"SearchAction","target":{"@type":"EntryPoint","urlTemplate":"https:\/\/chateaufonroque.net\/en\/?s={search_term_string}"},"query-input":{"@type":"PropertyValueSpecification","valueRequired":true,"valueName":"search_term_string"}}],"inLanguage":"en-US"}]}},"_links":{"self":[{"href":"https:\/\/chateaufonroque.net\/en\/wp-json\/wp\/v2\/pages\/16629","targetHints":{"allow":["GET"]}}],"collection":[{"href":"https:\/\/chateaufonroque.net\/en\/wp-json\/wp\/v2\/pages"}],"about":[{"href":"https:\/\/chateaufonroque.net\/en\/wp-json\/wp\/v2\/types\/page"}],"author":[{"embeddable":true,"href":"https:\/\/chateaufonroque.net\/en\/wp-json\/wp\/v2\/users\/1"}],"replies":[{"embeddable":true,"href":"https:\/\/chateaufonroque.net\/en\/wp-json\/wp\/v2\/comments?post=16629"}],"version-history":[{"count":23,"href":"https:\/\/chateaufonroque.net\/en\/wp-json\/wp\/v2\/pages\/16629\/revisions"}],"predecessor-version":[{"id":19429,"href":"https:\/\/chateaufonroque.net\/en\/wp-json\/wp\/v2\/pages\/16629\/revisions\/19429"}],"wp:attachment":[{"href":"https:\/\/chateaufonroque.net\/en\/wp-json\/wp\/v2\/media?parent=16629"}],"curies":[{"name":"wp","href":"https:\/\/api.w.org\/{rel}","templated":true}]}}