{"id":16622,"date":"2021-07-08T10:33:13","date_gmt":"2021-07-08T08:33:13","guid":{"rendered":"http:\/\/chateaufonroque.net\/legal-notice\/"},"modified":"2025-01-07T14:45:17","modified_gmt":"2025-01-07T13:45:17","slug":"legal-notice","status":"publish","type":"page","link":"https:\/\/chateaufonroque.net\/en\/legal-notice\/","title":{"rendered":"Legal Notice"},"content":{"rendered":"<div class=\"wpb-content-wrapper\"><p>[vc_row css_animation=&#8221;&#8221; row_type=&#8221;row&#8221; use_row_as_full_screen_section=&#8221;no&#8221; type=&#8221;grid&#8221; angled_section=&#8221;no&#8221; text_align=&#8221;left&#8221; background_image_as_pattern=&#8221;without_pattern&#8221; background_color=&#8221;#ffffff&#8221; padding_top=&#8221;57&#8243; padding_bottom=&#8221;95&#8243; css=&#8221;.vc_custom_1491139068112{padding-top: 2px !important;padding-right: 2px !important;padding-bottom: 2px !important;padding-left: 2px !important;}&#8221;][vc_column][vc_empty_space height=&#8221;100px&#8221;][vc_column_text el_class=&#8221;justif&#8221;]<\/p>\n<h2>CREDITS<\/h2>\n<p>Company name:\u00a0 Ch\u00e2teau Fonroque<\/p>\n<p>&nbsp;<\/p>\n<p>The photographs on this site were taken by Fr\u00e9d\u00e9ric Lallemand \u00a9, Laurent Edeline \u00a9, Morgan Sinclair \u00a9 et Isabelle Rozenbaum \u00a9.\u00a0Some photos were taken during events by Claude Lada \u00a9, Anaka\u00a0\u00a9..<br \/>\nThe illustrations are by Nathalie Bas \u00a9<br \/>\nThe texts were written by Ambre oZ Moueix from the words of Alain Moueix, collected and transcribed \u00a9<\/p>\n<p>Music from &#8220;Music While Drowning&#8221; (Ambre Moueix &#8211; Christophe Jodet) \u00a9<\/p>\n<p>&nbsp;<\/p>\n<p>The site was designed by <a href=\"http:\/\/neardesign.net\/\" target=\"_blank\" rel=\"noopener noreferrer\">Juan Clemente \/ Near design<\/a><br \/>\nThis site is hosted by <a href=\"https:\/\/www.ovh.com\/fr\/dlp\/mentions-legales.xml\" target=\"_blank\" rel=\"noopener noreferrer\">soci\u00e9t\u00e9 OVH<\/a><\/p>\n<p>&nbsp;<\/p>\n<p>&nbsp;<\/p>\n<h2>ROYALTIES, TEXTS, PHOTOS, LINKS &#8211; COPYRIGHT \u00a9<\/h2>\n<p class=\"\">French copyright concerns the rights of creators. The principle of copyright protection is set out in Article L. 111-1 of the French Intellectual Property Code, which states that <em>\u201cthe author of a work of the mind enjoys an exclusive intangible property right over this work, by the sole fact of its creation, which is enforceable against all. This right includes intellectual and moral attributes as well as proprietary attributes.\u201d<\/em><\/p>\n<p class=\"\">All of these rights are contained in the first part of the French Intellectual Property Code, which codifies the laws of 11 March 1957, 3 July 1985, 1 August 2006, 12 June 2009 and 28 October 2009.<\/p>\n<p class=\"\">In its decision No. 2006-540 DC of 27 July 2006, the Constitutional Council considered that intellectual property rights, and in particular copyright and related rights, fall within the scope of the right to property, which is one of the human rights enshrined in Article 2 of the 1789 Declaration of the Rights of Man and of the Citizen.<\/p>\n<p>&nbsp;<\/p>\n<p>The www.chateaufonroque.net\/ website is the property of the company Ch\u00e2teau Fonroque. The entire site is subject to French and international legislation on copyright and intellectual property. Any representation, use or reproduction (in its form or content) of the www.chateaufonroque.net\/ website is strictly forbidden without prior written authorisation from the company Ch\u00e2teau Fonroque. In all cases, it will be subject to the obligation to clearly and legibly indicate the address of the site: www.chateaufonroque.net\/. The establishment of any hypertext link to this site is subject to the same rules. Any images, texts or graphic elements used without the consent of Ch\u00e2teau Fonroque may be subject to legal action.<\/p>\n<p>&nbsp;<\/p>\n<p>The content of the <a href=\"http:\/\/www.chateaufonroque.net\">www.chateaufonroque.net<\/a> website has no contractual value.<\/p>\n<p>&nbsp;<\/p>\n<p>The information and content on this site are provided for information purposes only and are subject to change at any time without notice. Ch\u00e2teau Fonroque cannot be held responsible in any way for the use of this information for private or professional purposes.<\/p>\n<p>&nbsp;<\/p>\n<p>&nbsp;<\/p>\n<h2>NOTICE<\/h2>\n<p>The information put on the website is intended to present the company Ch\u00e2teau Fonroque. Its accuracy is checked periodically and updated regularly. Errors or omissions beyond the control of Ch\u00e2teau Fonroque may nevertheless occur in the pages of its site. In any event, the Ch\u00e2teau Fonroque company cannot be held responsible for any direct or indirect damage (in particular any financial or commercial damage, loss of programs or data) resulting from the use of its site and the use of the data and information published on it. Ch\u00e2teau Fonroque also declines all responsibility for any damage related to the use of hypertext links on its site and to the consultation of sites to which they refer. It is specifically recalled that Ch\u00e2teau Fonroque has no control over or responsibility for the content of these sites. It is therefore the responsibility of each Internet user to take the necessary precautions to ensure that the site selected is not infected with a virus or other parasite of a destructive nature.<\/p>\n<p>&nbsp;<\/p>\n<p>&nbsp;<\/p>\n<h2>EVIN LAW<\/h2>\n<p>Alcohol abuse is dangerous for your health. To be consumed in moderation.<\/p>\n<p>&nbsp;<\/p>\n<p>&nbsp;<\/p>\n<h2>PERSONAL INFORMATION<\/h2>\n<p>This website, which contains nominative information about its partners, has been declared to the CNIL. The information collected through our contact and newsletter forms is only intended to provide information and enable us to answer questions from Internet users. No personal information is passed on to third parties. In accordance with the French law of 6 January 1978 on information technology and civil liberties, Internet users have the right to access and rectify information concerning them. If you wish to exercise this right and obtain communication or removal of the information concerning you (you may, for legitimate reasons, object to the processing of your data), please contact us at the following address:<\/p>\n<p><strong>Ch\u00e2teau Fonroque<\/strong><br \/>\n33330 Saint-Emilion<br \/>\nTelephone: 05 57 24 60 02<br \/>\nFax: 05 57 24 74 59<\/p>\n<p>&nbsp;<\/p>\n<p>&nbsp;<\/p>\n<h2>COOKIES<\/h2>\n<p>The user is informed that during their visits to the site, a cookie may be automatically installed on their browser (a cookie is a block of data that does not allow the user to be identified but which is used to record information relating to the user&#8217;s browsing on the site). In general, this cookie contains an identification number or code that allows us to recognize you when you return to our site. The implementation of these systems simply allows us to collect statistical data in order to improve our site and better meet your needs. The data will not be passed on to third parties under any circumstances. We remind you that your browser has features that allow you to refuse to accept cookies, to be warned before accepting cookies, or to delete them.<\/p>\n<p>For more information on cookies and the various requirements described above, we recommend that you visit the CNIL website <a href=\"http:\/\/www.cnil.fr\/\" target=\"_new\" rel=\"noopener\">http:\/\/www.cnil.fr\/<\/a>[\/vc_column_text][vc_separator type=&#8221;transparent&#8221; up=&#8221;45&#8243; down=&#8221;45&#8243;][\/vc_column][\/vc_row]<\/p>\n<\/div>","protected":false},"excerpt":{"rendered":"<p>[vc_row css_animation=&#8221;&#8221; row_type=&#8221;row&#8221; use_row_as_full_screen_section=&#8221;no&#8221; type=&#8221;grid&#8221; angled_section=&#8221;no&#8221; text_align=&#8221;left&#8221; background_image_as_pattern=&#8221;without_pattern&#8221; background_color=&#8221;#ffffff&#8221; padding_top=&#8221;57&#8243; padding_bottom=&#8221;95&#8243; css=&#8221;.vc_custom_1491139068112{padding-top: 2px !important;padding-right: 2px !important;padding-bottom: 2px !important;padding-left: 2px !important;}&#8221;][vc_column][vc_empty_space height=&#8221;100px&#8221;][vc_column_text el_class=&#8221;justif&#8221;] CREDITS Company name:\u00a0 Ch\u00e2teau Fonroque &nbsp; The photographs on this site were taken by Fr\u00e9d\u00e9ric Lallemand \u00a9, Laurent Edeline \u00a9, Morgan Sinclair \u00a9&#8230;<\/p>\n","protected":false},"author":1,"featured_media":0,"parent":0,"menu_order":101,"comment_status":"closed","ping_status":"closed","template":"full_width.php","meta":{"_acf_changed":false,"footnotes":""},"class_list":["post-16622","page","type-page","status-publish","hentry"],"acf":[],"yoast_head":"<!-- This site is optimized with the Yoast SEO plugin v27.1.1 - https:\/\/yoast.com\/product\/yoast-seo-wordpress\/ -->\n<title>Legal Notice - Ch\u00e2teau Fonroque<\/title>\n<meta name=\"robots\" content=\"index, follow, max-snippet:-1, max-image-preview:large, max-video-preview:-1\" \/>\n<link rel=\"canonical\" href=\"https:\/\/chateaufonroque.net\/en\/legal-notice\/\" \/>\n<meta property=\"og:locale\" content=\"en_US\" \/>\n<meta property=\"og:type\" content=\"article\" \/>\n<meta property=\"og:title\" content=\"Legal Notice - Ch\u00e2teau Fonroque\" \/>\n<meta property=\"og:description\" content=\"[vc_row css_animation=&#8221;&#8221; row_type=&#8221;row&#8221; use_row_as_full_screen_section=&#8221;no&#8221; type=&#8221;grid&#8221; angled_section=&#8221;no&#8221; text_align=&#8221;left&#8221; background_image_as_pattern=&#8221;without_pattern&#8221; background_color=&#8221;#ffffff&#8221; padding_top=&#8221;57&#8243; padding_bottom=&#8221;95&#8243; css=&#8221;.vc_custom_1491139068112{padding-top: 2px !important;padding-right: 2px !important;padding-bottom: 2px !important;padding-left: 2px !important;}&#8221;][vc_column][vc_empty_space height=&#8221;100px&#8221;][vc_column_text el_class=&#8221;justif&#8221;] CREDITS Company name:\u00a0 Ch\u00e2teau Fonroque &nbsp; The photographs on this site were taken by Fr\u00e9d\u00e9ric Lallemand \u00a9, Laurent Edeline \u00a9, Morgan Sinclair \u00a9...\" \/>\n<meta property=\"og:url\" content=\"https:\/\/chateaufonroque.net\/en\/legal-notice\/\" \/>\n<meta property=\"og:site_name\" content=\"Ch\u00e2teau Fonroque\" \/>\n<meta property=\"article:modified_time\" content=\"2025-01-07T13:45:17+00:00\" \/>\n<meta property=\"og:image\" content=\"https:\/\/chateaufonroque.net\/wp-content\/uploads\/2024\/06\/Chateau-Fonroque.webp\" \/>\n\t<meta property=\"og:image:width\" content=\"1200\" \/>\n\t<meta property=\"og:image:height\" content=\"675\" \/>\n\t<meta property=\"og:image:type\" content=\"image\/webp\" \/>\n<meta name=\"twitter:card\" content=\"summary_large_image\" \/>\n<meta name=\"twitter:label1\" content=\"Est. reading time\" \/>\n\t<meta name=\"twitter:data1\" content=\"5 minutes\" \/>\n<script type=\"application\/ld+json\" class=\"yoast-schema-graph\">{\"@context\":\"https:\/\/schema.org\",\"@graph\":[{\"@type\":\"WebPage\",\"@id\":\"https:\/\/chateaufonroque.net\/en\/legal-notice\/\",\"url\":\"https:\/\/chateaufonroque.net\/en\/legal-notice\/\",\"name\":\"Legal Notice - Ch\u00e2teau Fonroque\",\"isPartOf\":{\"@id\":\"https:\/\/chateaufonroque.net\/en\/#website\"},\"datePublished\":\"2021-07-08T08:33:13+00:00\",\"dateModified\":\"2025-01-07T13:45:17+00:00\",\"breadcrumb\":{\"@id\":\"https:\/\/chateaufonroque.net\/en\/legal-notice\/#breadcrumb\"},\"inLanguage\":\"en-US\",\"potentialAction\":[{\"@type\":\"ReadAction\",\"target\":[\"https:\/\/chateaufonroque.net\/en\/legal-notice\/\"]}]},{\"@type\":\"BreadcrumbList\",\"@id\":\"https:\/\/chateaufonroque.net\/en\/legal-notice\/#breadcrumb\",\"itemListElement\":[{\"@type\":\"ListItem\",\"position\":1,\"name\":\"Accueil\",\"item\":\"https:\/\/chateaufonroque.net\/en\/\"},{\"@type\":\"ListItem\",\"position\":2,\"name\":\"Legal Notice\"}]},{\"@type\":\"WebSite\",\"@id\":\"https:\/\/chateaufonroque.net\/en\/#website\",\"url\":\"https:\/\/chateaufonroque.net\/en\/\",\"name\":\"Ch\u00e2teau Fonroque\",\"description\":\"Grand Cru Class\u00e9 Saint-\u00c9milion\",\"potentialAction\":[{\"@type\":\"SearchAction\",\"target\":{\"@type\":\"EntryPoint\",\"urlTemplate\":\"https:\/\/chateaufonroque.net\/en\/?s={search_term_string}\"},\"query-input\":{\"@type\":\"PropertyValueSpecification\",\"valueRequired\":true,\"valueName\":\"search_term_string\"}}],\"inLanguage\":\"en-US\"}]}<\/script>\n<!-- \/ Yoast SEO plugin. -->","yoast_head_json":{"title":"Legal Notice - Ch\u00e2teau Fonroque","robots":{"index":"index","follow":"follow","max-snippet":"max-snippet:-1","max-image-preview":"max-image-preview:large","max-video-preview":"max-video-preview:-1"},"canonical":"https:\/\/chateaufonroque.net\/en\/legal-notice\/","og_locale":"en_US","og_type":"article","og_title":"Legal Notice - Ch\u00e2teau Fonroque","og_description":"[vc_row css_animation=&#8221;&#8221; row_type=&#8221;row&#8221; use_row_as_full_screen_section=&#8221;no&#8221; type=&#8221;grid&#8221; angled_section=&#8221;no&#8221; text_align=&#8221;left&#8221; background_image_as_pattern=&#8221;without_pattern&#8221; background_color=&#8221;#ffffff&#8221; padding_top=&#8221;57&#8243; padding_bottom=&#8221;95&#8243; css=&#8221;.vc_custom_1491139068112{padding-top: 2px !important;padding-right: 2px !important;padding-bottom: 2px !important;padding-left: 2px !important;}&#8221;][vc_column][vc_empty_space height=&#8221;100px&#8221;][vc_column_text el_class=&#8221;justif&#8221;] CREDITS Company name:\u00a0 Ch\u00e2teau Fonroque &nbsp; The photographs on this site were taken by Fr\u00e9d\u00e9ric Lallemand \u00a9, Laurent Edeline \u00a9, Morgan Sinclair \u00a9...","og_url":"https:\/\/chateaufonroque.net\/en\/legal-notice\/","og_site_name":"Ch\u00e2teau Fonroque","article_modified_time":"2025-01-07T13:45:17+00:00","og_image":[{"width":1200,"height":675,"url":"https:\/\/chateaufonroque.net\/wp-content\/uploads\/2024\/06\/Chateau-Fonroque.webp","type":"image\/webp"}],"twitter_card":"summary_large_image","twitter_misc":{"Est. reading time":"5 minutes"},"schema":{"@context":"https:\/\/schema.org","@graph":[{"@type":"WebPage","@id":"https:\/\/chateaufonroque.net\/en\/legal-notice\/","url":"https:\/\/chateaufonroque.net\/en\/legal-notice\/","name":"Legal Notice - Ch\u00e2teau Fonroque","isPartOf":{"@id":"https:\/\/chateaufonroque.net\/en\/#website"},"datePublished":"2021-07-08T08:33:13+00:00","dateModified":"2025-01-07T13:45:17+00:00","breadcrumb":{"@id":"https:\/\/chateaufonroque.net\/en\/legal-notice\/#breadcrumb"},"inLanguage":"en-US","potentialAction":[{"@type":"ReadAction","target":["https:\/\/chateaufonroque.net\/en\/legal-notice\/"]}]},{"@type":"BreadcrumbList","@id":"https:\/\/chateaufonroque.net\/en\/legal-notice\/#breadcrumb","itemListElement":[{"@type":"ListItem","position":1,"name":"Accueil","item":"https:\/\/chateaufonroque.net\/en\/"},{"@type":"ListItem","position":2,"name":"Legal Notice"}]},{"@type":"WebSite","@id":"https:\/\/chateaufonroque.net\/en\/#website","url":"https:\/\/chateaufonroque.net\/en\/","name":"Ch\u00e2teau Fonroque","description":"Grand Cru Class\u00e9 Saint-\u00c9milion","potentialAction":[{"@type":"SearchAction","target":{"@type":"EntryPoint","urlTemplate":"https:\/\/chateaufonroque.net\/en\/?s={search_term_string}"},"query-input":{"@type":"PropertyValueSpecification","valueRequired":true,"valueName":"search_term_string"}}],"inLanguage":"en-US"}]}},"_links":{"self":[{"href":"https:\/\/chateaufonroque.net\/en\/wp-json\/wp\/v2\/pages\/16622","targetHints":{"allow":["GET"]}}],"collection":[{"href":"https:\/\/chateaufonroque.net\/en\/wp-json\/wp\/v2\/pages"}],"about":[{"href":"https:\/\/chateaufonroque.net\/en\/wp-json\/wp\/v2\/types\/page"}],"author":[{"embeddable":true,"href":"https:\/\/chateaufonroque.net\/en\/wp-json\/wp\/v2\/users\/1"}],"replies":[{"embeddable":true,"href":"https:\/\/chateaufonroque.net\/en\/wp-json\/wp\/v2\/comments?post=16622"}],"version-history":[{"count":15,"href":"https:\/\/chateaufonroque.net\/en\/wp-json\/wp\/v2\/pages\/16622\/revisions"}],"predecessor-version":[{"id":19376,"href":"https:\/\/chateaufonroque.net\/en\/wp-json\/wp\/v2\/pages\/16622\/revisions\/19376"}],"wp:attachment":[{"href":"https:\/\/chateaufonroque.net\/en\/wp-json\/wp\/v2\/media?parent=16622"}],"curies":[{"name":"wp","href":"https:\/\/api.w.org\/{rel}","templated":true}]}}