{"id":16618,"date":"2021-07-08T10:30:23","date_gmt":"2021-07-08T08:30:23","guid":{"rendered":"http:\/\/chateaufonroque.net\/terroir\/"},"modified":"2023-11-24T11:36:15","modified_gmt":"2023-11-24T10:36:15","slug":"terroir","status":"publish","type":"page","link":"https:\/\/chateaufonroque.net\/en\/terroir\/","title":{"rendered":"Terroir"},"content":{"rendered":"<div class=\"wpb-content-wrapper\"><p>[vc_row css_animation=&#8221;&#8221; row_type=&#8221;row&#8221; use_row_as_full_screen_section=&#8221;no&#8221; type=&#8221;grid&#8221; angled_section=&#8221;no&#8221; text_align=&#8221;left&#8221; background_image_as_pattern=&#8221;without_pattern&#8221; background_color=&#8221;#ffffff&#8221; padding_top=&#8221;57&#8243; padding_bottom=&#8221;95&#8243; css=&#8221;.vc_custom_1491234899650{padding-top: 2px !important;padding-right: 2px !important;padding-bottom: 2px !important;padding-left: 2px !important;}&#8221;][vc_column][vc_empty_space height=&#8221;100px&#8221;][vc_column_text]<\/p>\n<h2 style=\"text-align: left;\">FONROQUE SOILS<\/h2>\n<p>[\/vc_column_text][vc_separator type=&#8221;small&#8221; position=&#8221;left&#8221; up=&#8221;7&#8243; down=&#8221;38&#8243;][vc_column_text]<\/p>\n<h3 style=\"text-align: left; font-size: 20px; line-height: 28px;\"><span style=\"color: #deb900;\">LIMESTONE<br \/>\nLIMESTONE CLAY<br \/>\nSANDY LOAMY CLAY<\/span><\/h3>\n<p>[\/vc_column_text][vc_separator type=&#8221;transparent&#8221; up=&#8221;60&#8243; down=&#8221;10&#8243;][vc_column_text el_class=&#8221;justif&#8221;]<strong><br \/>\n<\/strong><\/p>\n<p>&nbsp;<\/p>\n<p><strong>The Fonroque estate covers 20 hectares, a few hundred metres north west of the village of Saint-Emilion. The single 17.6-hectare stretch of land where the vineyards stand is spread over a plateau and a west-facing hillside. Its most expressive daily palette emerges at sunset.<\/strong><\/p>\n<p><strong>\u00a0<\/strong><\/p>\n<p>The entire Saint-Emilion area was eroded by the movement of the Dordogne river. These historical origins have left their mark, and Fonroque is particularly affected by these geological vagaries. The estate is a beautiful mosaic of three main soil types in the area around the village of Saint-Emilion. <strong>The limestone plateau<\/strong>, first of all, is made up of fairly light soils over a starfish limestone rock with a high marine fossil content. Then come a <strong>clay-limestone hillside<\/strong> and <strong>sandy loamy clay at the foot of the hill.<\/strong> The limestone plateau is home to all the historic Premiers Grands Crus, with the exception of Cheval Blanc and Figeac which sit on the border with Pomerol. This plateau, which surrounds the village, is therefore the historic and premium quality heart of Saint-Emilion.<\/p>\n<p>&nbsp;<\/p>\n<blockquote>\n<ul>\n<li>The highest part of the estate is on the far west of the plateau. The soils here are fairly shallow, between thirty and sixty centimetres, and rather light and easily draining because they contain more sand than clay. Pebbles are therefore not far away. Roots pass through this soft soil to the rock below, and thus benefit from the moisture that rises from there. <strong>This ensures long-lasting, upright wines with the tension of an arrow poised for flight<\/strong>. These terroirs produce elegance. The classic discipline of these wines does not make them immediately seductive during en primeur season, but maturation gives them a refined beauty and delicate finesse that brings their expression to the fore.<\/li>\n<\/ul>\n<\/blockquote>\n<p>&nbsp;<\/p>\n<blockquote>\n<ul>\n<li>On the limestone-clay hillside, the rock is deeper, so the clay is deposited and mixes with the limestone. <strong>Once clay plays a role in the soil, wines broaden<\/strong>. On the palate, the attack immediately creates a sensation of a strong, vast presence. The effect of the limestone comes through in the finish, where it adds energy and freshness. At the top of the hillside, where limestone reigns, wines are therefore very fresh, whilst the area lower down provides a bedrock for the wine.<\/li>\n<\/ul>\n<\/blockquote>\n<p>&nbsp;<\/p>\n<blockquote>\n<ul>\n<li>\u2022 Finally, the sandy loamy clay at the bottom of the hill \u2013 with the iron oxide it contains and the limestone brought in by the rain \u2013 <strong>produces well-rounded, generous wines<\/strong>.<\/li>\n<\/ul>\n<\/blockquote>\n<p>&nbsp;<\/p>\n<p><strong>The bottom plots therefore offer a very fruity style, becoming more floral the higher you go.<\/strong><\/p>\n<p><strong>The wines form a pleasing vertical spectrum up to the limestone plateau, where you find humus, truffle and mushroom aromas.<\/strong><\/p>\n<p>&nbsp;<\/p>\n<p>In Burgundy all of this would be separated out, as the resulting wines are very different in terms of their shape and their aromatic expression. However, Bordeaux has a tradition of blending in the spirit of synergy, making a whole that is better than the sum of its parts. We are looking for refinement, complexity and uniqueness, in which the act of creation (like in painting or music) is key.<\/p>\n<p>&nbsp;<\/p>\n<p><strong>We have built a new winery facility at Ch\u00e2teau Fonroque. <\/strong><\/p>\n<p><strong>It contains a series of small vats able to hold the perfect quantity for each soil subtype, enabling a hugely subtle touch to the final creative work and allowing each element to shine and enrich the final blend.<\/strong>[\/vc_column_text][vc_separator type=&#8221;transparent&#8221; up=&#8221;45&#8243; down=&#8221;45&#8243;][\/vc_column][\/vc_row][vc_row css_animation=&#8221;&#8221; row_type=&#8221;row&#8221; use_row_as_full_screen_section=&#8221;no&#8221; type=&#8221;grid&#8221; angled_section=&#8221;no&#8221; text_align=&#8221;left&#8221; background_image_as_pattern=&#8221;without_pattern&#8221; background_color=&#8221;#f2f2f2&#8243; padding_top=&#8221;57&#8243; padding_bottom=&#8221;95&#8243;][vc_column][vc_separator type=&#8221;transparent&#8221; up=&#8221;55&#8243; down=&#8221;45&#8243;][vc_single_image image=&#8221;16478&#8243; img_size=&#8221;595&#215;600&#8243; alignment=&#8221;center&#8221; qode_css_animation=&#8221;&#8221;][vc_separator type=&#8221;transparent&#8221; up=&#8221;25&#8243; down=&#8221;45&#8243;][\/vc_column][\/vc_row]<\/p>\n<\/div>","protected":false},"excerpt":{"rendered":"<p>[vc_row css_animation=&#8221;&#8221; row_type=&#8221;row&#8221; use_row_as_full_screen_section=&#8221;no&#8221; type=&#8221;grid&#8221; angled_section=&#8221;no&#8221; text_align=&#8221;left&#8221; background_image_as_pattern=&#8221;without_pattern&#8221; background_color=&#8221;#ffffff&#8221; padding_top=&#8221;57&#8243; padding_bottom=&#8221;95&#8243; css=&#8221;.vc_custom_1491234899650{padding-top: 2px !important;padding-right: 2px !important;padding-bottom: 2px !important;padding-left: 2px !important;}&#8221;][vc_column][vc_empty_space height=&#8221;100px&#8221;][vc_column_text] FONROQUE SOILS [\/vc_column_text][vc_separator type=&#8221;small&#8221; position=&#8221;left&#8221; up=&#8221;7&#8243; down=&#8221;38&#8243;][vc_column_text] LIMESTONE LIMESTONE CLAY SANDY LOAMY CLAY [\/vc_column_text][vc_separator type=&#8221;transparent&#8221; up=&#8221;60&#8243; down=&#8221;10&#8243;][vc_column_text el_class=&#8221;justif&#8221;] &nbsp; The Fonroque estate covers 20&#8230;<\/p>\n","protected":false},"author":1,"featured_media":0,"parent":0,"menu_order":0,"comment_status":"closed","ping_status":"closed","template":"full_width.php","meta":{"_acf_changed":false,"footnotes":""},"class_list":["post-16618","page","type-page","status-publish","hentry"],"acf":[],"yoast_head":"<!-- This site is optimized with the Yoast SEO plugin v27.1.1 - https:\/\/yoast.com\/product\/yoast-seo-wordpress\/ -->\n<title>Terroir - Ch\u00e2teau Fonroque<\/title>\n<meta name=\"robots\" content=\"index, follow, max-snippet:-1, max-image-preview:large, max-video-preview:-1\" \/>\n<link rel=\"canonical\" href=\"https:\/\/chateaufonroque.net\/en\/terroir\/\" \/>\n<meta property=\"og:locale\" content=\"en_US\" \/>\n<meta property=\"og:type\" content=\"article\" \/>\n<meta property=\"og:title\" content=\"Terroir - Ch\u00e2teau Fonroque\" \/>\n<meta property=\"og:description\" content=\"[vc_row css_animation=&#8221;&#8221; row_type=&#8221;row&#8221; use_row_as_full_screen_section=&#8221;no&#8221; type=&#8221;grid&#8221; angled_section=&#8221;no&#8221; text_align=&#8221;left&#8221; background_image_as_pattern=&#8221;without_pattern&#8221; background_color=&#8221;#ffffff&#8221; padding_top=&#8221;57&#8243; padding_bottom=&#8221;95&#8243; css=&#8221;.vc_custom_1491234899650{padding-top: 2px !important;padding-right: 2px !important;padding-bottom: 2px !important;padding-left: 2px !important;}&#8221;][vc_column][vc_empty_space height=&#8221;100px&#8221;][vc_column_text] FONROQUE SOILS [\/vc_column_text][vc_separator type=&#8221;small&#8221; position=&#8221;left&#8221; up=&#8221;7&#8243; down=&#8221;38&#8243;][vc_column_text] LIMESTONE LIMESTONE CLAY SANDY LOAMY CLAY [\/vc_column_text][vc_separator type=&#8221;transparent&#8221; up=&#8221;60&#8243; down=&#8221;10&#8243;][vc_column_text el_class=&#8221;justif&#8221;] &nbsp; The Fonroque estate covers 20...\" \/>\n<meta property=\"og:url\" content=\"https:\/\/chateaufonroque.net\/en\/terroir\/\" \/>\n<meta property=\"og:site_name\" content=\"Ch\u00e2teau Fonroque\" \/>\n<meta property=\"article:modified_time\" content=\"2023-11-24T10:36:15+00:00\" \/>\n<meta property=\"og:image\" content=\"https:\/\/chateaufonroque.net\/wp-content\/uploads\/2024\/06\/Chateau-Fonroque.webp\" \/>\n\t<meta property=\"og:image:width\" content=\"1200\" \/>\n\t<meta property=\"og:image:height\" content=\"675\" \/>\n\t<meta property=\"og:image:type\" content=\"image\/webp\" \/>\n<meta name=\"twitter:card\" content=\"summary_large_image\" \/>\n<meta name=\"twitter:label1\" content=\"Est. reading time\" \/>\n\t<meta name=\"twitter:data1\" content=\"4 minutes\" \/>\n<script type=\"application\/ld+json\" class=\"yoast-schema-graph\">{\"@context\":\"https:\/\/schema.org\",\"@graph\":[{\"@type\":\"WebPage\",\"@id\":\"https:\/\/chateaufonroque.net\/en\/terroir\/\",\"url\":\"https:\/\/chateaufonroque.net\/en\/terroir\/\",\"name\":\"Terroir - Ch\u00e2teau Fonroque\",\"isPartOf\":{\"@id\":\"https:\/\/chateaufonroque.net\/en\/#website\"},\"datePublished\":\"2021-07-08T08:30:23+00:00\",\"dateModified\":\"2023-11-24T10:36:15+00:00\",\"breadcrumb\":{\"@id\":\"https:\/\/chateaufonroque.net\/en\/terroir\/#breadcrumb\"},\"inLanguage\":\"en-US\",\"potentialAction\":[{\"@type\":\"ReadAction\",\"target\":[\"https:\/\/chateaufonroque.net\/en\/terroir\/\"]}]},{\"@type\":\"BreadcrumbList\",\"@id\":\"https:\/\/chateaufonroque.net\/en\/terroir\/#breadcrumb\",\"itemListElement\":[{\"@type\":\"ListItem\",\"position\":1,\"name\":\"Accueil\",\"item\":\"https:\/\/chateaufonroque.net\/en\/\"},{\"@type\":\"ListItem\",\"position\":2,\"name\":\"Terroir\"}]},{\"@type\":\"WebSite\",\"@id\":\"https:\/\/chateaufonroque.net\/en\/#website\",\"url\":\"https:\/\/chateaufonroque.net\/en\/\",\"name\":\"Ch\u00e2teau Fonroque\",\"description\":\"Grand Cru Class\u00e9 Saint-\u00c9milion\",\"potentialAction\":[{\"@type\":\"SearchAction\",\"target\":{\"@type\":\"EntryPoint\",\"urlTemplate\":\"https:\/\/chateaufonroque.net\/en\/?s={search_term_string}\"},\"query-input\":{\"@type\":\"PropertyValueSpecification\",\"valueRequired\":true,\"valueName\":\"search_term_string\"}}],\"inLanguage\":\"en-US\"}]}<\/script>\n<!-- \/ Yoast SEO plugin. -->","yoast_head_json":{"title":"Terroir - Ch\u00e2teau Fonroque","robots":{"index":"index","follow":"follow","max-snippet":"max-snippet:-1","max-image-preview":"max-image-preview:large","max-video-preview":"max-video-preview:-1"},"canonical":"https:\/\/chateaufonroque.net\/en\/terroir\/","og_locale":"en_US","og_type":"article","og_title":"Terroir - Ch\u00e2teau Fonroque","og_description":"[vc_row css_animation=&#8221;&#8221; row_type=&#8221;row&#8221; use_row_as_full_screen_section=&#8221;no&#8221; type=&#8221;grid&#8221; angled_section=&#8221;no&#8221; text_align=&#8221;left&#8221; background_image_as_pattern=&#8221;without_pattern&#8221; background_color=&#8221;#ffffff&#8221; padding_top=&#8221;57&#8243; padding_bottom=&#8221;95&#8243; css=&#8221;.vc_custom_1491234899650{padding-top: 2px !important;padding-right: 2px !important;padding-bottom: 2px !important;padding-left: 2px !important;}&#8221;][vc_column][vc_empty_space height=&#8221;100px&#8221;][vc_column_text] FONROQUE SOILS [\/vc_column_text][vc_separator type=&#8221;small&#8221; position=&#8221;left&#8221; up=&#8221;7&#8243; down=&#8221;38&#8243;][vc_column_text] LIMESTONE LIMESTONE CLAY SANDY LOAMY CLAY [\/vc_column_text][vc_separator type=&#8221;transparent&#8221; up=&#8221;60&#8243; down=&#8221;10&#8243;][vc_column_text el_class=&#8221;justif&#8221;] &nbsp; The Fonroque estate covers 20...","og_url":"https:\/\/chateaufonroque.net\/en\/terroir\/","og_site_name":"Ch\u00e2teau Fonroque","article_modified_time":"2023-11-24T10:36:15+00:00","og_image":[{"width":1200,"height":675,"url":"https:\/\/chateaufonroque.net\/wp-content\/uploads\/2024\/06\/Chateau-Fonroque.webp","type":"image\/webp"}],"twitter_card":"summary_large_image","twitter_misc":{"Est. reading time":"4 minutes"},"schema":{"@context":"https:\/\/schema.org","@graph":[{"@type":"WebPage","@id":"https:\/\/chateaufonroque.net\/en\/terroir\/","url":"https:\/\/chateaufonroque.net\/en\/terroir\/","name":"Terroir - Ch\u00e2teau Fonroque","isPartOf":{"@id":"https:\/\/chateaufonroque.net\/en\/#website"},"datePublished":"2021-07-08T08:30:23+00:00","dateModified":"2023-11-24T10:36:15+00:00","breadcrumb":{"@id":"https:\/\/chateaufonroque.net\/en\/terroir\/#breadcrumb"},"inLanguage":"en-US","potentialAction":[{"@type":"ReadAction","target":["https:\/\/chateaufonroque.net\/en\/terroir\/"]}]},{"@type":"BreadcrumbList","@id":"https:\/\/chateaufonroque.net\/en\/terroir\/#breadcrumb","itemListElement":[{"@type":"ListItem","position":1,"name":"Accueil","item":"https:\/\/chateaufonroque.net\/en\/"},{"@type":"ListItem","position":2,"name":"Terroir"}]},{"@type":"WebSite","@id":"https:\/\/chateaufonroque.net\/en\/#website","url":"https:\/\/chateaufonroque.net\/en\/","name":"Ch\u00e2teau Fonroque","description":"Grand Cru Class\u00e9 Saint-\u00c9milion","potentialAction":[{"@type":"SearchAction","target":{"@type":"EntryPoint","urlTemplate":"https:\/\/chateaufonroque.net\/en\/?s={search_term_string}"},"query-input":{"@type":"PropertyValueSpecification","valueRequired":true,"valueName":"search_term_string"}}],"inLanguage":"en-US"}]}},"_links":{"self":[{"href":"https:\/\/chateaufonroque.net\/en\/wp-json\/wp\/v2\/pages\/16618","targetHints":{"allow":["GET"]}}],"collection":[{"href":"https:\/\/chateaufonroque.net\/en\/wp-json\/wp\/v2\/pages"}],"about":[{"href":"https:\/\/chateaufonroque.net\/en\/wp-json\/wp\/v2\/types\/page"}],"author":[{"embeddable":true,"href":"https:\/\/chateaufonroque.net\/en\/wp-json\/wp\/v2\/users\/1"}],"replies":[{"embeddable":true,"href":"https:\/\/chateaufonroque.net\/en\/wp-json\/wp\/v2\/comments?post=16618"}],"version-history":[{"count":4,"href":"https:\/\/chateaufonroque.net\/en\/wp-json\/wp\/v2\/pages\/16618\/revisions"}],"predecessor-version":[{"id":18228,"href":"https:\/\/chateaufonroque.net\/en\/wp-json\/wp\/v2\/pages\/16618\/revisions\/18228"}],"wp:attachment":[{"href":"https:\/\/chateaufonroque.net\/en\/wp-json\/wp\/v2\/media?parent=16618"}],"curies":[{"name":"wp","href":"https:\/\/api.w.org\/{rel}","templated":true}]}}