{"id":16614,"date":"2021-07-08T10:21:35","date_gmt":"2021-07-08T08:21:35","guid":{"rendered":"http:\/\/chateaufonroque.net\/chateau\/"},"modified":"2021-07-08T10:21:37","modified_gmt":"2021-07-08T08:21:37","slug":"chateau","status":"publish","type":"page","link":"https:\/\/chateaufonroque.net\/en\/chateau\/","title":{"rendered":"Chateau"},"content":{"rendered":"<div class=\"wpb-content-wrapper\"><p>[vc_row css_animation=&#8221;&#8221; row_type=&#8221;row&#8221; use_row_as_full_screen_section=&#8221;no&#8221; type=&#8221;grid&#8221; angled_section=&#8221;no&#8221; text_align=&#8221;left&#8221; background_image_as_pattern=&#8221;without_pattern&#8221; background_color=&#8221;#ffffff&#8221; padding_top=&#8221;57&#8243; padding_bottom=&#8221;95&#8243; css=&#8221;.vc_custom_1491305103430{padding-top: 2px !important;padding-right: 2px !important;padding-bottom: 2px !important;padding-left: 2px !important;background-color: #f2f2f2 !important;}&#8221;][vc_column][vc_separator type=&#8221;transparent&#8221; up=&#8221;45&#8243; down=&#8221;45&#8243;]<div class='testimonials_holder clearfix dark'><div class=\"testimonials testimonials_carousel\" data-show-navigation=\"yes\" data-animation-type=\"fade\" data-animation-speed=\"\" data-auto-rotate-slides=\"10\" data-number-per-slide=\"1\"><ul class=\"slides\"><li id=\"testimonials16934\" class=\"testimonial_content\"><div class=\"testimonial_content_inner\"><div class=\"testimonial_text_holder\"><div class=\"testimonial_text_inner\" style=\"\"><p>Delicate, with finesse, superb crisp fruit and solid density on the mid-palate (..).<\/p><p class=\"testimonial_author\" style=\"\">La Revue du Vin de France<\/p><\/div><\/div><\/div><\/li><li id=\"testimonials16933\" class=\"testimonial_content\"><div class=\"testimonial_content_inner\"><div class=\"testimonial_text_holder\"><div class=\"testimonial_text_inner\" style=\"\"><p>Very fresh, fine, fleshy, delicate, sharp tannins, a fresh, juicy, very velvety finish, bright fruit, very well balanced maturation.<\/p><p class=\"testimonial_author\" style=\"\">Le Point<\/p><\/div><\/div><\/div><\/li><li id=\"testimonials16932\" class=\"testimonial_content\"><div class=\"testimonial_content_inner\"><div class=\"testimonial_text_holder\"><div class=\"testimonial_text_inner\" style=\"\"><p>The bouquet is deep, soft and very tender. The mouthfeel is both nourishing and invigorating, in a velvety and acidic style. A long finish, both sapid and fresh, with a minerality punctuated by cocoa notes.<\/p><p class=\"testimonial_author\" style=\"\">GaultMillau<\/p><\/div><\/div><\/div><\/li><li id=\"testimonials16931\" class=\"testimonial_content\"><div class=\"testimonial_content_inner\"><div class=\"testimonial_text_holder\"><div class=\"testimonial_text_inner\" style=\"\"><p>Even better than last year. Fresh and taut like a classic Burgundy wine. It does not hide its fresh notes of garrigue (herbs) but plays with them. The alcohol, acidity and tannins are in perfect balance with each other.<\/p><p class=\"testimonial_author\" style=\"\">Vinum<\/p><\/div><\/div><\/div><\/li><li id=\"testimonials16930\" class=\"testimonial_content\"><div class=\"testimonial_content_inner\"><div class=\"testimonial_text_holder\"><div class=\"testimonial_text_inner\" style=\"\"><p>A balsamic touch from the oak, fermented aromas due to natural strains, notes of Morello cherry. After aeration, more like thyme than violet. The structure in the mouth is solid, dense, the tannins are plump and juicy, the evolution is fleshy, with mineral notes. Very precise, and a natural balance that brings a nice verticality.<\/p><p class=\"testimonial_author\" style=\"\">Weinverstand<\/p><\/div><\/div><\/div><\/li><li id=\"testimonials16929\" class=\"testimonial_content\"><div class=\"testimonial_content_inner\"><div class=\"testimonial_text_holder\"><div class=\"testimonial_text_inner\" style=\"\"><p>A pure, racy version, with a lovely floral edge to the blood orange, cherry and red currant fruit flowing atop the finely beaded acidity. Offers a long, elegant finish. Very charming.<\/p><p class=\"testimonial_author\" style=\"\">Wine Spectator<\/p><\/div><\/div><\/div><\/li><li id=\"testimonials16928\" class=\"testimonial_content\"><div class=\"testimonial_content_inner\"><div class=\"testimonial_text_holder\"><div class=\"testimonial_text_inner\" style=\"\"><p>Here is a St Emilion with wonderful balance and finesse. Full body, fine tannins finish. Gorgeous wine.<\/p><p class=\"testimonial_author\" style=\"\">JamesSuckling.com<\/p><\/div><\/div><\/div><\/li><li id=\"testimonials16927\" class=\"testimonial_content\"><div class=\"testimonial_content_inner\"><div class=\"testimonial_text_holder\"><div class=\"testimonial_text_inner\" style=\"\"><p>Fonroque has produced a very elegant, medium-bodied, refined, classy wine. A great success.<\/p><p class=\"testimonial_author\" style=\"\">Bernard Burtschy \u2013 Le Figaro Vin<\/p><\/div><\/div><\/div><\/li><li id=\"testimonials16926\" class=\"testimonial_content\"><div class=\"testimonial_content_inner\"><div class=\"testimonial_text_holder\"><div class=\"testimonial_text_inner\" style=\"\"><p>Alain Moueix has managed this Saint-Emilion wine with virtuosity. This year, biodynamic techniques have given it the necessary freshness and the quality of fruit that we love. A must.<\/p><p class=\"testimonial_author\" style=\"\">Le Monde<\/p><\/div><\/div><\/div><\/li><li id=\"testimonials16925\" class=\"testimonial_content\"><div class=\"testimonial_content_inner\"><div class=\"testimonial_text_holder\"><div class=\"testimonial_text_inner\" style=\"\"><p>Classified as \u201cexcellent\u201d<\/p><p class=\"testimonial_author\" style=\"\">Vino!<\/p><\/div><\/div><\/div><\/li><li id=\"testimonials16924\" class=\"testimonial_content\"><div class=\"testimonial_content_inner\"><div class=\"testimonial_text_holder\"><div class=\"testimonial_text_inner\" style=\"\"><p>Ripe, fresh fruit and floral notes can be perceived on aeration (...). The palate is supple, elegant, long, fruity, fresh, with saline notes.<\/p><p class=\"testimonial_author\" style=\"\">Daniel S\u00e9riot<\/p><\/div><\/div><\/div><\/li><li id=\"testimonials16923\" class=\"testimonial_content\"><div class=\"testimonial_content_inner\"><div class=\"testimonial_text_holder\"><div class=\"testimonial_text_inner\" style=\"\"><p>Is it rich or saline? In fact, it is both, with underlying wild berries, cherry and especially flowers. It takes you by the hand and leads you through a magnificent orchard (...).<\/p><p class=\"testimonial_author\" style=\"\">GaultMillau<\/p><\/div><\/div><\/div><\/li><li id=\"testimonials16922\" class=\"testimonial_content\"><div class=\"testimonial_content_inner\"><div class=\"testimonial_text_holder\"><div class=\"testimonial_text_inner\" style=\"\"><p>Fruity bouquet with redcurrant jelly and blackberry. The palate is tender, lively, elegant, very fruity and delicious with a long finish.<\/p><p class=\"testimonial_author\" style=\"\">Le Point<\/p><\/div><\/div><\/div><\/li><li id=\"testimonials16921\" class=\"testimonial_content\"><div class=\"testimonial_content_inner\"><div class=\"testimonial_text_holder\"><div class=\"testimonial_text_inner\" style=\"\"><p>Crimson colour. Fruity and vanilla scented bouquet. Round, juicy, mellow and full of flavour (...).<\/p><p class=\"testimonial_author\" style=\"\">Jean-Marc Quarin<\/p><\/div><\/div><\/div><\/li><li id=\"testimonials16920\" class=\"testimonial_content\"><div class=\"testimonial_content_inner\"><div class=\"testimonial_text_holder\"><div class=\"testimonial_text_inner\" style=\"\"><p>No tricks, very pure fruit, both lively and svelte: a demanding and sincere approach to the vintage<\/p><p class=\"testimonial_author\" style=\"\">My bettane+desseauve<\/p><\/div><\/div><\/div><\/li><\/ul><\/div><\/div>[vc_separator type=&#8221;transparent&#8221; up=&#8221;45&#8243; down=&#8221;45&#8243;][\/vc_column][\/vc_row][vc_row css_animation=&#8221;&#8221; row_type=&#8221;row&#8221; use_row_as_full_screen_section=&#8221;no&#8221; type=&#8221;grid&#8221; angled_section=&#8221;no&#8221; text_align=&#8221;left&#8221; background_image_as_pattern=&#8221;without_pattern&#8221; background_color=&#8221;#ffffff&#8221; padding_top=&#8221;57&#8243; padding_bottom=&#8221;95&#8243; css=&#8221;.vc_custom_1488268338435{padding-top: 2px !important;padding-right: 2px !important;padding-bottom: 2px !important;padding-left: 2px !important;}&#8221;][vc_column][vc_empty_space height=&#8221;100px&#8221;][vc_column_text]<\/p>\n<h2 style=\"text-align: left;\">FROM 1931 TO THE FUTURE<\/h2>\n<p>[\/vc_column_text][vc_separator type=&#8221;small&#8221; position=&#8221;left&#8221; up=&#8221;7&#8243; down=&#8221;38&#8243;][vc_column_text]<\/p>\n<h4 style=\"text-align: left;\">Ch\u00e2teau Fonroque is the old Saint-Emilion home of the Moueix family and has been owned by the Guillard family since 2017<\/h4>\n<p>[\/vc_column_text][vc_separator type=&#8221;transparent&#8221; up=&#8221;20&#8243; down=&#8221;10&#8243;][vc_column_text el_class=&#8221;justif&#8221;]The chateau was acquired by Ad\u00e8le and Jean Moueix in 1931. Their great-grandson Alain Moueix inherited the estate from his father and ran it until 2001. He immediately began using (and gained certification for) an approach that places organic intelligence and observation at the heart of vineyard progress \u2013 biodynamics.[\/vc_column_text][vc_separator type=&#8221;transparent&#8221; up=&#8221;20&#8243; down=&#8221;30&#8243;][vc_column_text el_class=&#8221;justif&#8221;]<strong>Alain Moueix<\/strong> is an agricultural engineer and oenologist. Fostering harmonious resonance across his generous twenty hectares of land remains a top priority for him. The huge attention he pays to soil sustainability and showcasing terroir continues to grow, fed by study of organic phenomena and their pragmatic applications. His aim is to reveal the wines\u2019 radiance and balance using mindful methods. Eighteen years of work with Bordeaux trade and numerous years of enthusiastic and exploratory research have changed the estate and those who live there, with conversion to organic and then biodynamic cultivation. This patient, passionate adventure has resulted in the charming estate gaining the status of the first ever <strong>Grand Cru Class\u00e9 to hold biodynamic certification<\/strong>. It makes a very fine Saint-Emilion wine with a growing international reach and reputation.<\/p>\n<p>The challenges of evolving and adapting are now shaping the chateau\u2019s life and future, with the arrival of the Guillard family, for whom biodynamics was a key selling point and the skills and support of Alain Moueix were vital.[\/vc_column_text][vc_separator type=&#8221;transparent&#8221; up=&#8221;45&#8243; down=&#8221;45&#8243;][\/vc_column][\/vc_row][vc_row css_animation=&#8221;&#8221; row_type=&#8221;row&#8221; use_row_as_full_screen_section=&#8221;no&#8221; type=&#8221;grid&#8221; angled_section=&#8221;no&#8221; text_align=&#8221;left&#8221; background_image_as_pattern=&#8221;without_pattern&#8221; background_color=&#8221;#f2f2f2&#8243; padding_top=&#8221;57&#8243; padding_bottom=&#8221;95&#8243; css=&#8221;.vc_custom_1488268523142{padding-top: 2px !important;padding-right: 2px !important;padding-bottom: 2px !important;padding-left: 2px !important;}&#8221;][vc_column][vc_separator type=&#8221;transparent&#8221; up=&#8221;55&#8243; down=&#8221;45&#8243;][vc_single_image image=&#8221;16537&#8243; img_size=&#8221;595&#215;600&#8243; alignment=&#8221;center&#8221; qode_css_animation=&#8221;&#8221;][vc_separator type=&#8221;transparent&#8221; up=&#8221;55&#8243; down=&#8221;45&#8243;][\/vc_column][\/vc_row]<\/p>\n<\/div>","protected":false},"excerpt":{"rendered":"<p>[vc_row css_animation=&#8221;&#8221; row_type=&#8221;row&#8221; use_row_as_full_screen_section=&#8221;no&#8221; type=&#8221;grid&#8221; angled_section=&#8221;no&#8221; text_align=&#8221;left&#8221; background_image_as_pattern=&#8221;without_pattern&#8221; background_color=&#8221;#ffffff&#8221; padding_top=&#8221;57&#8243; padding_bottom=&#8221;95&#8243; css=&#8221;.vc_custom_1491305103430{padding-top: 2px !important;padding-right: 2px !important;padding-bottom: 2px !important;padding-left: 2px !important;background-color: #f2f2f2 !important;}&#8221;][vc_column][vc_separator type=&#8221;transparent&#8221; up=&#8221;45&#8243; down=&#8221;45&#8243;][vc_separator type=&#8221;transparent&#8221; up=&#8221;45&#8243; down=&#8221;45&#8243;][\/vc_column][\/vc_row][vc_row css_animation=&#8221;&#8221; row_type=&#8221;row&#8221; use_row_as_full_screen_section=&#8221;no&#8221; type=&#8221;grid&#8221; angled_section=&#8221;no&#8221; text_align=&#8221;left&#8221; background_image_as_pattern=&#8221;without_pattern&#8221; background_color=&#8221;#ffffff&#8221; padding_top=&#8221;57&#8243; padding_bottom=&#8221;95&#8243; css=&#8221;.vc_custom_1488268338435{padding-top: 2px !important;padding-right: 2px !important;padding-bottom: 2px !important;padding-left:&#8230;<\/p>\n","protected":false},"author":1,"featured_media":0,"parent":0,"menu_order":0,"comment_status":"closed","ping_status":"closed","template":"full_width.php","meta":{"_acf_changed":false,"footnotes":""},"class_list":["post-16614","page","type-page","status-publish","hentry"],"acf":[],"yoast_head":"<!-- This site is optimized with the Yoast SEO plugin v27.1.1 - https:\/\/yoast.com\/product\/yoast-seo-wordpress\/ -->\n<title>Chateau - Ch\u00e2teau Fonroque<\/title>\n<meta name=\"robots\" content=\"index, follow, max-snippet:-1, max-image-preview:large, max-video-preview:-1\" \/>\n<link rel=\"canonical\" href=\"https:\/\/chateaufonroque.net\/en\/chateau\/\" \/>\n<meta property=\"og:locale\" content=\"en_US\" \/>\n<meta property=\"og:type\" content=\"article\" \/>\n<meta property=\"og:title\" content=\"Chateau - Ch\u00e2teau Fonroque\" \/>\n<meta property=\"og:description\" content=\"[vc_row css_animation=&#8221;&#8221; row_type=&#8221;row&#8221; use_row_as_full_screen_section=&#8221;no&#8221; type=&#8221;grid&#8221; angled_section=&#8221;no&#8221; text_align=&#8221;left&#8221; background_image_as_pattern=&#8221;without_pattern&#8221; background_color=&#8221;#ffffff&#8221; padding_top=&#8221;57&#8243; padding_bottom=&#8221;95&#8243; css=&#8221;.vc_custom_1491305103430{padding-top: 2px !important;padding-right: 2px !important;padding-bottom: 2px !important;padding-left: 2px !important;background-color: #f2f2f2 !important;}&#8221;][vc_column][vc_separator type=&#8221;transparent&#8221; up=&#8221;45&#8243; down=&#8221;45&#8243;][vc_separator type=&#8221;transparent&#8221; up=&#8221;45&#8243; down=&#8221;45&#8243;][\/vc_column][\/vc_row][vc_row css_animation=&#8221;&#8221; row_type=&#8221;row&#8221; use_row_as_full_screen_section=&#8221;no&#8221; type=&#8221;grid&#8221; angled_section=&#8221;no&#8221; text_align=&#8221;left&#8221; background_image_as_pattern=&#8221;without_pattern&#8221; background_color=&#8221;#ffffff&#8221; padding_top=&#8221;57&#8243; padding_bottom=&#8221;95&#8243; css=&#8221;.vc_custom_1488268338435{padding-top: 2px !important;padding-right: 2px !important;padding-bottom: 2px !important;padding-left:...\" \/>\n<meta property=\"og:url\" content=\"https:\/\/chateaufonroque.net\/en\/chateau\/\" \/>\n<meta property=\"og:site_name\" content=\"Ch\u00e2teau Fonroque\" \/>\n<meta property=\"article:modified_time\" content=\"2021-07-08T08:21:37+00:00\" \/>\n<meta property=\"og:image\" content=\"https:\/\/chateaufonroque.net\/wp-content\/uploads\/2024\/06\/Chateau-Fonroque.webp\" \/>\n\t<meta property=\"og:image:width\" content=\"1200\" \/>\n\t<meta property=\"og:image:height\" content=\"675\" \/>\n\t<meta property=\"og:image:type\" content=\"image\/webp\" \/>\n<meta name=\"twitter:card\" content=\"summary_large_image\" \/>\n<meta name=\"twitter:label1\" content=\"Est. reading time\" \/>\n\t<meta name=\"twitter:data1\" content=\"3 minutes\" \/>\n<script type=\"application\/ld+json\" class=\"yoast-schema-graph\">{\"@context\":\"https:\/\/schema.org\",\"@graph\":[{\"@type\":\"WebPage\",\"@id\":\"https:\/\/chateaufonroque.net\/en\/chateau\/\",\"url\":\"https:\/\/chateaufonroque.net\/en\/chateau\/\",\"name\":\"Chateau - Ch\u00e2teau Fonroque\",\"isPartOf\":{\"@id\":\"https:\/\/chateaufonroque.net\/en\/#website\"},\"datePublished\":\"2021-07-08T08:21:35+00:00\",\"dateModified\":\"2021-07-08T08:21:37+00:00\",\"breadcrumb\":{\"@id\":\"https:\/\/chateaufonroque.net\/en\/chateau\/#breadcrumb\"},\"inLanguage\":\"en-US\",\"potentialAction\":[{\"@type\":\"ReadAction\",\"target\":[\"https:\/\/chateaufonroque.net\/en\/chateau\/\"]}]},{\"@type\":\"BreadcrumbList\",\"@id\":\"https:\/\/chateaufonroque.net\/en\/chateau\/#breadcrumb\",\"itemListElement\":[{\"@type\":\"ListItem\",\"position\":1,\"name\":\"Accueil\",\"item\":\"https:\/\/chateaufonroque.net\/en\/\"},{\"@type\":\"ListItem\",\"position\":2,\"name\":\"Chateau\"}]},{\"@type\":\"WebSite\",\"@id\":\"https:\/\/chateaufonroque.net\/en\/#website\",\"url\":\"https:\/\/chateaufonroque.net\/en\/\",\"name\":\"Ch\u00e2teau Fonroque\",\"description\":\"Grand Cru Class\u00e9 Saint-\u00c9milion\",\"potentialAction\":[{\"@type\":\"SearchAction\",\"target\":{\"@type\":\"EntryPoint\",\"urlTemplate\":\"https:\/\/chateaufonroque.net\/en\/?s={search_term_string}\"},\"query-input\":{\"@type\":\"PropertyValueSpecification\",\"valueRequired\":true,\"valueName\":\"search_term_string\"}}],\"inLanguage\":\"en-US\"}]}<\/script>\n<!-- \/ Yoast SEO plugin. -->","yoast_head_json":{"title":"Chateau - Ch\u00e2teau Fonroque","robots":{"index":"index","follow":"follow","max-snippet":"max-snippet:-1","max-image-preview":"max-image-preview:large","max-video-preview":"max-video-preview:-1"},"canonical":"https:\/\/chateaufonroque.net\/en\/chateau\/","og_locale":"en_US","og_type":"article","og_title":"Chateau - Ch\u00e2teau Fonroque","og_description":"[vc_row css_animation=&#8221;&#8221; row_type=&#8221;row&#8221; use_row_as_full_screen_section=&#8221;no&#8221; type=&#8221;grid&#8221; angled_section=&#8221;no&#8221; text_align=&#8221;left&#8221; background_image_as_pattern=&#8221;without_pattern&#8221; background_color=&#8221;#ffffff&#8221; padding_top=&#8221;57&#8243; padding_bottom=&#8221;95&#8243; css=&#8221;.vc_custom_1491305103430{padding-top: 2px !important;padding-right: 2px !important;padding-bottom: 2px !important;padding-left: 2px !important;background-color: #f2f2f2 !important;}&#8221;][vc_column][vc_separator type=&#8221;transparent&#8221; up=&#8221;45&#8243; down=&#8221;45&#8243;][vc_separator type=&#8221;transparent&#8221; up=&#8221;45&#8243; down=&#8221;45&#8243;][\/vc_column][\/vc_row][vc_row css_animation=&#8221;&#8221; row_type=&#8221;row&#8221; use_row_as_full_screen_section=&#8221;no&#8221; type=&#8221;grid&#8221; angled_section=&#8221;no&#8221; text_align=&#8221;left&#8221; background_image_as_pattern=&#8221;without_pattern&#8221; background_color=&#8221;#ffffff&#8221; padding_top=&#8221;57&#8243; padding_bottom=&#8221;95&#8243; css=&#8221;.vc_custom_1488268338435{padding-top: 2px !important;padding-right: 2px !important;padding-bottom: 2px !important;padding-left:...","og_url":"https:\/\/chateaufonroque.net\/en\/chateau\/","og_site_name":"Ch\u00e2teau Fonroque","article_modified_time":"2021-07-08T08:21:37+00:00","og_image":[{"width":1200,"height":675,"url":"https:\/\/chateaufonroque.net\/wp-content\/uploads\/2024\/06\/Chateau-Fonroque.webp","type":"image\/webp"}],"twitter_card":"summary_large_image","twitter_misc":{"Est. reading time":"3 minutes"},"schema":{"@context":"https:\/\/schema.org","@graph":[{"@type":"WebPage","@id":"https:\/\/chateaufonroque.net\/en\/chateau\/","url":"https:\/\/chateaufonroque.net\/en\/chateau\/","name":"Chateau - Ch\u00e2teau Fonroque","isPartOf":{"@id":"https:\/\/chateaufonroque.net\/en\/#website"},"datePublished":"2021-07-08T08:21:35+00:00","dateModified":"2021-07-08T08:21:37+00:00","breadcrumb":{"@id":"https:\/\/chateaufonroque.net\/en\/chateau\/#breadcrumb"},"inLanguage":"en-US","potentialAction":[{"@type":"ReadAction","target":["https:\/\/chateaufonroque.net\/en\/chateau\/"]}]},{"@type":"BreadcrumbList","@id":"https:\/\/chateaufonroque.net\/en\/chateau\/#breadcrumb","itemListElement":[{"@type":"ListItem","position":1,"name":"Accueil","item":"https:\/\/chateaufonroque.net\/en\/"},{"@type":"ListItem","position":2,"name":"Chateau"}]},{"@type":"WebSite","@id":"https:\/\/chateaufonroque.net\/en\/#website","url":"https:\/\/chateaufonroque.net\/en\/","name":"Ch\u00e2teau Fonroque","description":"Grand Cru Class\u00e9 Saint-\u00c9milion","potentialAction":[{"@type":"SearchAction","target":{"@type":"EntryPoint","urlTemplate":"https:\/\/chateaufonroque.net\/en\/?s={search_term_string}"},"query-input":{"@type":"PropertyValueSpecification","valueRequired":true,"valueName":"search_term_string"}}],"inLanguage":"en-US"}]}},"_links":{"self":[{"href":"https:\/\/chateaufonroque.net\/en\/wp-json\/wp\/v2\/pages\/16614","targetHints":{"allow":["GET"]}}],"collection":[{"href":"https:\/\/chateaufonroque.net\/en\/wp-json\/wp\/v2\/pages"}],"about":[{"href":"https:\/\/chateaufonroque.net\/en\/wp-json\/wp\/v2\/types\/page"}],"author":[{"embeddable":true,"href":"https:\/\/chateaufonroque.net\/en\/wp-json\/wp\/v2\/users\/1"}],"replies":[{"embeddable":true,"href":"https:\/\/chateaufonroque.net\/en\/wp-json\/wp\/v2\/comments?post=16614"}],"version-history":[{"count":3,"href":"https:\/\/chateaufonroque.net\/en\/wp-json\/wp\/v2\/pages\/16614\/revisions"}],"predecessor-version":[{"id":16617,"href":"https:\/\/chateaufonroque.net\/en\/wp-json\/wp\/v2\/pages\/16614\/revisions\/16617"}],"wp:attachment":[{"href":"https:\/\/chateaufonroque.net\/en\/wp-json\/wp\/v2\/media?parent=16614"}],"curies":[{"name":"wp","href":"https:\/\/api.w.org\/{rel}","templated":true}]}}